{"id":41213,"date":"2025-07-26T16:08:14","date_gmt":"2025-07-26T20:08:14","guid":{"rendered":"https:\/\/tradafrik.com\/?post_type=product&#038;p=41213"},"modified":"2025-07-26T16:08:16","modified_gmt":"2025-07-26T20:08:16","slug":"import-placeholder-for-4721","status":"publish","type":"product","link":"https:\/\/tradafrik.com\/es\/producto\/import-placeholder-for-4721\/","title":{"rendered":"Import placeholder for 4721"},"content":{"rendered":"<p>\n          Puissance (W): 950.Nombre de fentes: 2.Fentes extra larges: Oui. Fentes longues: non. Fentes extra profondes: non. Largeur de fente variable: non. Touche d&#8217;\u00e9jection: Oui. Ejection du pain: automatique. Centrage automatique du pain: Oui. Tiroir ramasse miettes: Oui. Parois froides: non. Mati\u00e8re du corps de l&#8217;appareil: structure en acier\/ base chrom\u00e9e. Thermostat: Oui (6 positions).emplacement range cordon: Oui. Divers: prise SCHUKO fournie, manette de commande chrom\u00e9e r\u00e9tro\u00e9clair\u00e9e, levier de contr\u00f4le en acier inox. Couleur: vert. Fonction d\u00e9cong\u00e9lation: oui. Fonction r\u00e9chauffage: oui. Autre(s) fonction): bagel (chauffage unilat\u00e9ral).alimentation: 220 &#8211; 240 V. Fr\u00e9quence: 50 &#8211; 60 Hz. Dimensions (cm): 19.8 x 31 x 19.5.Longueur du cordon (m): 1.Largeur de la fente (cm): 3.6.<\/p>\n<\/div>\n<div id=\"technical_details\">\n<table>\n<tr>\n<th>Dimensions du produit (L x l x h)<\/th>\n<td>\u200e31 x 19,5 x 19,8 cm; 3,5 kilogrammes<\/td>\n<\/tr>\n<tr>\n<th>Poids<\/th>\n<td>\u200e3,5 Kilogrammes<\/td>\n<\/tr>\n<tr>\n<th>Instructions sp\u00e9cifiques d&#8217;utilisation<\/th>\n<td>\u200epetit d\u00e9jeuner en famille, cuisine quotidienne, restauration rapide<\/td>\n<\/tr>\n<tr>\n<th>Types de finition<\/th>\n<td>\u200eglossy<\/td>\n<\/tr>\n<tr>\n<th>Compatible lave-vaisselle<\/th>\n<td>\u200eNon<\/td>\n<\/tr>\n<tr>\n<th>Assemblage requis<\/th>\n<td>\u200eNon<\/td>\n<\/tr>\n<tr>\n<th>Nombre de pi\u00e8ces<\/th>\n<td>1<\/td>\n<\/tr>\n<tr>\n<th>Type de garantie<\/th>\n<td>\u200eGarantie fabricant : 2 ans.<\/td>\n<\/tr>\n<tr>\n<th>Piles requises<\/th>\n<td>\u200eNon<\/td>\n<\/tr>\n<tr>\n<th>Disponibilit\u00e9 des pi\u00e8ces d\u00e9tach\u00e9es<\/th>\n<td>\u200e2 Ans<\/td>\n<\/tr>\n<\/table>","protected":false},"excerpt":{"rendered":"<p>Puissance (W): 950.Nombre de fentes: 2.Fentes extra larges: Oui. Fentes longues: non. Fentes extra profondes: non. Largeur de fente variable: non. Touche d&#8217;\u00e9jection: Oui. Ejection du pain: automatique. Centrage automatique&hellip;<\/p>","protected":false},"featured_media":41244,"comment_status":"open","ping_status":"closed","template":"","meta":[],"product_brand":[],"product_cat":[15],"product_tag":[],"class_list":{"0":"post-41213","1":"product","2":"type-product","3":"status-publish","4":"has-post-thumbnail","6":"product_cat-uncategorized","8":"first","9":"instock","10":"shipping-taxable","11":"product-type-simple"},"aioseo_notices":[],"_links":{"self":[{"href":"https:\/\/tradafrik.com\/es\/wp-json\/wp\/v2\/product\/41213","targetHints":{"allow":["GET"]}}],"collection":[{"href":"https:\/\/tradafrik.com\/es\/wp-json\/wp\/v2\/product"}],"about":[{"href":"https:\/\/tradafrik.com\/es\/wp-json\/wp\/v2\/types\/product"}],"replies":[{"embeddable":true,"href":"https:\/\/tradafrik.com\/es\/wp-json\/wp\/v2\/comments?post=41213"}],"wp:featuredmedia":[{"embeddable":true,"href":"https:\/\/tradafrik.com\/es\/wp-json\/wp\/v2\/media\/41244"}],"wp:attachment":[{"href":"https:\/\/tradafrik.com\/es\/wp-json\/wp\/v2\/media?parent=41213"}],"wp:term":[{"taxonomy":"product_brand","embeddable":true,"href":"https:\/\/tradafrik.com\/es\/wp-json\/wp\/v2\/product_brand?post=41213"},{"taxonomy":"product_cat","embeddable":true,"href":"https:\/\/tradafrik.com\/es\/wp-json\/wp\/v2\/product_cat?post=41213"},{"taxonomy":"product_tag","embeddable":true,"href":"https:\/\/tradafrik.com\/es\/wp-json\/wp\/v2\/product_tag?post=41213"}],"curies":[{"name":"wp","href":"https:\/\/api.w.org\/{rel}","templated":true}]}}