{"id":41219,"date":"2025-07-26T16:08:14","date_gmt":"2025-07-26T20:08:14","guid":{"rendered":"https:\/\/tradafrik.com\/?post_type=product&#038;p=41219"},"modified":"2025-07-26T16:08:24","modified_gmt":"2025-07-26T20:08:24","slug":"import-placeholder-for-4759","status":"publish","type":"product","link":"https:\/\/tradafrik.com\/es\/producto\/import-placeholder-for-4759\/","title":{"rendered":"Import placeholder for 4759"},"content":{"rendered":"<p>\n          Bosch KGN33NLEB S\u00e9rie 2 R\u00e9frig\u00e9rateur combin\u00e9 pose-libre Le r\u00e9grig\u00e9rateur combin\u00e9 de Bosh est dot\u00e9 de la technologie MultiAirflow et FreshSence qui permettent une conservation id\u00e9ale des aliments gr\u00e2ce \u00e0 une temp\u00e9rature constante dans l&#8217;appareil. De plus, la partie cong\u00e9lateur pos\u00e8de un mode super cong\u00e9lation afin de vous permette de congeler de mani\u00e8re rapide vos aliments sans faire remonter la temp\u00e9rature lors du chargement de celui-ci. En cas d&#8217;oublie de fermeture de la porte une alarme visuelle et sonore est pr\u00e9sente afin de vous avertir qu&#8217;une porte est ouverte. Caract\u00e9ristiques produits : Volume total : 282 L Consommation \u00e9nerg\u00e9tique : 237 kWh\/an Eclairage LED \u00e0 intensit\u00e9 progressive Alarme visuelle et sonore de porte ouverte Super-cong\u00e9lation avec arr\u00eat automatique Pouvoir de cong\u00e9lation : 10 kg en 24h Autonomie en cas de coupure \u00e9lectrique : 12 h Dimensions (H x L x P) : 176 x 60 x 66 cm Couleur : Inox Bosch &#8211; Des technologies pour la vie : Bosch a pour mission de rendre la vie plus facile en proposant des \u00e9quipements fiables, efficaces, et agr\u00e9ables \u00e0 utiliser, pour vous assurer plus de tranquillit\u00e9 d&#8217;esprit dans votre vie quotidienne. Bosch fut fond\u00e9 en 1886 lorsque Robert Bosch ouvrit son premier atelier d&#8217;ing\u00e9nierie \u00e0 Stuttgart, en Allemagne. Des d\u00e9cennies plus tard, la marque s&#8217;est impos\u00e9e comme une r\u00e9f\u00e9rence de l&#8217;\u00e9lectrom\u00e9nager gr\u00e2ce \u00e0 ses appareils \u00e0 la pointe de la technologie et \u00e0 la qualit\u00e9 toujours plus reconnue.<\/p>\n<\/div>\n<div id=\"technical_details\">\n<table>\n<tr>\n<th>Marque<\/th>\n<td>\u200eBosch Electrom\u00e9nager<\/td>\n<\/tr>\n<tr>\n<th>R\u00e9f\u00e9rence<\/th>\n<td>\u200eKGN33NLEB<\/td>\n<\/tr>\n<tr>\n<th>Dimensions du produit (L x l x h)<\/th>\n<td>\u200e76,3 x 66,5 x 182,2 cm; 63,5 kilogrammes<\/td>\n<\/tr>\n<tr>\n<th>Num\u00e9ro du mod\u00e8le de l&#8217;article<\/th>\n<td>\u200eKGN33NLEB<\/td>\n<\/tr>\n<tr>\n<th>Efficacit\u00e9 \u00e9nerg\u00e9tique (7 niveaux)<\/th>\n<td>\u200eE<\/td>\n<\/tr>\n<tr>\n<th>Consommation d&#8217;\u00e9nergie<\/th>\n<td>\u200e237 kilowattheures par ann\u00e9e<\/td>\n<\/tr>\n<tr>\n<th>Capacit\u00e9<\/th>\n<td>\u200e279 Litres<\/td>\n<\/tr>\n<tr>\n<th>Consommation \u00e9lectrique annuelle<\/th>\n<td>\u200e237 kilowattheures par ann\u00e9e<\/td>\n<\/tr>\n<tr>\n<th>Volume total<\/th>\n<td>\u200e279 Litres<\/td>\n<\/tr>\n<tr>\n<th>Volume r\u00e9frig\u00e9rateur<\/th>\n<td>\u200e193 Litres<\/td>\n<\/tr>\n<tr>\n<th>Volume cong\u00e9lateur<\/th>\n<td>\u200e89 Litres<\/td>\n<\/tr>\n<tr>\n<th>Niveau sonore<\/th>\n<td>\u200e42 dB<\/td>\n<\/tr>\n<tr>\n<th>Type d&#8217;installation<\/th>\n<td>\u200eAutonome<\/td>\n<\/tr>\n<tr>\n<th>R\u00e9f\u00e9rence<\/th>\n<td>\u200eKGN33NLEB<\/td>\n<\/tr>\n<tr>\n<th>Type<\/th>\n<td>\u200eAutonome<\/td>\n<\/tr>\n<tr>\n<th>Particularit\u00e9s<\/th>\n<td>\u200eD\u00e9givrage automatique, Technologie UVnano : beaucoup moins de bact\u00e9ries aux sorties, D\u00e9cong\u00e9lation automatique, Refroidissement \u00e0 air ventil\u00e9 multi-Airflow : circulation de l&#8217;air innovante dans tout l&#8217;int\u00e9rieur<\/td>\n<\/tr>\n<tr>\n<th>Couleur<\/th>\n<td>\u200eInox<\/td>\n<\/tr>\n<tr>\n<th>Tension<\/th>\n<td>\u200e240 Volts<\/td>\n<\/tr>\n<tr>\n<th>Watt<\/th>\n<td>\u200e100 Watts<\/td>\n<\/tr>\n<tr>\n<th>Nombre de tiroirs<\/th>\n<td>\u200e4<\/td>\n<\/tr>\n<tr>\n<th>Type de froid<\/th>\n<td>\u200eAutomatique<\/td>\n<\/tr>\n<tr>\n<th>Porte<\/th>\n<td>\u200eDroite<\/td>\n<\/tr>\n<tr>\n<th>Finition de porte<\/th>\n<td>\u200eAcier inoxydable<\/td>\n<\/tr>\n<tr>\n<th>Type de clayettes<\/th>\n<td>\u200eplastique ou bois<\/td>\n<\/tr>\n<tr>\n<th>Nombre de clayettes<\/th>\n<td>\u200e3<\/td>\n<\/tr>\n<tr>\n<th>Composants inclus<\/th>\n<td>\u200eBosch KVN39IUEC Serie 4 VarioStyle R\u00e9frig\u00e9rateur\/Cong\u00e9lateur autonome \/ E \/ 203 cm \/ 238 kWh\/an \/ porte avant interchangeable Aqua \/ partie r\u00e9frig\u00e9rateur de 279 l \/ partie cong\u00e9lateur de 89 l \/ NoFrost \/ VitaFresh<\/td>\n<\/tr>\n<tr>\n<th>Piles incluses ?<\/th>\n<td>\u200eNon<\/td>\n<\/tr>\n<tr>\n<th>Batterie(s) \/ Pile(s) requise(s)<\/th>\n<td>\u200eNon<\/td>\n<\/tr>\n<tr>\n<th>Poids<\/th>\n<td>\u200e63,5 Kilogrammes<\/td>\n<\/tr>\n<tr>\n<th>Garantie commerciale constructeur<\/th>\n<td>\u200e2 ans<\/td>\n<\/tr>\n<tr>\n<th>Disponibilit\u00e9 des pi\u00e8ces d\u00e9tach\u00e9es<\/th>\n<td>\u200e11 Ans<\/td>\n<\/tr>\n<\/table>","protected":false},"excerpt":{"rendered":"<p>Bosch KGN33NLEB S\u00e9rie 2 R\u00e9frig\u00e9rateur combin\u00e9 pose-libre Le r\u00e9grig\u00e9rateur combin\u00e9 de Bosh est dot\u00e9 de la technologie MultiAirflow et FreshSence qui permettent une conservation id\u00e9ale des aliments gr\u00e2ce \u00e0 une&hellip;<\/p>","protected":false},"featured_media":41289,"comment_status":"open","ping_status":"closed","template":"","meta":[],"product_brand":[],"product_cat":[15],"product_tag":[],"class_list":{"0":"post-41219","1":"product","2":"type-product","3":"status-publish","4":"has-post-thumbnail","6":"product_cat-uncategorized","8":"first","9":"instock","10":"shipping-taxable","11":"product-type-simple"},"aioseo_notices":[],"_links":{"self":[{"href":"https:\/\/tradafrik.com\/es\/wp-json\/wp\/v2\/product\/41219","targetHints":{"allow":["GET"]}}],"collection":[{"href":"https:\/\/tradafrik.com\/es\/wp-json\/wp\/v2\/product"}],"about":[{"href":"https:\/\/tradafrik.com\/es\/wp-json\/wp\/v2\/types\/product"}],"replies":[{"embeddable":true,"href":"https:\/\/tradafrik.com\/es\/wp-json\/wp\/v2\/comments?post=41219"}],"wp:featuredmedia":[{"embeddable":true,"href":"https:\/\/tradafrik.com\/es\/wp-json\/wp\/v2\/media\/41289"}],"wp:attachment":[{"href":"https:\/\/tradafrik.com\/es\/wp-json\/wp\/v2\/media?parent=41219"}],"wp:term":[{"taxonomy":"product_brand","embeddable":true,"href":"https:\/\/tradafrik.com\/es\/wp-json\/wp\/v2\/product_brand?post=41219"},{"taxonomy":"product_cat","embeddable":true,"href":"https:\/\/tradafrik.com\/es\/wp-json\/wp\/v2\/product_cat?post=41219"},{"taxonomy":"product_tag","embeddable":true,"href":"https:\/\/tradafrik.com\/es\/wp-json\/wp\/v2\/product_tag?post=41219"}],"curies":[{"name":"wp","href":"https:\/\/api.w.org\/{rel}","templated":true}]}}