{"id":41221,"date":"2025-07-26T16:08:14","date_gmt":"2025-07-26T20:08:14","guid":{"rendered":"https:\/\/tradafrik.com\/?post_type=product&#038;p=41221"},"modified":"2025-07-26T16:08:26","modified_gmt":"2025-07-26T20:08:26","slug":"import-placeholder-for-4761","status":"publish","type":"product","link":"https:\/\/tradafrik.com\/es\/producto\/import-placeholder-for-4761\/","title":{"rendered":"Import placeholder for 4761"},"content":{"rendered":"<p>\u00c0 propos de cet article CUISSON RAPIDE : \u00c9quip\u00e9 de 4 tubes chauffants, le mini four \u00e9lectrique de 1600W permet un chauffage rapide et homog\u00e8ne pour un meilleur r\u00e9sultat de cuisson, de toast, de d\u00e9cong\u00e9lation, de grillade, de r\u00f4tisserie, etc. CONTR\u00d4LE PR\u00c9CIS : Ce petit four a 3 boutons : d&#8217;une minuterie de 60 minutes avec des \u00e9chelles pr\u00e9cises, d&#8217;un thermostat avec une large plage de temp\u00e9rature 100-230\u2103 et d&#8217;un interrupteur pour 5 modes de chauffage diff\u00e9rents GRANDE CAPACIT\u00c9 : Avec une capacit\u00e9 de 32L, 3 hauteurs r\u00e9glables pour la plaque de cuisson et le positionnement du tournebroche, le mini-four peut facilement vous aider \u00e0 pr\u00e9parer les repas pour la famille. Dimension totale : 51,2&#215;37,5&#215;32,5cm DESIGN S\u00dbR : Ce four \u00e0 poser est dot\u00e9 d&#8217;une porte \u00e0 double vitrage pour la protection contre les explosions et l\u2019isolation thermique, d&#8217;une poign\u00e9e anti-br\u00fblure, des pieds antid\u00e9rapants et de plusieurs trous d&#8217;a\u00e9ration. Certificats: CE, EMC et RoHS NETTOYAGE FACILE : Les accessoires sont lavables au lave-vaisselle, y compris la plaque de cuisson, la grille, la poign\u00e9e de grille, la l\u00e8chefrite et le tournebroche. Toutes les surfaces du four de table peuvent \u00eatre nettoy\u00e9es avec un chiffon humide \u203a Voir plus de d\u00e9tails<\/p>\n<table>\n<tr>\n<th>Marque<\/th>\n<td>\u200eWOLTU<\/td>\n<\/tr>\n<tr>\n<th>Num\u00e9ro de mod\u00e8le<\/th>\n<td>\u200eWOLTU<\/td>\n<\/tr>\n<tr>\n<th>Couleur<\/th>\n<td>\u200eNoir<\/td>\n<\/tr>\n<tr>\n<th>Dimensions du produit (L x l x h)<\/th>\n<td>\u200e30,5 x 51,2 x 30,5 cm; 7 kilogrammes<\/td>\n<\/tr>\n<tr>\n<th>Volume<\/th>\n<td>\u200e32 Litres<\/td>\n<\/tr>\n<tr>\n<th>Tensi\u00f3n<\/th>\n<td>\u200e240 Volts<\/td>\n<\/tr>\n<tr>\n<th>Caract\u00e9ristiques<\/th>\n<td>\u200eFonction de r\u00f4tissoire<\/td>\n<\/tr>\n<tr>\n<th>Poids de l&#8217;article<\/th>\n<td>\u200e7 Kilograms<\/td>\n<\/tr>\n<tr>\n<th>Disponibilit\u00e9 des pi\u00e8ces d\u00e9tach\u00e9es<\/th>\n<td>\u200eInformation indisponible sur les pi\u00e8ces d\u00e9tach\u00e9es<\/td>\n<\/tr>\n<\/table>","protected":false},"excerpt":{"rendered":"<p>\u00c0 propos de cet article CUISSON RAPIDE : \u00c9quip\u00e9 de 4 tubes chauffants, le mini four \u00e9lectrique de 1600W permet un chauffage rapide et homog\u00e8ne pour un meilleur r\u00e9sultat de&hellip;<\/p>","protected":false},"featured_media":41312,"comment_status":"open","ping_status":"closed","template":"","meta":[],"product_brand":[],"product_cat":[15],"product_tag":[],"class_list":{"0":"post-41221","1":"product","2":"type-product","3":"status-publish","4":"has-post-thumbnail","6":"product_cat-uncategorized","8":"first","9":"instock","10":"shipping-taxable","11":"product-type-simple"},"aioseo_notices":[],"_links":{"self":[{"href":"https:\/\/tradafrik.com\/es\/wp-json\/wp\/v2\/product\/41221","targetHints":{"allow":["GET"]}}],"collection":[{"href":"https:\/\/tradafrik.com\/es\/wp-json\/wp\/v2\/product"}],"about":[{"href":"https:\/\/tradafrik.com\/es\/wp-json\/wp\/v2\/types\/product"}],"replies":[{"embeddable":true,"href":"https:\/\/tradafrik.com\/es\/wp-json\/wp\/v2\/comments?post=41221"}],"wp:featuredmedia":[{"embeddable":true,"href":"https:\/\/tradafrik.com\/es\/wp-json\/wp\/v2\/media\/41312"}],"wp:attachment":[{"href":"https:\/\/tradafrik.com\/es\/wp-json\/wp\/v2\/media?parent=41221"}],"wp:term":[{"taxonomy":"product_brand","embeddable":true,"href":"https:\/\/tradafrik.com\/es\/wp-json\/wp\/v2\/product_brand?post=41221"},{"taxonomy":"product_cat","embeddable":true,"href":"https:\/\/tradafrik.com\/es\/wp-json\/wp\/v2\/product_cat?post=41221"},{"taxonomy":"product_tag","embeddable":true,"href":"https:\/\/tradafrik.com\/es\/wp-json\/wp\/v2\/product_tag?post=41221"}],"curies":[{"name":"wp","href":"https:\/\/api.w.org\/{rel}","templated":true}]}}