{"id":41225,"date":"2025-07-26T16:08:14","date_gmt":"2025-07-26T20:08:14","guid":{"rendered":"https:\/\/tradafrik.com\/?post_type=product&#038;p=41225"},"modified":"2025-07-26T16:08:30","modified_gmt":"2025-07-26T20:08:30","slug":"import-placeholder-for-4765","status":"publish","type":"product","link":"https:\/\/tradafrik.com\/es\/producto\/import-placeholder-for-4765\/","title":{"rendered":"Import placeholder for 4765"},"content":{"rendered":"<p>\n          BOMANN est une entreprise familiale de plus de 130 ans sp\u00e9cialis\u00e9e dans les produits \u00e9lectriques. Leur portefeuille d&#8217;appareils \u00e9lectrom\u00e9nagers, large et diversifi\u00e9, offre un large choix de produits test\u00e9s pour en garantir le bon fonctionnement et la conformit\u00e9 selon les normes en vigueur. Toutes les gammes de produits correspondent aux normes europ\u00e9ennes document\u00e9es par le label CE. Largeur : 50 cm4 plaques de cuisson avec interrupteurs 4 tempsCapacit\u00e9 utile du four : 48 litressp\u00e9cificationLargeur 50cm4 plaques chauffantes avec interrupteurs 4 temps2 zones de cuisson : \u00d8 14,5 cm \/ 1 000 W1 plaque de cuisson : \u00d8 18,0 cm \/ 1 500 W1 foyer : \u00d8 18,0 cm \/ 2 000 W (flash)Voyants lumineux de fonctionnement, atteinte de la temp\u00e9rature du fourThermostat du four r\u00e9glable s\u00e9par\u00e9ment Plage de temp\u00e9rature : 40\u00b0C &#8211; 240\u00b0C\u00c9clairage du four (15 W)Capacit\u00e9 du four : 48 litresPorte enti\u00e8rement vitr\u00e9e, double vitrageGrande fen\u00eatre de visualisationPorte du four amovible\u00c9vent arri\u00e8reAvec plateau standard, grille de cuissonCouvercle amovible de l&#8217;appareilPieds r\u00e9glables3 fonctions fourChaleur inf\u00e9rieure (1 000 W)chaleur de vo\u00fbte (800 W)Chaleur double facedonn\u00e9es de consommationConsommation \u00e9nerg\u00e9tique : 0,71 kWhConnexion \u00e9lectriqueTension de connexion : 220-240\/380-415V 3N~ \/ 50 HzCharge connect\u00e9e : 7 300 WFusible : 3 x 16 ADimensions (env. H x L x P) et poidsAppareil : 86,0 x 49,8 x 55,5 cm. Le c\u00e2ble d\u2019alimentation n\u2019est pas fourni et il est n\u00e9cessaire de raccorder la cuisini\u00e8re avec un domino non fourni.<\/p>\n<\/div>\n<div id=\"technical_details\">\n<table>\n<tr>\n<th>Marque<\/th>\n<td>\u200eBomann<\/td>\n<\/tr>\n<tr>\n<th>R\u00e9f\u00e9rence<\/th>\n<td>\u200e756110<\/td>\n<\/tr>\n<tr>\n<th>Dimensions du produit (L x l x h)<\/th>\n<td>\u200e55 x 50 x 85 cm; 10 kilogrammes<\/td>\n<\/tr>\n<tr>\n<th>Num\u00e9ro du mod\u00e8le de l&#8217;article<\/th>\n<td>\u200e756110<\/td>\n<\/tr>\n<tr>\n<th>Efficacit\u00e9 \u00e9nerg\u00e9tique<\/th>\n<td>\u200eA<\/td>\n<\/tr>\n<tr>\n<th>Efficacit\u00e9 \u00e9nerg\u00e9tique (10 niveaux)<\/th>\n<td>\u200eA+++ to D<\/td>\n<\/tr>\n<tr>\n<th>Capacit\u00e9<\/th>\n<td>\u200e48 Litres<\/td>\n<\/tr>\n<tr>\n<th>Consommation \u00e9lectrique annuelle<\/th>\n<td>\u200e2000 Watts<\/td>\n<\/tr>\n<tr>\n<th>Type d&#8217;installation<\/th>\n<td>\u200eAutonome<\/td>\n<\/tr>\n<tr>\n<th>R\u00e9f\u00e9rence<\/th>\n<td>\u200eEH 561<\/td>\n<\/tr>\n<tr>\n<th>Type<\/th>\n<td>\u200eAutonome<\/td>\n<\/tr>\n<tr>\n<th>Particularit\u00e9s<\/th>\n<td>\u200eChaleur vo\u00fbte\/inf\u00e9rieure, 3 fonctions de four, 4 zones de cuisson, Capacit\u00e9 nette du four : 48 l, 1 plaque de cuisson flash<\/td>\n<\/tr>\n<tr>\n<th>Mode de cuisson<\/th>\n<td>\u200eRayonnant<\/td>\n<\/tr>\n<tr>\n<th>Type de foyer<\/th>\n<td>\u200eOuvert<\/td>\n<\/tr>\n<tr>\n<th>Type de tiroir<\/th>\n<td>\u200eChauffant<\/td>\n<\/tr>\n<tr>\n<th>Nombre de foyers<\/th>\n<td>\u200e4<\/td>\n<\/tr>\n<tr>\n<th>Couleur<\/th>\n<td>\u200eWei\u00df<\/td>\n<\/tr>\n<tr>\n<th>Configuration<\/th>\n<td>\u200eBouton<\/td>\n<\/tr>\n<tr>\n<th>Tension<\/th>\n<td>\u200e4 Volts<\/td>\n<\/tr>\n<tr>\n<th>Watt<\/th>\n<td>\u200e4 Watts<\/td>\n<\/tr>\n<tr>\n<th>Type d&#8217;\u00e9nergie utilis\u00e9e<\/th>\n<td>\u200e\u00c9lectrique<\/td>\n<\/tr>\n<tr>\n<th>Mat\u00e9riau<\/th>\n<td>\u200eAcier inoxydable<\/td>\n<\/tr>\n<tr>\n<th>Composants inclus<\/th>\n<td>\u200eCuisini\u00e8re \u00e9l\u00e9ctrique 4 plaques et four de 48L Bomann EH561-blanc<\/td>\n<\/tr>\n<tr>\n<th>Piles incluses ?<\/th>\n<td>\u200eNon<\/td>\n<\/tr>\n<tr>\n<th>Batterie(s) \/ Pile(s) requise(s)<\/th>\n<td>\u200eNon<\/td>\n<\/tr>\n<tr>\n<th>Poids<\/th>\n<td>\u200e10 Kilogrammes<\/td>\n<\/tr>\n<tr>\n<th>Disponibilit\u00e9 des pi\u00e8ces d\u00e9tach\u00e9es<\/th>\n<td>\u200eInformation indisponible sur les pi\u00e8ces d\u00e9tach\u00e9es<\/td>\n<\/tr>\n<\/table>","protected":false},"excerpt":{"rendered":"<p>BOMANN est une entreprise familiale de plus de 130 ans sp\u00e9cialis\u00e9e dans les produits \u00e9lectriques. Leur portefeuille d&#8217;appareils \u00e9lectrom\u00e9nagers, large et diversifi\u00e9, offre un large choix de produits test\u00e9s pour&hellip;<\/p>","protected":false},"featured_media":41341,"comment_status":"open","ping_status":"closed","template":"","meta":[],"product_brand":[],"product_cat":[15],"product_tag":[],"class_list":{"0":"post-41225","1":"product","2":"type-product","3":"status-publish","4":"has-post-thumbnail","6":"product_cat-uncategorized","8":"first","9":"instock","10":"shipping-taxable","11":"product-type-simple"},"aioseo_notices":[],"_links":{"self":[{"href":"https:\/\/tradafrik.com\/es\/wp-json\/wp\/v2\/product\/41225","targetHints":{"allow":["GET"]}}],"collection":[{"href":"https:\/\/tradafrik.com\/es\/wp-json\/wp\/v2\/product"}],"about":[{"href":"https:\/\/tradafrik.com\/es\/wp-json\/wp\/v2\/types\/product"}],"replies":[{"embeddable":true,"href":"https:\/\/tradafrik.com\/es\/wp-json\/wp\/v2\/comments?post=41225"}],"wp:featuredmedia":[{"embeddable":true,"href":"https:\/\/tradafrik.com\/es\/wp-json\/wp\/v2\/media\/41341"}],"wp:attachment":[{"href":"https:\/\/tradafrik.com\/es\/wp-json\/wp\/v2\/media?parent=41225"}],"wp:term":[{"taxonomy":"product_brand","embeddable":true,"href":"https:\/\/tradafrik.com\/es\/wp-json\/wp\/v2\/product_brand?post=41225"},{"taxonomy":"product_cat","embeddable":true,"href":"https:\/\/tradafrik.com\/es\/wp-json\/wp\/v2\/product_cat?post=41225"},{"taxonomy":"product_tag","embeddable":true,"href":"https:\/\/tradafrik.com\/es\/wp-json\/wp\/v2\/product_tag?post=41225"}],"curies":[{"name":"wp","href":"https:\/\/api.w.org\/{rel}","templated":true}]}}