{"id":41232,"date":"2025-07-26T16:08:15","date_gmt":"2025-07-26T20:08:15","guid":{"rendered":"https:\/\/tradafrik.com\/?post_type=product&#038;p=41232"},"modified":"2025-07-26T16:08:38","modified_gmt":"2025-07-26T20:08:38","slug":"import-placeholder-for-4871","status":"publish","type":"product","link":"https:\/\/tradafrik.com\/es\/producto\/import-placeholder-for-4871\/","title":{"rendered":"Import placeholder for 4871"},"content":{"rendered":"<p>\u00c0 propos de cet article Cuisinez de nouvelles saveurs en ext\u00e9rieur avec la plancha au gaz 4 br\u00fbleurs. Dimensions : Plancha + chariot : L 140 x l 55 x H 111cm &#8211; Surface de cuisson : L 77,5 \u00d7 l 34,5cm \u00d7 \u00c9p 0,4cm Mati\u00e8res : Plancha + chariot + panneau de contr\u00f4le : acier isolant &#8211; Plaque de cuisson : acier \u00e9maill\u00e9 lamin\u00e9 \u00e0 froid &#8211; Br\u00fbleurs : acier inoxydable &#8211; Roues : poly\u00e9thyl\u00e8ne Couleurs : Structure + plaque de cuisson : noire &#8211; Panneau de contr\u00f4le + br\u00fbleurs : inox &#8211; Chariot : noir \u00c0 monter (notice incluse) &#8211; Garantie 2 ans &#8211; Livraison en 2 colis en pas de porte, en bas d&#8217;immeuble \u203a Voir plus de d\u00e9tails<\/p>\n<table>\n<tr>\n<th>Hauteur<\/th>\n<td>\u200e24 centim\u00e8tres<\/td>\n<\/tr>\n<tr>\n<th>Longueur<\/th>\n<td>\u200e81 centim\u00e8tres<\/td>\n<\/tr>\n<tr>\n<th>Largeur<\/th>\n<td>\u200e47 centim\u00e8tres<\/td>\n<\/tr>\n<tr>\n<th>Type de mat\u00e9riau<\/th>\n<td>\u200eacier isolant, \u00e9maill\u00e9 lamin\u00e9 \u00e0 froid, inoxydable<\/td>\n<\/tr>\n<tr>\n<th>Disponibilit\u00e9 des pi\u00e8ces d\u00e9tach\u00e9es<\/th>\n<td>\u200eInformation indisponible sur les pi\u00e8ces d\u00e9tach\u00e9es<\/td>\n<\/tr>\n<\/table>","protected":false},"excerpt":{"rendered":"<p>\u00c0 propos de cet article Cuisinez de nouvelles saveurs en ext\u00e9rieur avec la plancha au gaz 4 br\u00fbleurs. Dimensions : Plancha + chariot : L 140 x l 55 x&hellip;<\/p>","protected":false},"featured_media":41399,"comment_status":"open","ping_status":"closed","template":"","meta":[],"product_brand":[],"product_cat":[15],"product_tag":[],"class_list":{"0":"post-41232","1":"product","2":"type-product","3":"status-publish","4":"has-post-thumbnail","6":"product_cat-uncategorized","8":"first","9":"instock","10":"shipping-taxable","11":"product-type-simple"},"aioseo_notices":[],"_links":{"self":[{"href":"https:\/\/tradafrik.com\/es\/wp-json\/wp\/v2\/product\/41232","targetHints":{"allow":["GET"]}}],"collection":[{"href":"https:\/\/tradafrik.com\/es\/wp-json\/wp\/v2\/product"}],"about":[{"href":"https:\/\/tradafrik.com\/es\/wp-json\/wp\/v2\/types\/product"}],"replies":[{"embeddable":true,"href":"https:\/\/tradafrik.com\/es\/wp-json\/wp\/v2\/comments?post=41232"}],"wp:featuredmedia":[{"embeddable":true,"href":"https:\/\/tradafrik.com\/es\/wp-json\/wp\/v2\/media\/41399"}],"wp:attachment":[{"href":"https:\/\/tradafrik.com\/es\/wp-json\/wp\/v2\/media?parent=41232"}],"wp:term":[{"taxonomy":"product_brand","embeddable":true,"href":"https:\/\/tradafrik.com\/es\/wp-json\/wp\/v2\/product_brand?post=41232"},{"taxonomy":"product_cat","embeddable":true,"href":"https:\/\/tradafrik.com\/es\/wp-json\/wp\/v2\/product_cat?post=41232"},{"taxonomy":"product_tag","embeddable":true,"href":"https:\/\/tradafrik.com\/es\/wp-json\/wp\/v2\/product_tag?post=41232"}],"curies":[{"name":"wp","href":"https:\/\/api.w.org\/{rel}","templated":true}]}}