{"id":41387,"date":"2025-07-26T16:08:37","date_gmt":"2025-07-26T20:08:37","guid":{"rendered":"https:\/\/tradafrik.com\/?post_type=product&#038;p=41387"},"modified":"2025-07-26T17:02:17","modified_gmt":"2025-07-26T21:02:17","slug":"import-placeholder-for-4943","status":"publish","type":"product","link":"https:\/\/tradafrik.com\/es\/producto\/import-placeholder-for-4943\/","title":{"rendered":"Import placeholder for 4943"},"content":{"rendered":"<p>           Description :<br \/>\n             \u00c9tapes de production :<br \/>\n             1. Mettez la p\u00e2te dans l&#8217;entr\u00e9e sup\u00e9rieure du rouleau<br \/>\n             2. La p\u00e2te est press\u00e9e en une forme ovale par le rouleau<br \/>\n             3. Tournez le p\u00e2te ovale dans le rouleau inf\u00e9rieur \u00e0 la main<br \/>\n             4. Appuyez sur le rouleau inf\u00e9rieur pour faire une pizza ronde<br \/>\n             Sp\u00e9cification :<br \/>\n             12 pouces (30 cm) :<br \/>\n             Pizza taille 10 -30 cm (3-12 pouces)<br \/>\n             \u00c9paisseur de la pizza 1-5,5 mm<br \/>\n             Poids de la p\u00e2te 50-500g<br \/>\n             Tension : 220v\/110v 50\/60hz<br \/>\n             Puissance : 370w<br \/>\n             Poids net : 37 kg<br \/>\n             Taille de la machine 480 x 520 x 620 mm<br \/>\n             Poids du colis : 55 kg<br \/>\n             15 pouces (40 cm) :<br \/>\n             Taille de la pizza 10-40 cm (3-15 pouces)<br \/>\n             \u00c9paisseur de la pizza 1-5,5 mm<br \/>\n             Poids de la p\u00e2te 50-500g<br \/>\n             Tension : 220v\/110v 50\/60hz<br \/>\n             Puissance : 370w<br \/>\n             Poids net : 40kg<br \/>\n             Taille de la machine 530x530x645mm<br \/>\n             Poids du colis : 60kg<br \/>\n             ???? En raison de la lumi\u00e8re de l&#8217;angle de prise de vue, la couleur peut avoir quelques \u00e9carts, et la taille peut avoir une erreur de 1-2cm, j&#8217;esp\u00e8re comprendre.<br \/>\n             Contactez-nous : si vous avez des questions ou des besoins, vous pouvez contacter nous \u00e0 tout moment.\n          <\/p>\n<\/div>\n<div id=\"technical_details\">\n<table>\n<tr>\n<th>Num\u00e9ro de mod\u00e8le<\/th>\n<td>\u200eWJ-0107-4107<\/td>\n<\/tr>\n<tr>\n<th>Couleur<\/th>\n<td>\u200e40cm<\/td>\n<\/tr>\n<tr>\n<th>Poids de l&#8217;article<\/th>\n<td>\u200e40 kilogrammes<\/td>\n<\/tr>\n<tr>\n<th>Mat\u00e9riau<\/th>\n<td>\u200eAcier inoxydable<\/td>\n<\/tr>\n<tr>\n<th>Poids de l&#8217;article<\/th>\n<td>\u200e40 Kilograms<\/td>\n<\/tr>\n<tr>\n<th>Disponibilit\u00e9 des pi\u00e8ces d\u00e9tach\u00e9es<\/th>\n<td>\u200eInformation indisponible sur les pi\u00e8ces d\u00e9tach\u00e9es<\/td>\n<\/tr>\n<\/table>","protected":false},"excerpt":{"rendered":"<p>Description : \u00c9tapes de production : 1. Mettez la p\u00e2te dans l&#8217;entr\u00e9e sup\u00e9rieure du rouleau 2. La p\u00e2te est press\u00e9e en une forme ovale par le rouleau 3. Tournez le&hellip;<\/p>","protected":false},"featured_media":41491,"comment_status":"open","ping_status":"closed","template":"","meta":[],"product_brand":[],"product_cat":[340],"product_tag":[],"class_list":{"0":"post-41387","1":"product","2":"type-product","3":"status-publish","4":"has-post-thumbnail","6":"product_cat-home-appliance","8":"first","9":"instock","10":"shipping-taxable","11":"product-type-simple"},"aioseo_notices":[],"_links":{"self":[{"href":"https:\/\/tradafrik.com\/es\/wp-json\/wp\/v2\/product\/41387","targetHints":{"allow":["GET"]}}],"collection":[{"href":"https:\/\/tradafrik.com\/es\/wp-json\/wp\/v2\/product"}],"about":[{"href":"https:\/\/tradafrik.com\/es\/wp-json\/wp\/v2\/types\/product"}],"replies":[{"embeddable":true,"href":"https:\/\/tradafrik.com\/es\/wp-json\/wp\/v2\/comments?post=41387"}],"wp:featuredmedia":[{"embeddable":true,"href":"https:\/\/tradafrik.com\/es\/wp-json\/wp\/v2\/media\/41491"}],"wp:attachment":[{"href":"https:\/\/tradafrik.com\/es\/wp-json\/wp\/v2\/media?parent=41387"}],"wp:term":[{"taxonomy":"product_brand","embeddable":true,"href":"https:\/\/tradafrik.com\/es\/wp-json\/wp\/v2\/product_brand?post=41387"},{"taxonomy":"product_cat","embeddable":true,"href":"https:\/\/tradafrik.com\/es\/wp-json\/wp\/v2\/product_cat?post=41387"},{"taxonomy":"product_tag","embeddable":true,"href":"https:\/\/tradafrik.com\/es\/wp-json\/wp\/v2\/product_tag?post=41387"}],"curies":[{"name":"wp","href":"https:\/\/api.w.org\/{rel}","templated":true}]}}