{"id":41389,"date":"2025-07-26T16:08:37","date_gmt":"2025-07-26T20:08:37","guid":{"rendered":"https:\/\/tradafrik.com\/?post_type=product&#038;p=41389"},"modified":"2025-07-26T16:08:57","modified_gmt":"2025-07-26T20:08:57","slug":"import-placeholder-for-4999","status":"publish","type":"product","link":"https:\/\/tradafrik.com\/es\/producto\/import-placeholder-for-4999\/","title":{"rendered":"Import placeholder for 4999"},"content":{"rendered":"<p>\n          Micro-ondes facile \u00e0 nettoyer avec Easy Clean. Chauffage plus uniforme avec I-wave. Dor\u00e9 uniforme avec le grill \u00e0 quartz. Micro-ondes 2 en 1 et grill.<\/p>\n<\/div>\n<div id=\"technical_details\">\n<table>\n<tr>\n<th>Marque<\/th>\n<td>\u200eLG<\/td>\n<\/tr>\n<tr>\n<th>R\u00e9f\u00e9rence<\/th>\n<td>\u200eMH6042D.BBKQEUS<\/td>\n<\/tr>\n<tr>\n<th>Dimensions du produit (L x l x h)<\/th>\n<td>\u200e25,2 x 45,5 x 32 cm; 9,6 kilogrammes<\/td>\n<\/tr>\n<tr>\n<th>Num\u00e9ro du mod\u00e8le de l&#8217;article<\/th>\n<td>\u200eMH6042D.BBKQEUS<\/td>\n<\/tr>\n<tr>\n<th>Efficacit\u00e9 \u00e9nerg\u00e9tique<\/th>\n<td>\u200eA<\/td>\n<\/tr>\n<tr>\n<th>Efficacit\u00e9 \u00e9nerg\u00e9tique (10 niveaux)<\/th>\n<td>\u200eA++ to E<\/td>\n<\/tr>\n<tr>\n<th>Capacit\u00e9<\/th>\n<td>\u200e20 Litres<\/td>\n<\/tr>\n<tr>\n<th>Type d&#8217;installation<\/th>\n<td>\u200eAu-dessus d&#8217;une cuisini\u00e8re<\/td>\n<\/tr>\n<tr>\n<th>R\u00e9f\u00e9rence<\/th>\n<td>\u200eMH6042D.BBKQEUS<\/td>\n<\/tr>\n<tr>\n<th>Particularit\u00e9s<\/th>\n<td>\u200eD\u00e9cong\u00e9lation, S\u00e9curit\u00e9 de panneau de commande, Minuteur<\/td>\n<\/tr>\n<tr>\n<th>Mode de cuisson<\/th>\n<td>\u200erayonnement infrarouge<\/td>\n<\/tr>\n<tr>\n<th>Couleur<\/th>\n<td>\u200eNoir<\/td>\n<\/tr>\n<tr>\n<th>Tension<\/th>\n<td>\u200e2.3E+2 Volts<\/td>\n<\/tr>\n<tr>\n<th>Watt<\/th>\n<td>\u200e700 Watts<\/td>\n<\/tr>\n<tr>\n<th>Type d&#8217;\u00e9nergie utilis\u00e9e<\/th>\n<td>\u200e\u00c9lectrique<\/td>\n<\/tr>\n<tr>\n<th>Type de froid<\/th>\n<td>\u200eD\u00e9givrage<\/td>\n<\/tr>\n<tr>\n<th>Mat\u00e9riau<\/th>\n<td>\u200eAcier inoxydable<\/td>\n<\/tr>\n<tr>\n<th>Rev\u00eatement int\u00e9rieur<\/th>\n<td>\u200eAcier inoxydable<\/td>\n<\/tr>\n<tr>\n<th>Batterie(s) \/ Pile(s) requise(s)<\/th>\n<td>\u200eNon<\/td>\n<\/tr>\n<tr>\n<th>Poids<\/th>\n<td>\u200e9,6 Kilogrammes<\/td>\n<\/tr>\n<tr>\n<th>Disponibilit\u00e9 des pi\u00e8ces d\u00e9tach\u00e9es<\/th>\n<td>\u200eInformation indisponible sur les pi\u00e8ces d\u00e9tach\u00e9es<\/td>\n<\/tr>\n<\/table>","protected":false},"excerpt":{"rendered":"<p>Micro-ondes facile \u00e0 nettoyer avec Easy Clean. Chauffage plus uniforme avec I-wave. Dor\u00e9 uniforme avec le grill \u00e0 quartz. Micro-ondes 2 en 1 et grill. Marque \u200eLG R\u00e9f\u00e9rence \u200eMH6042D.BBKQEUS Dimensions&hellip;<\/p>","protected":false},"featured_media":41505,"comment_status":"open","ping_status":"closed","template":"","meta":[],"product_brand":[],"product_cat":[15],"product_tag":[],"class_list":{"0":"post-41389","1":"product","2":"type-product","3":"status-publish","4":"has-post-thumbnail","6":"product_cat-uncategorized","8":"first","9":"instock","10":"shipping-taxable","11":"product-type-simple"},"aioseo_notices":[],"_links":{"self":[{"href":"https:\/\/tradafrik.com\/es\/wp-json\/wp\/v2\/product\/41389","targetHints":{"allow":["GET"]}}],"collection":[{"href":"https:\/\/tradafrik.com\/es\/wp-json\/wp\/v2\/product"}],"about":[{"href":"https:\/\/tradafrik.com\/es\/wp-json\/wp\/v2\/types\/product"}],"replies":[{"embeddable":true,"href":"https:\/\/tradafrik.com\/es\/wp-json\/wp\/v2\/comments?post=41389"}],"wp:featuredmedia":[{"embeddable":true,"href":"https:\/\/tradafrik.com\/es\/wp-json\/wp\/v2\/media\/41505"}],"wp:attachment":[{"href":"https:\/\/tradafrik.com\/es\/wp-json\/wp\/v2\/media?parent=41389"}],"wp:term":[{"taxonomy":"product_brand","embeddable":true,"href":"https:\/\/tradafrik.com\/es\/wp-json\/wp\/v2\/product_brand?post=41389"},{"taxonomy":"product_cat","embeddable":true,"href":"https:\/\/tradafrik.com\/es\/wp-json\/wp\/v2\/product_cat?post=41389"},{"taxonomy":"product_tag","embeddable":true,"href":"https:\/\/tradafrik.com\/es\/wp-json\/wp\/v2\/product_tag?post=41389"}],"curies":[{"name":"wp","href":"https:\/\/api.w.org\/{rel}","templated":true}]}}