{"id":41522,"date":"2025-07-26T16:08:59","date_gmt":"2025-07-26T20:08:59","guid":{"rendered":"https:\/\/tradafrik.com\/?post_type=product&#038;p=41522"},"modified":"2025-07-26T16:11:32","modified_gmt":"2025-07-26T20:11:32","slug":"import-placeholder-for-5093","status":"publish","type":"product","link":"https:\/\/tradafrik.com\/es\/producto\/import-placeholder-for-5093\/","title":{"rendered":"Import placeholder for 5093"},"content":{"rendered":"<p>\n          Ce mini four \u00e9lectrique de 56 L apporte une grande commodit\u00e9 et du plaisir \u00e0 votre vie en cuisine gr\u00e2ce \u00e0 sa puissante puissance de 2 000 W, sa conception de cuisson multifonctionnelle, ses fonctions de temp\u00e9rature et de minuterie r\u00e9glables et sa capacit\u00e9 spacieuse.<br \/>\n            Sp\u00e9cification:<br \/>\n            Nom du produit: fours \u00e0 gril de Table de cuisine<br \/>\n            Capacit\u00e9 nominale : 56L<br \/>\n            Puissance nominale : 2000W<br \/>\n            Couleur du produit : blanc<br \/>\n            Poids du produit : 14 kg<br \/>\n            Taille du produit: 540*390*350mm<br \/>\n            \u00c9tat : Nouveau<br \/>\n            Nombre d&#8217;unit\u00e9s : 1<br \/>\n            identifiant du produit standard : 1<br \/>\n            Nourrir lD : 1<br \/>\n            Liste de colisage:<br \/>\n            1 x four \u00e9lectrique<\/p>\n<\/div>\n<div id=\"technical_details\">\n<table>\n<tr>\n<th>Marque<\/th>\n<td>\u200egeneric<\/td>\n<\/tr>\n<tr>\n<th>Num\u00e9ro de mod\u00e8le<\/th>\n<td>\u200e6093432038943<\/td>\n<\/tr>\n<tr>\n<th>Capacit\u00e9<\/th>\n<td>\u200e56 Litres<\/td>\n<\/tr>\n<tr>\n<th>Disponibilit\u00e9 des pi\u00e8ces d\u00e9tach\u00e9es<\/th>\n<td>\u200eInformation indisponible sur les pi\u00e8ces d\u00e9tach\u00e9es<\/td>\n<\/tr>\n<\/table>","protected":false},"excerpt":{"rendered":"<p>Ce mini four \u00e9lectrique de 56 L apporte une grande commodit\u00e9 et du plaisir \u00e0 votre vie en cuisine gr\u00e2ce \u00e0 sa puissante puissance de 2 000 W, sa conception&hellip;<\/p>","protected":false},"featured_media":41645,"comment_status":"open","ping_status":"closed","template":"","meta":[],"product_brand":[],"product_cat":[340],"product_tag":[],"class_list":{"0":"post-41522","1":"product","2":"type-product","3":"status-publish","4":"has-post-thumbnail","6":"product_cat-home-appliance","8":"first","9":"instock","10":"shipping-taxable","11":"product-type-simple"},"aioseo_notices":[],"_links":{"self":[{"href":"https:\/\/tradafrik.com\/es\/wp-json\/wp\/v2\/product\/41522","targetHints":{"allow":["GET"]}}],"collection":[{"href":"https:\/\/tradafrik.com\/es\/wp-json\/wp\/v2\/product"}],"about":[{"href":"https:\/\/tradafrik.com\/es\/wp-json\/wp\/v2\/types\/product"}],"replies":[{"embeddable":true,"href":"https:\/\/tradafrik.com\/es\/wp-json\/wp\/v2\/comments?post=41522"}],"wp:featuredmedia":[{"embeddable":true,"href":"https:\/\/tradafrik.com\/es\/wp-json\/wp\/v2\/media\/41645"}],"wp:attachment":[{"href":"https:\/\/tradafrik.com\/es\/wp-json\/wp\/v2\/media?parent=41522"}],"wp:term":[{"taxonomy":"product_brand","embeddable":true,"href":"https:\/\/tradafrik.com\/es\/wp-json\/wp\/v2\/product_brand?post=41522"},{"taxonomy":"product_cat","embeddable":true,"href":"https:\/\/tradafrik.com\/es\/wp-json\/wp\/v2\/product_cat?post=41522"},{"taxonomy":"product_tag","embeddable":true,"href":"https:\/\/tradafrik.com\/es\/wp-json\/wp\/v2\/product_tag?post=41522"}],"curies":[{"name":"wp","href":"https:\/\/api.w.org\/{rel}","templated":true}]}}