{"id":41212,"date":"2025-07-26T16:08:14","date_gmt":"2025-07-26T20:08:14","guid":{"rendered":"https:\/\/tradafrik.com\/?post_type=product&#038;p=41212"},"modified":"2025-07-26T16:08:16","modified_gmt":"2025-07-26T20:08:16","slug":"import-placeholder-for-4718","status":"publish","type":"product","link":"https:\/\/tradafrik.com\/fr\/produit\/import-placeholder-for-4718\/","title":{"rendered":"Import placeholder for 4718"},"content":{"rendered":"<p>Lave-linge WHIRLPOOL 6 kg TDLR6251BFR<\/p>\n<div id=\"technical_details\">\n<table>\n<tbody>\n<tr>\n<th>Marque<\/th>\n<td>\u200eWhirlpool<\/td>\n<\/tr>\n<tr>\n<th>Capacit\u00e9<\/th>\n<td>\u200e6 Kilogrammes<\/td>\n<\/tr>\n<tr>\n<th>Type d&#8217;installation<\/th>\n<td>\u200eComptoir<\/td>\n<\/tr>\n<tr>\n<th>Particularit\u00e9s<\/th>\n<td>\u200eTop load<\/td>\n<\/tr>\n<tr>\n<th>Couleur<\/th>\n<td>\u200eBlanc<\/td>\n<\/tr>\n<tr>\n<th>Configuration<\/th>\n<td>\u200eBouton<\/td>\n<\/tr>\n<tr>\n<th>Type de chargement<\/th>\n<td>\u200eCharge sup\u00e9rieure<\/td>\n<\/tr>\n<tr>\n<th>Tension<\/th>\n<td>\u200e2.2E+2 Volts<\/td>\n<\/tr>\n<tr>\n<th>Disponibilit\u00e9 des pi\u00e8ces d\u00e9tach\u00e9es<\/th>\n<td>\u200eInformation indisponible sur les pi\u00e8ces d\u00e9tach\u00e9es<\/td>\n<\/tr>\n<\/tbody>\n<\/table>\n<\/div>","protected":false},"excerpt":{"rendered":"<p>Lave-linge WHIRLPOOL 6 kg TDLR6251BFR Marque \u200eWhirlpool Capacit\u00e9 \u200e6 Kilogrammes Type d&#8217;installation \u200eComptoir Particularit\u00e9s \u200eTop load Couleur \u200eBlanc Configuration \u200eBouton Type de chargement \u200eCharge sup\u00e9rieure Tension \u200e2.2E+2 Volts Disponibilit\u00e9 des&hellip;<\/p>","protected":false},"featured_media":41242,"comment_status":"open","ping_status":"closed","template":"","meta":[],"product_brand":[],"product_cat":[15],"product_tag":[],"class_list":{"0":"post-41212","1":"product","2":"type-product","3":"status-publish","4":"has-post-thumbnail","6":"product_cat-uncategorized","8":"first","9":"instock","10":"shipping-taxable","11":"product-type-simple"},"aioseo_notices":[],"_links":{"self":[{"href":"https:\/\/tradafrik.com\/fr\/wp-json\/wp\/v2\/product\/41212","targetHints":{"allow":["GET"]}}],"collection":[{"href":"https:\/\/tradafrik.com\/fr\/wp-json\/wp\/v2\/product"}],"about":[{"href":"https:\/\/tradafrik.com\/fr\/wp-json\/wp\/v2\/types\/product"}],"replies":[{"embeddable":true,"href":"https:\/\/tradafrik.com\/fr\/wp-json\/wp\/v2\/comments?post=41212"}],"wp:featuredmedia":[{"embeddable":true,"href":"https:\/\/tradafrik.com\/fr\/wp-json\/wp\/v2\/media\/41242"}],"wp:attachment":[{"href":"https:\/\/tradafrik.com\/fr\/wp-json\/wp\/v2\/media?parent=41212"}],"wp:term":[{"taxonomy":"product_brand","embeddable":true,"href":"https:\/\/tradafrik.com\/fr\/wp-json\/wp\/v2\/product_brand?post=41212"},{"taxonomy":"product_cat","embeddable":true,"href":"https:\/\/tradafrik.com\/fr\/wp-json\/wp\/v2\/product_cat?post=41212"},{"taxonomy":"product_tag","embeddable":true,"href":"https:\/\/tradafrik.com\/fr\/wp-json\/wp\/v2\/product_tag?post=41212"}],"curies":[{"name":"wp","href":"https:\/\/api.w.org\/{rel}","templated":true}]}}