{"id":41223,"date":"2025-07-26T16:08:14","date_gmt":"2025-07-26T20:08:14","guid":{"rendered":"https:\/\/tradafrik.com\/?post_type=product&#038;p=41223"},"modified":"2025-07-26T16:08:28","modified_gmt":"2025-07-26T20:08:28","slug":"import-placeholder-for-4763","status":"publish","type":"product","link":"https:\/\/tradafrik.com\/fr\/produit\/import-placeholder-for-4763\/","title":{"rendered":"Import placeholder for 4763"},"content":{"rendered":"<p>\u00c0 propos de cet article Grand volume de 45 litres Sans danger &#8211; r\u00e9cipient en polycarbonate de qualit\u00e9 alimentaire et sans BPA R\u00e9cipients en polycarbonate exempt de BPA et adapt\u00e9 au contact avec les aliments \u00c9conomies d\u2019\u00e9nergie &#8211; appareil rentable et peu couteux \u00e0 utiliser Cycle de marche de 8 \u00e0 12 heures gr\u00e2ce \u00e0 une construction Heavy Duty \u203a Voir plus de d\u00e9tails<\/p>\n<table>\n<tr>\n<th>Marque<\/th>\n<td>\u200eRoyal Catering<\/td>\n<\/tr>\n<tr>\n<th>Num\u00e9ro de mod\u00e8le<\/th>\n<td>\u200eRCSL 3\/15<\/td>\n<\/tr>\n<tr>\n<th>Couleur<\/th>\n<td>\u200e15 L<\/td>\n<\/tr>\n<tr>\n<th>Dimensions du produit (L x l x h)<\/th>\n<td>\u200e69,5 x 61,5 x 79,8 cm; 61,6 kilogrammes<\/td>\n<\/tr>\n<tr>\n<th>Capacit\u00e9<\/th>\n<td>\u200e45 Litres<\/td>\n<\/tr>\n<tr>\n<th>Volume<\/th>\n<td>\u200e15 Litres<\/td>\n<\/tr>\n<tr>\n<th>Puissance<\/th>\n<td>\u200e900.00<\/td>\n<\/tr>\n<tr>\n<th>Mat\u00e9riau<\/th>\n<td>\u200ePolycarbonate (PC)<\/td>\n<\/tr>\n<tr>\n<th>Caract\u00e9ristiques<\/th>\n<td>\u200eM\u00e9lange de glace sans grumeaux et cycle de longue dur\u00e9e<\/td>\n<\/tr>\n<tr>\n<th>Poids de l&#8217;article<\/th>\n<td>\u200e61,6 Kilograms<\/td>\n<\/tr>\n<tr>\n<th>Disponibilit\u00e9 des pi\u00e8ces d\u00e9tach\u00e9es<\/th>\n<td>\u200eInformation indisponible sur les pi\u00e8ces d\u00e9tach\u00e9es<\/td>\n<\/tr>\n<\/table>","protected":false},"excerpt":{"rendered":"<p>\u00c0 propos de cet article Grand volume de 45 litres Sans danger &#8211; r\u00e9cipient en polycarbonate de qualit\u00e9 alimentaire et sans BPA R\u00e9cipients en polycarbonate exempt de BPA et adapt\u00e9&hellip;<\/p>","protected":false},"featured_media":41327,"comment_status":"open","ping_status":"closed","template":"","meta":[],"product_brand":[],"product_cat":[15],"product_tag":[],"class_list":{"0":"post-41223","1":"product","2":"type-product","3":"status-publish","4":"has-post-thumbnail","6":"product_cat-uncategorized","8":"first","9":"instock","10":"shipping-taxable","11":"product-type-simple"},"aioseo_notices":[],"_links":{"self":[{"href":"https:\/\/tradafrik.com\/fr\/wp-json\/wp\/v2\/product\/41223","targetHints":{"allow":["GET"]}}],"collection":[{"href":"https:\/\/tradafrik.com\/fr\/wp-json\/wp\/v2\/product"}],"about":[{"href":"https:\/\/tradafrik.com\/fr\/wp-json\/wp\/v2\/types\/product"}],"replies":[{"embeddable":true,"href":"https:\/\/tradafrik.com\/fr\/wp-json\/wp\/v2\/comments?post=41223"}],"wp:featuredmedia":[{"embeddable":true,"href":"https:\/\/tradafrik.com\/fr\/wp-json\/wp\/v2\/media\/41327"}],"wp:attachment":[{"href":"https:\/\/tradafrik.com\/fr\/wp-json\/wp\/v2\/media?parent=41223"}],"wp:term":[{"taxonomy":"product_brand","embeddable":true,"href":"https:\/\/tradafrik.com\/fr\/wp-json\/wp\/v2\/product_brand?post=41223"},{"taxonomy":"product_cat","embeddable":true,"href":"https:\/\/tradafrik.com\/fr\/wp-json\/wp\/v2\/product_cat?post=41223"},{"taxonomy":"product_tag","embeddable":true,"href":"https:\/\/tradafrik.com\/fr\/wp-json\/wp\/v2\/product_tag?post=41223"}],"curies":[{"name":"wp","href":"https:\/\/api.w.org\/{rel}","templated":true}]}}