{"id":41227,"date":"2025-07-26T16:08:14","date_gmt":"2025-07-26T20:08:14","guid":{"rendered":"https:\/\/tradafrik.com\/?post_type=product&#038;p=41227"},"modified":"2025-07-26T16:08:32","modified_gmt":"2025-07-26T20:08:32","slug":"import-placeholder-for-4845","status":"publish","type":"product","link":"https:\/\/tradafrik.com\/fr\/produit\/import-placeholder-for-4845\/","title":{"rendered":"Import placeholder for 4845"},"content":{"rendered":"<p>\n          Type de produit : Lave-linge frontal. Capacit\u00e9 : 10 kg. Vitesse d&#8217;essorage maxi : 1400 trs\/min. Conso \u00e9lec. : 51 kWh \/ 100 cycles. Conso eau : 53 L \/ cycle de r\u00e9f\u00e9rence. Niveau sonore essorage : 76 dB. Dur\u00e9e Prog. ECO : 230 min. Label \u00e9nergie : A. Label essorage : B. Cat\u00e9gorie sonore : B. Indice de r\u00e9parabilit\u00e9 : 8,5 \/ 10. Le + produit : Programme Vapeur Anti-allergie. Nombre de programmes : 14. Options : Pr\u00e9lavage, Rin\u00e7age Plus, et Gain de temps. Temps ajust\u00e9 en 30&#8242;. Alerte de surcharge. Bo\u00eete \u00e0 produits flexible Duodose. Moteur Eco Inverter. Affichage du temps restant. S\u00e9curit\u00e9s enfants et anti-d\u00e9bordement. Volume du tambour : 68 L. D\u00e9part diff\u00e9r\u00e9 : Jusqu&#8217;\u00e0 20 heures. Afficheur Temps Restant : oui. Connect\u00e9 : Non. Top amovible : Non. Couleur : Blanc.<\/p>\n<\/div>\n<div id=\"technical_details\">\n<table>\n<tr>\n<th>Marque<\/th>\n<td>\u200eElectrolux<\/td>\n<\/tr>\n<tr>\n<th>Capacit\u00e9<\/th>\n<td>\u200e10 Kilogrammes<\/td>\n<\/tr>\n<tr>\n<th>Vitesse d&#8217;essorage<\/th>\n<td>\u200e1.4E+3 tr\/min<\/td>\n<\/tr>\n<tr>\n<th>Type d&#8217;installation<\/th>\n<td>\u200eAutonome<\/td>\n<\/tr>\n<tr>\n<th>Particularit\u00e9s<\/th>\n<td>\u200eProgramme Vapeur Anti-allergie, Moteur Eco Inverter, Affichage du temps restant, S\u00e9curit\u00e9 enfants, Anti-d\u00e9bordement, D\u00e9part diff\u00e9r\u00e9<\/td>\n<\/tr>\n<tr>\n<th>Couleur<\/th>\n<td>\u200eBlanc<\/td>\n<\/tr>\n<tr>\n<th>Configuration<\/th>\n<td>\u200eBouton-poussoir<\/td>\n<\/tr>\n<tr>\n<th>Nombre de programmes standards<\/th>\n<td>\u200e14<\/td>\n<\/tr>\n<tr>\n<th>Type de chargement<\/th>\n<td>\u200eCharge frontale<\/td>\n<\/tr>\n<tr>\n<th>Tension<\/th>\n<td>\u200e2.3E+2 Volts<\/td>\n<\/tr>\n<tr>\n<th>Disponibilit\u00e9 des pi\u00e8ces d\u00e9tach\u00e9es<\/th>\n<td>\u200eInformation indisponible sur les pi\u00e8ces d\u00e9tach\u00e9es<\/td>\n<\/tr>\n<\/table>","protected":false},"excerpt":{"rendered":"<p>Type de produit : Lave-linge frontal. Capacit\u00e9 : 10 kg. Vitesse d&#8217;essorage maxi : 1400 trs\/min. Conso \u00e9lec. : 51 kWh \/ 100 cycles. Conso eau : 53 L \/&hellip;<\/p>","protected":false},"featured_media":41353,"comment_status":"open","ping_status":"closed","template":"","meta":[],"product_brand":[],"product_cat":[15],"product_tag":[],"class_list":{"0":"post-41227","1":"product","2":"type-product","3":"status-publish","4":"has-post-thumbnail","6":"product_cat-uncategorized","8":"first","9":"instock","10":"shipping-taxable","11":"product-type-simple"},"aioseo_notices":[],"_links":{"self":[{"href":"https:\/\/tradafrik.com\/fr\/wp-json\/wp\/v2\/product\/41227","targetHints":{"allow":["GET"]}}],"collection":[{"href":"https:\/\/tradafrik.com\/fr\/wp-json\/wp\/v2\/product"}],"about":[{"href":"https:\/\/tradafrik.com\/fr\/wp-json\/wp\/v2\/types\/product"}],"replies":[{"embeddable":true,"href":"https:\/\/tradafrik.com\/fr\/wp-json\/wp\/v2\/comments?post=41227"}],"wp:featuredmedia":[{"embeddable":true,"href":"https:\/\/tradafrik.com\/fr\/wp-json\/wp\/v2\/media\/41353"}],"wp:attachment":[{"href":"https:\/\/tradafrik.com\/fr\/wp-json\/wp\/v2\/media?parent=41227"}],"wp:term":[{"taxonomy":"product_brand","embeddable":true,"href":"https:\/\/tradafrik.com\/fr\/wp-json\/wp\/v2\/product_brand?post=41227"},{"taxonomy":"product_cat","embeddable":true,"href":"https:\/\/tradafrik.com\/fr\/wp-json\/wp\/v2\/product_cat?post=41227"},{"taxonomy":"product_tag","embeddable":true,"href":"https:\/\/tradafrik.com\/fr\/wp-json\/wp\/v2\/product_tag?post=41227"}],"curies":[{"name":"wp","href":"https:\/\/api.w.org\/{rel}","templated":true}]}}