{"id":41383,"date":"2025-07-26T16:08:37","date_gmt":"2025-07-26T20:08:37","guid":{"rendered":"https:\/\/tradafrik.com\/?post_type=product&#038;p=41383"},"modified":"2025-07-26T16:08:50","modified_gmt":"2025-07-26T20:08:50","slug":"import-placeholder-for-4939","status":"publish","type":"product","link":"https:\/\/tradafrik.com\/fr\/produit\/import-placeholder-for-4939\/","title":{"rendered":"Import placeholder for 4939"},"content":{"rendered":"<p>\n          Marque HOTPOINT\/ARISTON R\u00e9f\u00e9rence du produit FA2 540 P IX HA CARACTERISTIQUES GENERALES Conception du four Multifonction Mode de nettoyage Pyrolyse Mode de cuisson chaleur tournante PROGRAMMATEUR Commandes manettes Type d&#8217;affichage Digital Display Oui Pr\u00e9conisation de temp\u00e9rature oui FONCTIONS Nombre total de fonctions 8 Fonctions traditionnelles 6 fonctions : Convection naturelle, Chaleur tournante, Gril, Turbo gril, D\u00e9congelation, Eco chaleur tournante Fonctions automatiques 2 fonctions : Pain Auto, P\u00e2tisseries Auto Fonctions Expert 0 SECURITE Verrouillage auto porte pendant cycle pyrolyse oui Verrouillage manuel des commandes non Porte froide GIFAM oui EQUIPEMENT Type de conre-porte Plein verre Type de Guide du four gradins emboutis Tournebrohe Non Grilles 1 L\u00e8chefrite 1 Porte amovible d\u00e9montable oui Eclairage cavit\u00e9 (W) Halog\u00e8ne (25W) NORME &amp; CONSOMMATIONS ENERGETIQUES Classe d&#8217;efficacit\u00e9 \u00e9nerg\u00e9tique A Volume de la cavit\u00e9 (en litres) 66 L Source de chaleur &#8211; Four principal Electrique Consommation mode conventionnel [kWh\/Cycle] 0.89 kWh Consommation mode acc\u00e9l\u00e9r\u00e9 [kWh\/Cycle] 0.88 kWh Surface de cuisson (cm2) 1020 CM2 PUISSANCES EN W Puissance totale 3300 W Puissance du gril (W) 2200 W POIDS &amp; DIMENSIONS Dimensions du produit (HxLxP en mm) 595*595*551 Dimensions cavit\u00e9 du meuble (HxLxP en mm) 600x560x555 Dimensions avec emballage (HxLxP en mm) 670*640*650 Poids net (kg) 25 Poids avec emballage -brut- (kg) 26.3 COLORIS &amp; CODES DU PRODUIT Coloris Inox Code 12NC 859991001310 Code Commercial F100131 Code EAN 8050147001318 Origine de fabrication<\/p>\n<\/div>\n<div id=\"technical_details\">\n<table>\n<tr>\n<th>Marque<\/th>\n<td>\u200eHotpoint<\/td>\n<\/tr>\n<tr>\n<th>R\u00e9f\u00e9rence<\/th>\n<td>\u200eFA2540PBLHA<\/td>\n<\/tr>\n<tr>\n<th>Dimensions du produit (L x l x h)<\/th>\n<td>\u200e55,1 x 59,5 x 59,5 cm; 25 kilogrammes<\/td>\n<\/tr>\n<tr>\n<th>Num\u00e9ro du mod\u00e8le de l&#8217;article<\/th>\n<td>\u200eFA2540PBLHA<\/td>\n<\/tr>\n<tr>\n<th>Efficacit\u00e9 \u00e9nerg\u00e9tique (7 niveaux)<\/th>\n<td>\u200eA<\/td>\n<\/tr>\n<tr>\n<th>Efficacit\u00e9 \u00e9nerg\u00e9tique<\/th>\n<td>\u200eA<\/td>\n<\/tr>\n<tr>\n<th>Efficacit\u00e9 \u00e9nerg\u00e9tique (10 niveaux)<\/th>\n<td>\u200eA<\/td>\n<\/tr>\n<tr>\n<th>Capacit\u00e9<\/th>\n<td>\u200e66 Litres<\/td>\n<\/tr>\n<tr>\n<th>Volume total<\/th>\n<td>\u200e66 Litres<\/td>\n<\/tr>\n<tr>\n<th>Type d&#8217;installation<\/th>\n<td>\u200eInt\u00e9gr\u00e9e<\/td>\n<\/tr>\n<tr>\n<th>R\u00e9f\u00e9rence<\/th>\n<td>\u200eFA2540PBLHA<\/td>\n<\/tr>\n<tr>\n<th>Particularit\u00e9s<\/th>\n<td>\u200eAutonettoyant<\/td>\n<\/tr>\n<tr>\n<th>Mode de cuisson<\/th>\n<td>\u200eChaleur tournante ou puls\u00e9e<\/td>\n<\/tr>\n<tr>\n<th>Nombre de foyers<\/th>\n<td>\u200e4<\/td>\n<\/tr>\n<tr>\n<th>Couleur<\/th>\n<td>\u200eNoir<\/td>\n<\/tr>\n<tr>\n<th>Type d&#8217;\u00e9nergie utilis\u00e9e<\/th>\n<td>\u200e\u00c9lectrique<\/td>\n<\/tr>\n<tr>\n<th>Type de froid<\/th>\n<td>\u200eD\u00e9givrage automatique<\/td>\n<\/tr>\n<tr>\n<th>Porte<\/th>\n<td>\u200eDroit ou Gauche<\/td>\n<\/tr>\n<tr>\n<th>Mat\u00e9riau<\/th>\n<td>\u200eAcier inoxydable<\/td>\n<\/tr>\n<tr>\n<th>Batterie(s) \/ Pile(s) requise(s)<\/th>\n<td>\u200eNon<\/td>\n<\/tr>\n<tr>\n<th>Poids<\/th>\n<td>\u200e25 Kilogrammes<\/td>\n<\/tr>\n<tr>\n<th>Profondeur<\/th>\n<td>\u200e55,1 Centim\u00e8tres<\/td>\n<\/tr>\n<tr>\n<th>Disponibilit\u00e9 des pi\u00e8ces d\u00e9tach\u00e9es<\/th>\n<td>\u200eInformation indisponible sur les pi\u00e8ces d\u00e9tach\u00e9es<\/td>\n<\/tr>\n<\/table>\n","protected":false},"excerpt":{"rendered":"<p>Marque HOTPOINT\/ARISTON R\u00e9f\u00e9rence du produit FA2 540 P IX HA CARACTERISTIQUES GENERALES Conception du four Multifonction Mode de nettoyage Pyrolyse Mode de cuisson chaleur tournante PROGRAMMATEUR Commandes manettes Type d&#8217;affichage&hellip;<\/p>","protected":false},"featured_media":41464,"comment_status":"open","ping_status":"closed","template":"","meta":[],"product_brand":[],"product_cat":[15],"product_tag":[],"class_list":{"0":"post-41383","1":"product","2":"type-product","3":"status-publish","4":"has-post-thumbnail","6":"product_cat-uncategorized","8":"first","9":"instock","10":"shipping-taxable","11":"product-type-simple"},"aioseo_notices":[],"_links":{"self":[{"href":"https:\/\/tradafrik.com\/fr\/wp-json\/wp\/v2\/product\/41383","targetHints":{"allow":["GET"]}}],"collection":[{"href":"https:\/\/tradafrik.com\/fr\/wp-json\/wp\/v2\/product"}],"about":[{"href":"https:\/\/tradafrik.com\/fr\/wp-json\/wp\/v2\/types\/product"}],"replies":[{"embeddable":true,"href":"https:\/\/tradafrik.com\/fr\/wp-json\/wp\/v2\/comments?post=41383"}],"wp:featuredmedia":[{"embeddable":true,"href":"https:\/\/tradafrik.com\/fr\/wp-json\/wp\/v2\/media\/41464"}],"wp:attachment":[{"href":"https:\/\/tradafrik.com\/fr\/wp-json\/wp\/v2\/media?parent=41383"}],"wp:term":[{"taxonomy":"product_brand","embeddable":true,"href":"https:\/\/tradafrik.com\/fr\/wp-json\/wp\/v2\/product_brand?post=41383"},{"taxonomy":"product_cat","embeddable":true,"href":"https:\/\/tradafrik.com\/fr\/wp-json\/wp\/v2\/product_cat?post=41383"},{"taxonomy":"product_tag","embeddable":true,"href":"https:\/\/tradafrik.com\/fr\/wp-json\/wp\/v2\/product_tag?post=41383"}],"curies":[{"name":"wp","href":"https:\/\/api.w.org\/{rel}","templated":true}]}}