{"id":41384,"date":"2025-07-26T16:08:37","date_gmt":"2025-07-26T20:08:37","guid":{"rendered":"https:\/\/tradafrik.com\/?post_type=product&#038;p=41384"},"modified":"2025-07-26T16:08:51","modified_gmt":"2025-07-26T20:08:51","slug":"import-placeholder-for-4940","status":"publish","type":"product","link":"https:\/\/tradafrik.com\/fr\/produit\/import-placeholder-for-4940\/","title":{"rendered":"Import placeholder for 4940"},"content":{"rendered":"<p>\u00c0 propos de cet article ORIGINE FRANCE GARANTIE : L&#8217;entreprise Brandt est fier de son savoir faire. C&#8217;est d\u00e8s 2011 que nous avons obtenu notre certification. Nos usines se trouvent \u00e0 Orl\u00e9ans et Vend\u00f4me. LE MIXTE GAZ ET INDUCTION : Vous pourrez obtenir une cuisson au gaz pr\u00e9cise gr\u00e2ce \u00e0 un contr\u00f4le facile de la flamme. La plaque induction sera une nouvelle option pour obtenir une cuisson rapide ! LES FOYERS : Avec ses deux foyers gaz et ses deux foyers \u00e0 induction de 21 et 18cm, toutes les cuissons sont possibles, des mijotages les plus doux aux fritures les plus vives. QUELLE TECHNOLOGIE : Les 9 positions de cuisson par foyer permettent de r\u00e9aliser les plats avec efficacit\u00e9 et pr\u00e9cision. A PROPOS DE L&#8217;INSTALLATION : La taille de la partie encastrable est standard (56*49cm). La taille au dessus du plan de travail est de 60*51cm. Nos produits sont aux normes CE. \u203a Voir plus de d\u00e9tails<\/p>\n<table>\n<tr>\n<th>Marque<\/th>\n<td>\u200eBRANDT<\/td>\n<\/tr>\n<tr>\n<th>R\u00e9f\u00e9rence<\/th>\n<td>\u200eBPI6413BM<\/td>\n<\/tr>\n<tr>\n<th>Dimensions du produit (L x l x h)<\/th>\n<td>\u200e51 x 58 x 5 cm; 10,5 kilogrammes<\/td>\n<\/tr>\n<tr>\n<th>Num\u00e9ro du mod\u00e8le de l&#8217;article<\/th>\n<td>\u200eBPI6413BM<\/td>\n<\/tr>\n<tr>\n<th>Type d&#8217;installation<\/th>\n<td>\u200eEncastr\u00e9<\/td>\n<\/tr>\n<tr>\n<th>R\u00e9f\u00e9rence<\/th>\n<td>\u200eBPI6413BM<\/td>\n<\/tr>\n<tr>\n<th>Particularit\u00e9s<\/th>\n<td>\u200e[Mixage gaz et induction, 9 niveaux de cuisson par cuisini\u00e8re, s\u00e9curit\u00e9 gaz par thermocouple]<\/td>\n<\/tr>\n<tr>\n<th>Type de foyer<\/th>\n<td>\u200eGaz, induction<\/td>\n<\/tr>\n<tr>\n<th>Nombre de foyers<\/th>\n<td>\u200e4<\/td>\n<\/tr>\n<tr>\n<th>Couleur<\/th>\n<td>\u200eNoir<\/td>\n<\/tr>\n<tr>\n<th>Configuration<\/th>\n<td>\u200eManettes + Sensitives<\/td>\n<\/tr>\n<tr>\n<th>Tension<\/th>\n<td>\u200e230 Volts<\/td>\n<\/tr>\n<tr>\n<th>Watt<\/th>\n<td>\u200e3400 Watts<\/td>\n<\/tr>\n<tr>\n<th>Type d&#8217;\u00e9nergie utilis\u00e9e<\/th>\n<td>\u200eDouble Carburant<\/td>\n<\/tr>\n<tr>\n<th>Mat\u00e9riau<\/th>\n<td>\u200eM\u00e9tal<\/td>\n<\/tr>\n<tr>\n<th>Composants inclus<\/th>\n<td>\u200eTable de cuisson uniquement<\/td>\n<\/tr>\n<tr>\n<th>Piles incluses ?<\/th>\n<td>\u200eNon<\/td>\n<\/tr>\n<tr>\n<th>Batterie(s) \/ Pile(s) requise(s)<\/th>\n<td>\u200eNon<\/td>\n<\/tr>\n<tr>\n<th>Poids<\/th>\n<td>\u200e10,5 Kilogrammes<\/td>\n<\/tr>\n<tr>\n<th>Garantie commerciale constructeur<\/th>\n<td>\u200e2 ans<\/td>\n<\/tr>\n<tr>\n<th>Disponibilit\u00e9 des pi\u00e8ces d\u00e9tach\u00e9es<\/th>\n<td>\u200e20 Ans<\/td>\n<\/tr>\n<\/table>\n","protected":false},"excerpt":{"rendered":"<p>\u00c0 propos de cet article ORIGINE FRANCE GARANTIE : L&#8217;entreprise Brandt est fier de son savoir faire. C&#8217;est d\u00e8s 2011 que nous avons obtenu notre certification. Nos usines se trouvent&hellip;<\/p>","protected":false},"featured_media":41473,"comment_status":"open","ping_status":"closed","template":"","meta":[],"product_brand":[],"product_cat":[15],"product_tag":[],"class_list":{"0":"post-41384","1":"product","2":"type-product","3":"status-publish","4":"has-post-thumbnail","6":"product_cat-uncategorized","8":"first","9":"instock","10":"shipping-taxable","11":"product-type-simple"},"aioseo_notices":[],"_links":{"self":[{"href":"https:\/\/tradafrik.com\/fr\/wp-json\/wp\/v2\/product\/41384","targetHints":{"allow":["GET"]}}],"collection":[{"href":"https:\/\/tradafrik.com\/fr\/wp-json\/wp\/v2\/product"}],"about":[{"href":"https:\/\/tradafrik.com\/fr\/wp-json\/wp\/v2\/types\/product"}],"replies":[{"embeddable":true,"href":"https:\/\/tradafrik.com\/fr\/wp-json\/wp\/v2\/comments?post=41384"}],"wp:featuredmedia":[{"embeddable":true,"href":"https:\/\/tradafrik.com\/fr\/wp-json\/wp\/v2\/media\/41473"}],"wp:attachment":[{"href":"https:\/\/tradafrik.com\/fr\/wp-json\/wp\/v2\/media?parent=41384"}],"wp:term":[{"taxonomy":"product_brand","embeddable":true,"href":"https:\/\/tradafrik.com\/fr\/wp-json\/wp\/v2\/product_brand?post=41384"},{"taxonomy":"product_cat","embeddable":true,"href":"https:\/\/tradafrik.com\/fr\/wp-json\/wp\/v2\/product_cat?post=41384"},{"taxonomy":"product_tag","embeddable":true,"href":"https:\/\/tradafrik.com\/fr\/wp-json\/wp\/v2\/product_tag?post=41384"}],"curies":[{"name":"wp","href":"https:\/\/api.w.org\/{rel}","templated":true}]}}