{"id":41390,"date":"2025-07-26T16:08:37","date_gmt":"2025-07-26T20:08:37","guid":{"rendered":"https:\/\/tradafrik.com\/?post_type=product&#038;p=41390"},"modified":"2025-07-26T16:09:01","modified_gmt":"2025-07-26T20:09:01","slug":"import-placeholder-for-5000","status":"publish","type":"product","link":"https:\/\/tradafrik.com\/fr\/produit\/import-placeholder-for-5000\/","title":{"rendered":"Import placeholder for 5000"},"content":{"rendered":"<p>\n          Le RobiCook XL est le grand fr\u00e8re du Robicook, robot cuiseur multifonctions derni\u00e8re g\u00e9n\u00e9ration de la gamme Robby !Con\u00e7u pour r\u00e9galer toute la famille jusqu&#8217;\u00e0 8 personnes, + de 700 recettes sont incluses : \u00e0 r\u00e9aliser en toute simplicit\u00e9 gr\u00e2ce \u00e0 son \u00e9cran tactile qui vous guide pas \u00e0 pas !Une multitude d\u2019accessoires sont inclus pour une infinit\u00e9 de recettes !La fonction pes\u00e9e au gramme pr\u00e8s est \u00e9galement incluse dans le RobiCook !Dot\u00e9 d&#8217;un grand \u00e9cran couleur haute d\u00e9finition tactile et d\u2019un bouton de navigation ergonomique, le RobiCook XL vous permettra de g\u00e9rer facilement vos recettes.Vous naviguez facilement \u00e0 travers toutes les recettes et fonctionnalit\u00e9s de l&#8217;appareil : ap\u00e9ritifs, entr\u00e9es, soupes, plats de viande, plats de poisson, accompagnements, p\u00e2tes, riz et c\u00e9r\u00e9ales, quiches, tartes et pizzas, sauces et dips, pains et viennoiseries, confitures et tartinades sucr\u00e9es, desserts et cr\u00e8mes, p\u00e2tisseries, boissons, recettes v\u00e9g\u00e9tariennes, recettes express, recettes light&#8230;\u00c9quip\u00e9 d&#8217;une v\u00e9ritable interface connect\u00e9e, votre RobiCook XL se connecte au wifi pour b\u00e9n\u00e9ficier de mises \u00e0 jour, ainsi que de nouvelles recettes par exemple ! Votre RobiCook XL ne cessera donc d&#8217;\u00e9voluer !Vous ne savez pas quoi cuisiner avec ce qu&#8217;il y a dans votre r\u00e9frig\u00e9rateur ?Entrez le nom de l&#8217;aliment dans la barre de recherche et le RobiCook XL vous propose des recettes incluant cet aliment !Vous souhaitez retrouver facilement vos recettes pr\u00e9f\u00e9r\u00e9es ?Ajoutez-les dans vos favoris afin de vous constituer votre biblioth\u00e8que de recettes personnalis\u00e9es.Envie de plus de libert\u00e9 ?Un mode manuel est \u00e9galement disponible d\u00e8s l&#8217;allumage de votre appareil !Acc\u00e9dez rapidement aux programmes automatiquesAcc\u00e8s direct sur le menu de l\u2019\u00e9cran : p\u00e9trir, vapeur, mijoter, bouillir, mixer, r\u00e2per\/trancher et hacher\u20268 PROGRAMMES AUTOMATIQUESAcc\u00e9dez rapidement aux fonctions essentielles en cuisine.Les param\u00e8tres de temp\u00e9rature, vitesse et dur\u00e9e y sont pr\u00e9d\u00e9finis pour une utilisation facilit\u00e9e.<\/p>\n<\/div>\n<div id=\"technical_details\">\n<table>\n<tr>\n<th>Marque<\/th>\n<td>\u200erobby<\/td>\n<\/tr>\n<tr>\n<th>Couleur<\/th>\n<td>\u200eSilver<\/td>\n<\/tr>\n<tr>\n<th>Poids de l&#8217;article<\/th>\n<td>\u200e9,4 kilogrammes<\/td>\n<\/tr>\n<tr>\n<th>Nombre de vitesses<\/th>\n<td>\u200e8<\/td>\n<\/tr>\n<tr>\n<th>Caract\u00e9ristiques<\/th>\n<td>\u200eBol et accessoires passent au lave vaisselle<\/td>\n<\/tr>\n<tr>\n<th>Poids de l&#8217;article<\/th>\n<td>\u200e9,4 Kilograms<\/td>\n<\/tr>\n<tr>\n<th>Disponibilit\u00e9 des pi\u00e8ces d\u00e9tach\u00e9es<\/th>\n<td>\u200eInformation indisponible sur les pi\u00e8ces d\u00e9tach\u00e9es<\/td>\n<\/tr>\n<\/table>","protected":false},"excerpt":{"rendered":"<p>Le RobiCook XL est le grand fr\u00e8re du Robicook, robot cuiseur multifonctions derni\u00e8re g\u00e9n\u00e9ration de la gamme Robby !Con\u00e7u pour r\u00e9galer toute la famille jusqu&#8217;\u00e0 8 personnes, + de 700&hellip;<\/p>","protected":false},"featured_media":41526,"comment_status":"open","ping_status":"closed","template":"","meta":[],"product_brand":[],"product_cat":[15],"product_tag":[],"class_list":{"0":"post-41390","1":"product","2":"type-product","3":"status-publish","4":"has-post-thumbnail","6":"product_cat-uncategorized","8":"first","9":"instock","10":"shipping-taxable","11":"product-type-simple"},"aioseo_notices":[],"_links":{"self":[{"href":"https:\/\/tradafrik.com\/fr\/wp-json\/wp\/v2\/product\/41390","targetHints":{"allow":["GET"]}}],"collection":[{"href":"https:\/\/tradafrik.com\/fr\/wp-json\/wp\/v2\/product"}],"about":[{"href":"https:\/\/tradafrik.com\/fr\/wp-json\/wp\/v2\/types\/product"}],"replies":[{"embeddable":true,"href":"https:\/\/tradafrik.com\/fr\/wp-json\/wp\/v2\/comments?post=41390"}],"wp:featuredmedia":[{"embeddable":true,"href":"https:\/\/tradafrik.com\/fr\/wp-json\/wp\/v2\/media\/41526"}],"wp:attachment":[{"href":"https:\/\/tradafrik.com\/fr\/wp-json\/wp\/v2\/media?parent=41390"}],"wp:term":[{"taxonomy":"product_brand","embeddable":true,"href":"https:\/\/tradafrik.com\/fr\/wp-json\/wp\/v2\/product_brand?post=41390"},{"taxonomy":"product_cat","embeddable":true,"href":"https:\/\/tradafrik.com\/fr\/wp-json\/wp\/v2\/product_cat?post=41390"},{"taxonomy":"product_tag","embeddable":true,"href":"https:\/\/tradafrik.com\/fr\/wp-json\/wp\/v2\/product_tag?post=41390"}],"curies":[{"name":"wp","href":"https:\/\/api.w.org\/{rel}","templated":true}]}}