{"id":41392,"date":"2025-07-26T16:08:37","date_gmt":"2025-07-26T20:08:37","guid":{"rendered":"https:\/\/tradafrik.com\/?post_type=product&#038;p=41392"},"modified":"2025-07-26T16:55:51","modified_gmt":"2025-07-26T20:55:51","slug":"import-placeholder-for-5002","status":"publish","type":"product","link":"https:\/\/tradafrik.com\/fr\/produit\/import-placeholder-for-5002\/","title":{"rendered":"Import placeholder for 5002"},"content":{"rendered":"<p>\n          Le four solaire pliable SunGood 360 est \u00e9quip\u00e9 d&#8217;un tube de cuisson pour atteindre jusqu&#8217;\u00e0 240\u00b0C et d&#8217;une marmite pour des cuissons sans surveillance jusqu&#8217;\u00e0 120\u00b0C. Le SunGood 360 s\u2019adapte \u00e0 toutes vos recettes : viandes, poissons, l\u00e9gumes, pains, g\u00e2teaux, etc. Pliable et sans flammes, le SunGood 360 s\u2019emporte partout : for\u00eats, plages, campings, jardins, etc.<\/p>\n<\/div>\n<div id=\"technical_details\">\n<table>\n<tr>\n<th>Marque<\/th>\n<td>\u200eSOLAR BROTHER<\/td>\n<\/tr>\n<tr>\n<th>Num\u00e9ro de mod\u00e8le<\/th>\n<td>\u200e016517<\/td>\n<\/tr>\n<tr>\n<th>Couleur<\/th>\n<td>\u200eJaune<\/td>\n<\/tr>\n<tr>\n<th>Dimensions du colis<\/th>\n<td>\u200e71,12 x 29,21 x 20,95 cm; 4,15 kilogrammes<\/td>\n<\/tr>\n<tr>\n<th>Caract\u00e9ristiques<\/th>\n<td>\u200ePortable, Lightweight, Without fire or flames, Multi-cooking modes, Quick setup, Functional in any temperature<\/td>\n<\/tr>\n<tr>\n<th>Poids de l&#8217;article<\/th>\n<td>\u200e4,15 Kilograms<\/td>\n<\/tr>\n<tr>\n<th>Disponibilit\u00e9 des pi\u00e8ces d\u00e9tach\u00e9es<\/th>\n<td>\u200eInformation indisponible sur les pi\u00e8ces d\u00e9tach\u00e9es<\/td>\n<\/tr>\n<\/table>","protected":false},"excerpt":{"rendered":"<p>Le four solaire pliable SunGood 360 est \u00e9quip\u00e9 d&#8217;un tube de cuisson pour atteindre jusqu&#8217;\u00e0 240\u00b0C et d&#8217;une marmite pour des cuissons sans surveillance jusqu&#8217;\u00e0 120\u00b0C. Le SunGood 360 s\u2019adapte&hellip;<\/p>","protected":false},"featured_media":41533,"comment_status":"open","ping_status":"closed","template":"","meta":[],"product_brand":[],"product_cat":[340],"product_tag":[],"class_list":{"0":"post-41392","1":"product","2":"type-product","3":"status-publish","4":"has-post-thumbnail","6":"product_cat-home-appliance","8":"first","9":"instock","10":"shipping-taxable","11":"product-type-simple"},"aioseo_notices":[],"_links":{"self":[{"href":"https:\/\/tradafrik.com\/fr\/wp-json\/wp\/v2\/product\/41392","targetHints":{"allow":["GET"]}}],"collection":[{"href":"https:\/\/tradafrik.com\/fr\/wp-json\/wp\/v2\/product"}],"about":[{"href":"https:\/\/tradafrik.com\/fr\/wp-json\/wp\/v2\/types\/product"}],"replies":[{"embeddable":true,"href":"https:\/\/tradafrik.com\/fr\/wp-json\/wp\/v2\/comments?post=41392"}],"wp:featuredmedia":[{"embeddable":true,"href":"https:\/\/tradafrik.com\/fr\/wp-json\/wp\/v2\/media\/41533"}],"wp:attachment":[{"href":"https:\/\/tradafrik.com\/fr\/wp-json\/wp\/v2\/media?parent=41392"}],"wp:term":[{"taxonomy":"product_brand","embeddable":true,"href":"https:\/\/tradafrik.com\/fr\/wp-json\/wp\/v2\/product_brand?post=41392"},{"taxonomy":"product_cat","embeddable":true,"href":"https:\/\/tradafrik.com\/fr\/wp-json\/wp\/v2\/product_cat?post=41392"},{"taxonomy":"product_tag","embeddable":true,"href":"https:\/\/tradafrik.com\/fr\/wp-json\/wp\/v2\/product_tag?post=41392"}],"curies":[{"name":"wp","href":"https:\/\/api.w.org\/{rel}","templated":true}]}}