{"id":41517,"date":"2025-07-26T16:08:59","date_gmt":"2025-07-26T20:08:59","guid":{"rendered":"https:\/\/tradafrik.com\/?post_type=product&#038;p=41517"},"modified":"2025-07-26T16:50:15","modified_gmt":"2025-07-26T20:50:15","slug":"import-placeholder-for-5088","status":"publish","type":"product","link":"https:\/\/tradafrik.com\/fr\/produit\/import-placeholder-for-5088\/","title":{"rendered":"Import placeholder for 5088"},"content":{"rendered":"<p>\n          Gosvor Robot de piscine LiteVac 800 (gris\/orange) &#8211; Avec 90 minutes. Temps de nettoyage &#8211; Facile \u00e0 utiliser et 3,4 kg &#8211; Fonction auto-stationnement &#8211; Id\u00e9al pour les piscines hors-sol de 80 \u33a1 &#8211; Soyez votre premier robot de piscine Contenu de la livraison : 1 x Gosvor LiteVac 800, 1 x chargeur, 1 x manuel d&#8217;utilisation (fran\u00e7ais non garanti), 1 x crochet de rappel, 2 x brosses<\/p>\n<\/div>\n<div id=\"technical_details\">\n<table>\n<tr>\n<th>Teneur en \u00e9nergie de la pile au lithium<\/th>\n<td>\u200e28,08 Watts-heures<\/td>\n<\/tr>\n<tr>\n<th>Nombre de batteries<\/th>\n<td>\u200e1 Lithium-ion &#8211; incluse(s)<\/td>\n<\/tr>\n<tr>\n<th>Temps de charge<\/th>\n<td>\u200e3 heures<\/td>\n<\/tr>\n<tr>\n<th>Capacit\u00e9<\/th>\n<td>\u200e2 Litres<\/td>\n<\/tr>\n<tr>\n<th>Nombre de piles au lithium-ion<\/th>\n<td>\u200e3<\/td>\n<\/tr>\n<tr>\n<th>Dimensions du produit (L x l x h)<\/th>\n<td>\u200e28 x 17,5 x 34,3 cm; 3,4 kilogrammes<\/td>\n<\/tr>\n<tr>\n<th>Pile(s) \/ Batterie(s) :<\/th>\n<td>\u200e1 Lithium-ion &#8211; incluse(s)<\/td>\n<\/tr>\n<tr>\n<th>R\u00e9f\u00e9rence<\/th>\n<td>\u200eLiteVac 800-DE<\/td>\n<\/tr>\n<tr>\n<th>Disponibilit\u00e9 des pi\u00e8ces d\u00e9tach\u00e9es<\/th>\n<td>\u200eInformation indisponible sur les pi\u00e8ces d\u00e9tach\u00e9es<\/td>\n<\/tr>\n<\/table>","protected":false},"excerpt":{"rendered":"<p>Gosvor Robot de piscine LiteVac 800 (gris\/orange) &#8211; Avec 90 minutes. Temps de nettoyage &#8211; Facile \u00e0 utiliser et 3,4 kg &#8211; Fonction auto-stationnement &#8211; Id\u00e9al pour les piscines hors-sol&hellip;<\/p>","protected":false},"featured_media":41600,"comment_status":"open","ping_status":"closed","template":"","meta":[],"product_brand":[],"product_cat":[340],"product_tag":[],"class_list":{"0":"post-41517","1":"product","2":"type-product","3":"status-publish","4":"has-post-thumbnail","6":"product_cat-home-appliance","8":"first","9":"instock","10":"shipping-taxable","11":"product-type-simple"},"aioseo_notices":[],"_links":{"self":[{"href":"https:\/\/tradafrik.com\/fr\/wp-json\/wp\/v2\/product\/41517","targetHints":{"allow":["GET"]}}],"collection":[{"href":"https:\/\/tradafrik.com\/fr\/wp-json\/wp\/v2\/product"}],"about":[{"href":"https:\/\/tradafrik.com\/fr\/wp-json\/wp\/v2\/types\/product"}],"replies":[{"embeddable":true,"href":"https:\/\/tradafrik.com\/fr\/wp-json\/wp\/v2\/comments?post=41517"}],"wp:featuredmedia":[{"embeddable":true,"href":"https:\/\/tradafrik.com\/fr\/wp-json\/wp\/v2\/media\/41600"}],"wp:attachment":[{"href":"https:\/\/tradafrik.com\/fr\/wp-json\/wp\/v2\/media?parent=41517"}],"wp:term":[{"taxonomy":"product_brand","embeddable":true,"href":"https:\/\/tradafrik.com\/fr\/wp-json\/wp\/v2\/product_brand?post=41517"},{"taxonomy":"product_cat","embeddable":true,"href":"https:\/\/tradafrik.com\/fr\/wp-json\/wp\/v2\/product_cat?post=41517"},{"taxonomy":"product_tag","embeddable":true,"href":"https:\/\/tradafrik.com\/fr\/wp-json\/wp\/v2\/product_tag?post=41517"}],"curies":[{"name":"wp","href":"https:\/\/api.w.org\/{rel}","templated":true}]}}