{"id":41520,"date":"2025-07-26T16:08:59","date_gmt":"2025-07-26T20:08:59","guid":{"rendered":"https:\/\/tradafrik.com\/?post_type=product&#038;p=41520"},"modified":"2025-07-26T16:09:19","modified_gmt":"2025-07-26T20:09:19","slug":"import-placeholder-for-5091","status":"publish","type":"product","link":"https:\/\/tradafrik.com\/fr\/produit\/import-placeholder-for-5091\/","title":{"rendered":"Import placeholder for 5091"},"content":{"rendered":"<p>\n       Exclusivit\u00e9 Amazon : Cette sorbeti\u00e8re Ninja CREAMi noire et cuivre est bien plus qu&#8217;une simple fabrique \u00e0 glace. Cr\u00e9ez et personnalisez de d\u00e9licieuses gourmandises comme vous les aimez &#8211; des glaces gourmandes, des milk-shakes, des sorbets aux fruits sucr\u00e9s, des smoothie bowls sans culpabilit\u00e9 et bien plus encore. Il suffit de remplir le pot d&#8217;ingr\u00e9dients, de le placer au cong\u00e9lateur pendant 24 heures, puis de brasser en une cr\u00e8me parfaite en quelques minutes lorsque vous \u00eates pr\u00eat \u00e0 servir ! La technologie Creamify transforme votre base congel\u00e9e en un d\u00e9lice cr\u00e9meux. G\u00e9n\u00e9reux, faible en sucre, sans produits laitiers ou v\u00e9g\u00e9talien &#8211; \u00e0 vous de choisir ! Le programme Mix-Ins vous permet de personnaliser votre dessert en r\u00e9partissant uniform\u00e9ment les p\u00e9pites de chocolat, les bonbons, les noix et les biscuits dans la cuve avec pr\u00e9cision et contr\u00f4le. Vous pouvez ainsi cr\u00e9er des glaces \u00e0 la menthe et au chocolat ou des glaces avec des morceaux de guimauve moelleux et des biscuits croustillants. 7 programmes pr\u00e9r\u00e9gl\u00e9s &#8211; Cr\u00e8me glac\u00e9e, Glace \u00e0 l&#8217;italienne, Sorbet, Smoothie Bowl, Cr\u00e8me glac\u00e9e l\u00e9g\u00e8re, Milkshake et M\u00e9langes. Les pi\u00e8ces amovibles sont lavables au lave-vaisselle pour un nettoyage facile. Ninja &#8211; Faites de votre cuisine une cuisine Ninja.<\/p>\n<\/div>\n<div id=\"technical_details\">\n<table>\n<tr>\n<th>Marque<\/th>\n<td>\u200eNINJA<\/td>\n<\/tr>\n<tr>\n<th>Num\u00e9ro de mod\u00e8le<\/th>\n<td>\u200eCopper \/ Black<\/td>\n<\/tr>\n<tr>\n<th>Couleur<\/th>\n<td>\u200eCreami<\/td>\n<\/tr>\n<tr>\n<th>Dimensions du colis<\/th>\n<td>\u200e46,2 x 43,7 x 22 cm; 6,4 kilogrammes<\/td>\n<\/tr>\n<tr>\n<th>Capacit\u00e9<\/th>\n<td>\u200e1,4 Litres<\/td>\n<\/tr>\n<tr>\n<th>Puissance<\/th>\n<td>\u200e800 Watts<\/td>\n<\/tr>\n<tr>\n<th>Mat\u00e9riau<\/th>\n<td>\u200eM\u00e9tal<\/td>\n<\/tr>\n<tr>\n<th>Caract\u00e9ristiques<\/th>\n<td>\u200ePuissant, 7 Programmes, Produit 1,4L de Cr\u00e8me glac\u00e9e, Pi\u00e8ces lavables au lave-vaisselle, Bacs r\u00e9sistants \u00e0 la cong\u00e9lation<\/td>\n<\/tr>\n<tr>\n<th>Poids de l&#8217;article<\/th>\n<td>\u200e6,4 Kilograms<\/td>\n<\/tr>\n<tr>\n<th>Disponibilit\u00e9 des pi\u00e8ces d\u00e9tach\u00e9es<\/th>\n<td>\u200eInformation indisponible sur les pi\u00e8ces d\u00e9tach\u00e9es<\/td>\n<\/tr>\n<\/table>","protected":false},"excerpt":{"rendered":"<p>Exclusivit\u00e9 Amazon : Cette sorbeti\u00e8re Ninja CREAMi noire et cuivre est bien plus qu&#8217;une simple fabrique \u00e0 glace. Cr\u00e9ez et personnalisez de d\u00e9licieuses gourmandises comme vous les aimez &#8211; des&hellip;<\/p>","protected":false},"featured_media":41621,"comment_status":"open","ping_status":"closed","template":"","meta":[],"product_brand":[],"product_cat":[15],"product_tag":[],"class_list":{"0":"post-41520","1":"product","2":"type-product","3":"status-publish","4":"has-post-thumbnail","6":"product_cat-uncategorized","8":"first","9":"instock","10":"shipping-taxable","11":"product-type-simple"},"aioseo_notices":[],"_links":{"self":[{"href":"https:\/\/tradafrik.com\/fr\/wp-json\/wp\/v2\/product\/41520","targetHints":{"allow":["GET"]}}],"collection":[{"href":"https:\/\/tradafrik.com\/fr\/wp-json\/wp\/v2\/product"}],"about":[{"href":"https:\/\/tradafrik.com\/fr\/wp-json\/wp\/v2\/types\/product"}],"replies":[{"embeddable":true,"href":"https:\/\/tradafrik.com\/fr\/wp-json\/wp\/v2\/comments?post=41520"}],"wp:featuredmedia":[{"embeddable":true,"href":"https:\/\/tradafrik.com\/fr\/wp-json\/wp\/v2\/media\/41621"}],"wp:attachment":[{"href":"https:\/\/tradafrik.com\/fr\/wp-json\/wp\/v2\/media?parent=41520"}],"wp:term":[{"taxonomy":"product_brand","embeddable":true,"href":"https:\/\/tradafrik.com\/fr\/wp-json\/wp\/v2\/product_brand?post=41520"},{"taxonomy":"product_cat","embeddable":true,"href":"https:\/\/tradafrik.com\/fr\/wp-json\/wp\/v2\/product_cat?post=41520"},{"taxonomy":"product_tag","embeddable":true,"href":"https:\/\/tradafrik.com\/fr\/wp-json\/wp\/v2\/product_tag?post=41520"}],"curies":[{"name":"wp","href":"https:\/\/api.w.org\/{rel}","templated":true}]}}