{"id":41216,"date":"2025-07-26T16:08:14","date_gmt":"2025-07-26T20:08:14","guid":{"rendered":"https:\/\/tradafrik.com\/?post_type=product&#038;p=41216"},"modified":"2025-07-26T16:08:19","modified_gmt":"2025-07-26T20:08:19","slug":"import-placeholder-for-4730","status":"publish","type":"product","link":"https:\/\/tradafrik.com\/id\/produk\/import-placeholder-for-4730\/","title":{"rendered":"Import placeholder for 4730"},"content":{"rendered":"<p>\u00c0 propos de cet article D\u00e9couvrez l&#8217;art de faire des jus frais avec notre extracteur de jus de 250 watts. Gr\u00e2ce \u00e0 sa technologie d&#8217;extraction par pression \u00e0 froid \u00e0 basse vitesse, ce slow juicer pr\u00e9serve efficacement les nutriments essentiels des fruits et l\u00e9gumes, offrant ainsi des vitamines et des min\u00e9raux riches. Il maximise le rendement en jus tout en maintenant la fra\u00eecheur, pour une exp\u00e9rience de jus agr\u00e9able et authentique Presse-agrumes \u00e0 Froid de 10,4 cm : Cr\u00e9ez des pur\u00e9es de fruits onctueuses, des sorbets sains, du lait de soja, du lait de noix et diverses sauces. Laissez libre cours \u00e0 votre cr\u00e9ativit\u00e9 culinaire pour concocter des boissons et collations uniques, id\u00e9ales pour les repas en famille ou entre amis Gain de Temps : Pr\u00e9parez facilement du jus pur et sans m\u00e9lange. Sa conception efficace simplifie le processus, s&#8217;int\u00e9grant parfaitement dans le rythme de vie moderne Sans BPA : Fabriqu\u00e9 avec des mat\u00e9riaux sans BPA, ce qui vous permet de savourer des jus frais en toute s\u00e9curit\u00e9, sans produits chimiques nocifs Id\u00e9al pour Tous : Parfait pour les amateurs de sant\u00e9, les familles, les v\u00e9g\u00e9tariens, les personnes \u00e2g\u00e9es et ceux qui ont des besoins alimentaires sp\u00e9cifiques. R\u00e9pondez \u00e0 la demande croissante de boissons pratiques et personnalis\u00e9es, parfaites pour les ap\u00e9ritifs et les repas Ce presse-agrumes \u00e9lectrique est \u00e9quip\u00e9 d&#8217;un moteur plan\u00e9taire, d&#8217;une conception efficace \u00e0 faible vitesse, offrant un couple puissant et une bonne stabilit\u00e9. Satisfaites vos envies d&#8217;une alimentation saine tout en profitant de chaque tasse de jus pleine de nutrition et de d\u00e9lices \u203a Voir plus de d\u00e9tails<\/p>\n<table>\n<tr>\n<th>Marque<\/th>\n<td>\u200eFyenkfar<\/td>\n<\/tr>\n<tr>\n<th>Num\u00e9ro de mod\u00e8le<\/th>\n<td>\u200eFYJSSJ1A01SG<\/td>\n<\/tr>\n<tr>\n<th>Couleur<\/th>\n<td>\u200eGris Fer<\/td>\n<\/tr>\n<tr>\n<th>Dimensions du produit (L x l x h)<\/th>\n<td>\u200e20 x 20 x 40,4 cm; 2,66 kilogrammes<\/td>\n<\/tr>\n<tr>\n<th>Capacit\u00e9<\/th>\n<td>\u200e1,6 Livres<\/td>\n<\/tr>\n<tr>\n<th>Voltage<\/th>\n<td>\u200e220 Volts<\/td>\n<\/tr>\n<tr>\n<th>Fonction arr\u00eat automatique<\/th>\n<td>\u200eOui<\/td>\n<\/tr>\n<tr>\n<th>Nombre de vitesses<\/th>\n<td>\u200e65<\/td>\n<\/tr>\n<tr>\n<th>Caract\u00e9ristiques<\/th>\n<td>\u200eVerrou de s\u00e9curit\u00e9, Protection anti-surchauffe, easy_to_clean, Traitement de fruit entier, Moteur puissant<\/td>\n<\/tr>\n<tr>\n<th>Poids de l&#8217;article<\/th>\n<td>\u200e2,66 Kilograms<\/td>\n<\/tr>\n<tr>\n<th>Disponibilit\u00e9 des pi\u00e8ces d\u00e9tach\u00e9es<\/th>\n<td>\u200eInformation indisponible sur les pi\u00e8ces d\u00e9tach\u00e9es<\/td>\n<\/tr>\n<\/table>\n<\/div>","protected":false},"excerpt":{"rendered":"<p>\u00c0 propos de cet article D\u00e9couvrez l&#8217;art de faire des jus frais avec notre extracteur de jus de 250 watts. Gr\u00e2ce \u00e0 sa technologie d&#8217;extraction par pression \u00e0 froid \u00e0&hellip;<\/p>","protected":false},"featured_media":41264,"comment_status":"open","ping_status":"closed","template":"","meta":[],"product_brand":[],"product_cat":[15],"product_tag":[],"class_list":{"0":"post-41216","1":"product","2":"type-product","3":"status-publish","4":"has-post-thumbnail","6":"product_cat-uncategorized","8":"first","9":"instock","10":"shipping-taxable","11":"product-type-simple"},"aioseo_notices":[],"_links":{"self":[{"href":"https:\/\/tradafrik.com\/id\/wp-json\/wp\/v2\/product\/41216","targetHints":{"allow":["GET"]}}],"collection":[{"href":"https:\/\/tradafrik.com\/id\/wp-json\/wp\/v2\/product"}],"about":[{"href":"https:\/\/tradafrik.com\/id\/wp-json\/wp\/v2\/types\/product"}],"replies":[{"embeddable":true,"href":"https:\/\/tradafrik.com\/id\/wp-json\/wp\/v2\/comments?post=41216"}],"wp:featuredmedia":[{"embeddable":true,"href":"https:\/\/tradafrik.com\/id\/wp-json\/wp\/v2\/media\/41264"}],"wp:attachment":[{"href":"https:\/\/tradafrik.com\/id\/wp-json\/wp\/v2\/media?parent=41216"}],"wp:term":[{"taxonomy":"product_brand","embeddable":true,"href":"https:\/\/tradafrik.com\/id\/wp-json\/wp\/v2\/product_brand?post=41216"},{"taxonomy":"product_cat","embeddable":true,"href":"https:\/\/tradafrik.com\/id\/wp-json\/wp\/v2\/product_cat?post=41216"},{"taxonomy":"product_tag","embeddable":true,"href":"https:\/\/tradafrik.com\/id\/wp-json\/wp\/v2\/product_tag?post=41216"}],"curies":[{"name":"wp","href":"https:\/\/api.w.org\/{rel}","templated":true}]}}