{"id":41218,"date":"2025-07-26T16:08:14","date_gmt":"2025-07-26T20:08:14","guid":{"rendered":"https:\/\/tradafrik.com\/?post_type=product&#038;p=41218"},"modified":"2025-07-26T16:08:22","modified_gmt":"2025-07-26T20:08:22","slug":"import-placeholder-for-4758","status":"publish","type":"product","link":"https:\/\/tradafrik.com\/id\/produk\/import-placeholder-for-4758\/","title":{"rendered":"Import placeholder for 4758"},"content":{"rendered":"<p>\n          Ninja CREAMi Deluxe, la nouvelle sorbeti\u00e8re de la gamme CREAMi, pr\u00e9sente une nouvelle version de la sorbeti\u00e8re CREAMi. Avec toutes les possibilit\u00e9s de saveurs de l&#8217;original, Deluxe augmente le plaisir avec 4 fonctions suppl\u00e9mentaires. Savourez les classiques de CREAMi tels que la cr\u00e8me glac\u00e9e et le gelato. Ou explorez de nouvelles fonctions passionnantes telles que Granit\u00e9, Frapp\u00e9, Yaourt glac\u00e9 et Boisson glac\u00e9e. Avec une capacit\u00e9 accrue de 50 %*, CREAMi a encore plus \u00e0 offrir. Les pots CREAMi Deluxe contiennent 50 % de plus que le CREAMi Ninja d&#8217;origine, ce qui vous permet de pr\u00e9parer encore plus de friandises. Vous ne savez pas par o\u00f9 commencer ? Le guide des recettes contient tout ce dont vous avez besoin pour cr\u00e9er des boissons et des desserts. Remplissez un bac d&#8217;ingr\u00e9dients et au cong\u00e9lateur pendant 24 heures. Placez ensuite la cuve dans le bol ext\u00e9rieur, s\u00e9lectionnez une fonction, traitez et d\u00e9gustez en quelques minutes. Le Ninja CREAMi Deluxe comprend 10 programmes : Cr\u00e8me glac\u00e9e, Sorbet, Cr\u00e8me glac\u00e9e all\u00e9g\u00e9e, Glace \u00e0 l&#8217;italienne, Milkshake, Extras, Frapp\u00e9, Boisson glac\u00e9e, Granit\u00e9 et Yaourt glac\u00e9. Les pi\u00e8ces amovibles, le bol ext\u00e9rieur, le couvercle et la palette, peuvent \u00eatre lav\u00e9es au lave-vaisselle. *Le Ninja CREAMi d&#8217;origine.<\/p>\n<\/div>\n<div id=\"technical_details\">\n<table>\n<tr>\n<th>Marque<\/th>\n<td>\u200eNINJA<\/td>\n<\/tr>\n<tr>\n<th>Num\u00e9ro de mod\u00e8le<\/th>\n<td>\u200eNC501EU<\/td>\n<\/tr>\n<tr>\n<th>Couleur<\/th>\n<td>\u200eCreami Deluxe<\/td>\n<\/tr>\n<tr>\n<th>Dimensions du produit (L x l x h)<\/th>\n<td>\u200e27 x 16,5 x 40,5 cm; 7,3 kilogrammes<\/td>\n<\/tr>\n<tr>\n<th>Capacit\u00e9<\/th>\n<td>\u200e680 Millilitres<\/td>\n<\/tr>\n<tr>\n<th>Puissance<\/th>\n<td>\u200e800 Watts<\/td>\n<\/tr>\n<tr>\n<th>Voltage<\/th>\n<td>\u200e220 Volts<\/td>\n<\/tr>\n<tr>\n<th>Mat\u00e9riau<\/th>\n<td>\u200eAcier inoxydable<\/td>\n<\/tr>\n<tr>\n<th>Fonction arr\u00eat automatique<\/th>\n<td>\u200eOui<\/td>\n<\/tr>\n<tr>\n<th>Caract\u00e9ristiques<\/th>\n<td>\u200e10 fonctions, portable<\/td>\n<\/tr>\n<tr>\n<th>Poids de l&#8217;article<\/th>\n<td>\u200e7,3 Kilograms<\/td>\n<\/tr>\n<tr>\n<th>Disponibilit\u00e9 des pi\u00e8ces d\u00e9tach\u00e9es<\/th>\n<td>\u200eInformation indisponible sur les pi\u00e8ces d\u00e9tach\u00e9es<\/td>\n<\/tr>\n<\/table>","protected":false},"excerpt":{"rendered":"<p>Ninja CREAMi Deluxe, la nouvelle sorbeti\u00e8re de la gamme CREAMi, pr\u00e9sente une nouvelle version de la sorbeti\u00e8re CREAMi. Avec toutes les possibilit\u00e9s de saveurs de l&#8217;original, Deluxe augmente le plaisir&hellip;<\/p>","protected":false},"featured_media":41276,"comment_status":"open","ping_status":"closed","template":"","meta":[],"product_brand":[],"product_cat":[15],"product_tag":[],"class_list":{"0":"post-41218","1":"product","2":"type-product","3":"status-publish","4":"has-post-thumbnail","6":"product_cat-uncategorized","8":"first","9":"instock","10":"shipping-taxable","11":"product-type-simple"},"aioseo_notices":[],"_links":{"self":[{"href":"https:\/\/tradafrik.com\/id\/wp-json\/wp\/v2\/product\/41218","targetHints":{"allow":["GET"]}}],"collection":[{"href":"https:\/\/tradafrik.com\/id\/wp-json\/wp\/v2\/product"}],"about":[{"href":"https:\/\/tradafrik.com\/id\/wp-json\/wp\/v2\/types\/product"}],"replies":[{"embeddable":true,"href":"https:\/\/tradafrik.com\/id\/wp-json\/wp\/v2\/comments?post=41218"}],"wp:featuredmedia":[{"embeddable":true,"href":"https:\/\/tradafrik.com\/id\/wp-json\/wp\/v2\/media\/41276"}],"wp:attachment":[{"href":"https:\/\/tradafrik.com\/id\/wp-json\/wp\/v2\/media?parent=41218"}],"wp:term":[{"taxonomy":"product_brand","embeddable":true,"href":"https:\/\/tradafrik.com\/id\/wp-json\/wp\/v2\/product_brand?post=41218"},{"taxonomy":"product_cat","embeddable":true,"href":"https:\/\/tradafrik.com\/id\/wp-json\/wp\/v2\/product_cat?post=41218"},{"taxonomy":"product_tag","embeddable":true,"href":"https:\/\/tradafrik.com\/id\/wp-json\/wp\/v2\/product_tag?post=41218"}],"curies":[{"name":"wp","href":"https:\/\/api.w.org\/{rel}","templated":true}]}}