{"id":41222,"date":"2025-07-26T16:08:14","date_gmt":"2025-07-26T20:08:14","guid":{"rendered":"https:\/\/tradafrik.com\/?post_type=product&#038;p=41222"},"modified":"2025-07-26T16:08:27","modified_gmt":"2025-07-26T20:08:27","slug":"import-placeholder-for-4762","status":"publish","type":"product","link":"https:\/\/tradafrik.com\/id\/produk\/import-placeholder-for-4762\/","title":{"rendered":"Import placeholder for 4762"},"content":{"rendered":"<p>          Machine \u00e0 p\u00e2tes pour la pr\u00e9paration maison de diff\u00e9rentes sortes de p\u00e2tes.<br \/>\n          Puissance du moteur de 260 watts, 7 moules amovibles et une capacit\u00e9 de 500g de<br \/>\n            farine.<br \/>\n          P\u00e9trissage rapide en seulement 3 minutes; p\u00e2tes pr\u00eates en moins de 10 minutes.<br \/>\n          Top Features:<br \/>\n          Performant: machine \u00e0 p\u00e2tes avec un moteur d&#8217;une puissance de 260 watts pour<br \/>\n            seulement 60 dB d&#8217;intensit\u00e9 sonoreGros volume: avec une capacit\u00e9 de 500g de farineVisibilit\u00e9 parfaite: Gr\u00e2ce \u00e0 l&#8217;\u00e9cran LED et ses boutons souplesPr\u00e9paration rapide: avec un p\u00e9trissage en seulement 3 minutes et des p\u00e2tes pr\u00eates<br \/>\n            en moins de 10 minutesComplet: insertions pour faire 7 formes de p\u00e2te diff\u00e9rentes et un moule \u00e0 ravioli-<br \/>\n            tous les \u00e9l\u00e9ments en plastique sont adapt\u00e9s \u00e0 la pr\u00e9paration d&#8217;alimentNettoyage facile: nettoyage facile de toutes les pi\u00e8ces<br \/>\n          Caract\u00e9ristiques:<br \/>\n           Puissance du moteur: 260 watts<br \/>\n             7 moules diff\u00e9rents pour l&#8217;\u00e9paisseur de p\u00e2te souhait\u00e9e<br \/>\n             moule \u00e0 ravioli fourni<br \/>\n             Tous les \u00e9l\u00e9ments en plastiques sont adapt\u00e9s \u00e0 la pr\u00e9paration des aliments<br \/>\n             5 boutons de commande souples<br \/>\n             Ecran LED<br \/>\n             Niveau sonore: 60 dB<br \/>\n             Capacit\u00e9: 500 g de farine<br \/>\n             processus de p\u00e9trissage: 3 minutes<br \/>\n             Pieds en caoutchouc pour une meilleure stabilit\u00e9<br \/>\n             P\u00e2tes pr\u00eates en moins de 10 minutes<br \/>\n             Coupe-p\u00e2te fourni<br \/>\n             Design ind\u00e9modable<br \/>\n             facile \u00e0 nettoyer<br \/>\n             Alimentation \u00e9lectrique: 220-240 V ~ 50\/60 Hz<br \/>\n          Inclus dans la livraison:<br \/>\n           1 x machine<br \/>\n             7 x moules \u00e0 p\u00e2tes<br \/>\n             1 x moule pour ravioli<br \/>\n             1 x coupe-p\u00e2tes<br \/>\n             1 x gobelet doseur pour la farine<br \/>\n             1 x gobelet doseur pour l&#8217;eau<br \/>\n             1 x Manuel d&#8217;instructions en fran\u00e7ais (autres langues disponibles : anglais,<br \/>\n            allemand, espagnol, italien)<br \/>\n          Dimensions:<br \/>\n           Dimensions: env.20 x 27,5 x 33 cm (LxHxP)<br \/>\n             Poids : 4,8 kg<\/p>\n<\/div>\n<div id=\"technical_details\">\n<table>\n<tr>\n<th>Marque<\/th>\n<td>\u200eKLARSTEIN<\/td>\n<\/tr>\n<tr>\n<th>Num\u00e9ro de mod\u00e8le<\/th>\n<td>\u200eKG17-Pastamaniap<\/td>\n<\/tr>\n<tr>\n<th>Couleur<\/th>\n<td>\u200eNoir<\/td>\n<\/tr>\n<tr>\n<th>Dimensions du produit (L x l x h)<\/th>\n<td>\u200e33 x 20 x 27,5 cm; 4,8 kilogrammes<\/td>\n<\/tr>\n<tr>\n<th>Mat\u00e9riau<\/th>\n<td>\u200eCaoutchouc, Plastique<\/td>\n<\/tr>\n<tr>\n<th>Poids de l&#8217;article<\/th>\n<td>\u200e4,8 Kilograms<\/td>\n<\/tr>\n<tr>\n<th>Disponibilit\u00e9 des pi\u00e8ces d\u00e9tach\u00e9es<\/th>\n<td>\u200eInformation indisponible sur les pi\u00e8ces d\u00e9tach\u00e9es<\/td>\n<\/tr>\n<\/table>","protected":false},"excerpt":{"rendered":"<p>Machine \u00e0 p\u00e2tes pour la pr\u00e9paration maison de diff\u00e9rentes sortes de p\u00e2tes. Puissance du moteur de 260 watts, 7 moules amovibles et une capacit\u00e9 de 500g de farine. P\u00e9trissage rapide&hellip;<\/p>","protected":false},"featured_media":41319,"comment_status":"open","ping_status":"closed","template":"","meta":[],"product_brand":[],"product_cat":[15],"product_tag":[],"class_list":{"0":"post-41222","1":"product","2":"type-product","3":"status-publish","4":"has-post-thumbnail","6":"product_cat-uncategorized","8":"first","9":"instock","10":"shipping-taxable","11":"product-type-simple"},"aioseo_notices":[],"_links":{"self":[{"href":"https:\/\/tradafrik.com\/id\/wp-json\/wp\/v2\/product\/41222","targetHints":{"allow":["GET"]}}],"collection":[{"href":"https:\/\/tradafrik.com\/id\/wp-json\/wp\/v2\/product"}],"about":[{"href":"https:\/\/tradafrik.com\/id\/wp-json\/wp\/v2\/types\/product"}],"replies":[{"embeddable":true,"href":"https:\/\/tradafrik.com\/id\/wp-json\/wp\/v2\/comments?post=41222"}],"wp:featuredmedia":[{"embeddable":true,"href":"https:\/\/tradafrik.com\/id\/wp-json\/wp\/v2\/media\/41319"}],"wp:attachment":[{"href":"https:\/\/tradafrik.com\/id\/wp-json\/wp\/v2\/media?parent=41222"}],"wp:term":[{"taxonomy":"product_brand","embeddable":true,"href":"https:\/\/tradafrik.com\/id\/wp-json\/wp\/v2\/product_brand?post=41222"},{"taxonomy":"product_cat","embeddable":true,"href":"https:\/\/tradafrik.com\/id\/wp-json\/wp\/v2\/product_cat?post=41222"},{"taxonomy":"product_tag","embeddable":true,"href":"https:\/\/tradafrik.com\/id\/wp-json\/wp\/v2\/product_tag?post=41222"}],"curies":[{"name":"wp","href":"https:\/\/api.w.org\/{rel}","templated":true}]}}