{"id":41229,"date":"2025-07-26T16:08:14","date_gmt":"2025-07-26T20:08:14","guid":{"rendered":"https:\/\/tradafrik.com\/?post_type=product&#038;p=41229"},"modified":"2025-07-26T16:08:33","modified_gmt":"2025-07-26T20:08:33","slug":"import-placeholder-for-4856","status":"publish","type":"product","link":"https:\/\/tradafrik.com\/id\/produk\/import-placeholder-for-4856\/","title":{"rendered":"Import placeholder for 4856"},"content":{"rendered":"<p>\u00c0 propos de cet article Tout int\u00e9grable 12 couverts 6 programmes D\u00e9part diff\u00e9r\u00e9 Niveau sonore : 46db \u203a Voir plus de d\u00e9tails<\/p>\n<table>\n<tr>\n<th>Facteur de forme<\/th>\n<td>\u200eInt\u00e9gr\u00e9<\/td>\n<\/tr>\n<tr>\n<th>Nom de mod\u00e8le<\/th>\n<td>\u200eSMV4HTX31E<\/td>\n<\/tr>\n<tr>\n<th>Poids de l&#8217;article<\/th>\n<td>\u200e35,94 Kilogrammes<\/td>\n<\/tr>\n<tr>\n<th>Tension<\/th>\n<td>\u200e240 Volts<\/td>\n<\/tr>\n<tr>\n<th>Options de cycle<\/th>\n<td>\u200eIntensif<\/td>\n<\/tr>\n<tr>\n<th>Usages recommand\u00e9s pour le produit<\/th>\n<td>\u200eNettoyage de la vaisselle domestique, nettoyage silencieux pour les espaces de vie ouverts, nettoyage efficace de la vaisselle, int\u00e9gration intelligente de la maison pour le contr\u00f4le \u00e0 distance et le monitoring<\/td>\n<\/tr>\n<tr>\n<th>Style<\/th>\n<td>\u200eEnti\u00e8rement int\u00e9gr\u00e9 (Polino)<\/td>\n<\/tr>\n<tr>\n<th>Type d&#8217;affichage<\/th>\n<td>\u200eTouchScreen<\/td>\n<\/tr>\n<tr>\n<th>Nombre de param\u00e8tres<\/th>\n<td>\u200e3<\/td>\n<\/tr>\n<tr>\n<th>Consommation d&#8217;eau<\/th>\n<td>\u200e9,5 Litres<\/td>\n<\/tr>\n<tr>\n<th>Cycles d&#8217;options<\/th>\n<td>\u200e3<\/td>\n<\/tr>\n<tr>\n<th>Fr\u00e9quence de fonctionnement<\/th>\n<td>\u200e60 Hz<\/td>\n<\/tr>\n<tr>\n<th>R\u00e9f\u00e9rence<\/th>\n<td>\u200eSMV4HTX31E<\/td>\n<\/tr>\n<tr>\n<th>Dimensions du produit (L x l x h)<\/th>\n<td>\u200e55,1 x 59,8 x 88 cm; 35,94 kilogrammes<\/td>\n<\/tr>\n<tr>\n<th>Num\u00e9ro du mod\u00e8le de l&#8217;article<\/th>\n<td>\u200eSMV4HTX31E<\/td>\n<\/tr>\n<tr>\n<th>Consommation \u00e9lectrique annuelle<\/th>\n<td>\u200e258 kilowattheures par ann\u00e9e<\/td>\n<\/tr>\n<tr>\n<th>R\u00e9f\u00e9rence<\/th>\n<td>\u200eSMV4HTX31E<\/td>\n<\/tr>\n<tr>\n<th>Particularit\u00e9s<\/th>\n<td>\u200e\u00c9cran tactile<\/td>\n<\/tr>\n<tr>\n<th>Watt<\/th>\n<td>\u200e2400 Watts<\/td>\n<\/tr>\n<tr>\n<th>Certification<\/th>\n<td>\u200eEnti\u00e8rement int\u00e9gr\u00e9<\/td>\n<\/tr>\n<tr>\n<th>Rev\u00eatement int\u00e9rieur<\/th>\n<td>\u200eAcier inoxydable<\/td>\n<\/tr>\n<tr>\n<th>Piles incluses ?<\/th>\n<td>\u200eNon<\/td>\n<\/tr>\n<tr>\n<th>Batterie(s) \/ Pile(s) requise(s)<\/th>\n<td>\u200eNon<\/td>\n<\/tr>\n<tr>\n<th>Garantie commerciale constructeur<\/th>\n<td>\u200e2 ans<\/td>\n<\/tr>\n<tr>\n<th>Disponibilit\u00e9 des pi\u00e8ces d\u00e9tach\u00e9es<\/th>\n<td>\u200eInformation indisponible sur les pi\u00e8ces d\u00e9tach\u00e9es<\/td>\n<\/tr>\n<\/table>","protected":false},"excerpt":{"rendered":"<p>\u00c0 propos de cet article Tout int\u00e9grable 12 couverts 6 programmes D\u00e9part diff\u00e9r\u00e9 Niveau sonore : 46db \u203a Voir plus de d\u00e9tails Facteur de forme \u200eInt\u00e9gr\u00e9 Nom de mod\u00e8le \u200eSMV4HTX31E&hellip;<\/p>","protected":false},"featured_media":41360,"comment_status":"open","ping_status":"closed","template":"","meta":[],"product_brand":[],"product_cat":[15],"product_tag":[],"class_list":{"0":"post-41229","1":"product","2":"type-product","3":"status-publish","4":"has-post-thumbnail","6":"product_cat-uncategorized","8":"first","9":"instock","10":"shipping-taxable","11":"product-type-simple"},"aioseo_notices":[],"_links":{"self":[{"href":"https:\/\/tradafrik.com\/id\/wp-json\/wp\/v2\/product\/41229","targetHints":{"allow":["GET"]}}],"collection":[{"href":"https:\/\/tradafrik.com\/id\/wp-json\/wp\/v2\/product"}],"about":[{"href":"https:\/\/tradafrik.com\/id\/wp-json\/wp\/v2\/types\/product"}],"replies":[{"embeddable":true,"href":"https:\/\/tradafrik.com\/id\/wp-json\/wp\/v2\/comments?post=41229"}],"wp:featuredmedia":[{"embeddable":true,"href":"https:\/\/tradafrik.com\/id\/wp-json\/wp\/v2\/media\/41360"}],"wp:attachment":[{"href":"https:\/\/tradafrik.com\/id\/wp-json\/wp\/v2\/media?parent=41229"}],"wp:term":[{"taxonomy":"product_brand","embeddable":true,"href":"https:\/\/tradafrik.com\/id\/wp-json\/wp\/v2\/product_brand?post=41229"},{"taxonomy":"product_cat","embeddable":true,"href":"https:\/\/tradafrik.com\/id\/wp-json\/wp\/v2\/product_cat?post=41229"},{"taxonomy":"product_tag","embeddable":true,"href":"https:\/\/tradafrik.com\/id\/wp-json\/wp\/v2\/product_tag?post=41229"}],"curies":[{"name":"wp","href":"https:\/\/api.w.org\/{rel}","templated":true}]}}