{"id":41230,"date":"2025-07-26T16:08:14","date_gmt":"2025-07-26T20:08:14","guid":{"rendered":"https:\/\/tradafrik.com\/?post_type=product&#038;p=41230"},"modified":"2025-07-26T16:08:34","modified_gmt":"2025-07-26T20:08:34","slug":"import-placeholder-for-4857","status":"publish","type":"product","link":"https:\/\/tradafrik.com\/id\/produk\/import-placeholder-for-4857\/","title":{"rendered":"Import placeholder for 4857"},"content":{"rendered":"<p>\u00c0 propos de cet article \ud83d\udc68\ud83c\udffb\u200d\ud83c\udf73 RETROUVEZ LE PLAISIR DE FRIRE, BOUILLIR, MIJOTER, ET SAISIR : Avec la plaque induction 2 foyers Beldeko et ces 3300 Watts de puissance, cuisiner devient un vrai plaisir. Ces 2 feux de 15 cm (1500 Watts) et 19 cm (1800 Watts) pourront facilement accueillir vos po\u00eales, casseroles et faitout compatibles induction. \ud83d\udc4c ERGONOMIQUE, SIMPLE ET PRATIQUE : Notre table de cuisson induction est \u00e9quip\u00e9e de touches tactiles, 9 niveaux de puissance, minuterie 99 minutes avec arr\u00eat automatique pour chaque foyer, voyant de chaleur r\u00e9siduelle, signal sonore, d\u00e9tection des d\u00e9bordements, coupure automatique anti-oubli et enfin, verrouillage enfant pour prot\u00e9ger nos apprentis cuisiniers. \ud83d\udee0\ufe0f S\u2019INSTALLE FACILEMENT : Pour faciliter son installation, la plaque de cuisson induction Beldeko est livr\u00e9e pr\u00e9 \u00e9quip\u00e9e d\u2019un joint d\u2019\u00e9tanch\u00e9it\u00e9, ses dimensions sont conformes aux normes d&#8217;encastrement standard : 27 cm de large pour 49 cm de profondeur, son c\u00e2ble d\u2019alimentation \u00e9quip\u00e9 d\u2019une prise mesure 135 cm. Livr\u00e9e avec son manuel d\u2019installation et utilisation en Fran\u00e7ais. \ud83e\uddfd \u00c9L\u00c9GANTE ET FACILE D\u2019ENTRETIEN : \u00c0 la fois sobre et \u00e9l\u00e9gante, la plaque \u00e9lectrique induction 2 feux Beldeko s&#8217;int\u00e8gre parfaitement dans tous les styles de cuisines, de plus, sa surface en verre tremp\u00e9 lisse et plane rend son nettoyage simple et rapide ! \ud83c\uddeb\ud83c\uddf7 BELDEKO, DES PRODUITS ROBUSTES CON\u00c7US POUR DURER : Nous concevons nos produits avec comme objectif de rendre l&#8217;\u00e9lectrom\u00e9nager performant, fiable et accessible \u00e0 tous, ils sont garantis 2 ans par BELDEKO et livr\u00e9s avec manuel d\u2019utilisation en Fran\u00e7ais. De plus, \u00e0 la diff\u00e9rence de nos confr\u00e8res, nous sommes bas\u00e9s en France, dans l&#8217;Ain, un probl\u00e8me, besoin d&#8217;aide ? Il vous suffit de nous appeler et nos \u00e9quipes se feront un plaisir de vous assister. \u203a Voir plus de d\u00e9tails<\/p>\n<table>\n<tr>\n<th>Marque<\/th>\n<td>\u200eBELDEKO<\/td>\n<\/tr>\n<tr>\n<th>Dimensions du produit (L x l x h)<\/th>\n<td>\u200e51 x 29,5 x 6,1 cm; 6,23 kilogrammes<\/td>\n<\/tr>\n<tr>\n<th>R\u00e9f\u00e9rence constructeur<\/th>\n<td>\u200eTI2V-122<\/td>\n<\/tr>\n<tr>\n<th>Type d&#8217;installation<\/th>\n<td>\u200eEncastrable<\/td>\n<\/tr>\n<tr>\n<th>R\u00e9f\u00e9rence<\/th>\n<td>\u200eTI2V-122<\/td>\n<\/tr>\n<tr>\n<th>Particularit\u00e9s<\/th>\n<td>\u200eElectronique\/ affichage LCD, Touches sensitives, Programmateur<\/td>\n<\/tr>\n<tr>\n<th>Type de foyer<\/th>\n<td>\u200e\u00c0 induction<\/td>\n<\/tr>\n<tr>\n<th>Nombre de foyers<\/th>\n<td>\u200e2<\/td>\n<\/tr>\n<tr>\n<th>Couleur<\/th>\n<td>\u200eNoir<\/td>\n<\/tr>\n<tr>\n<th>Tension<\/th>\n<td>\u200e220 Volts (AC)<\/td>\n<\/tr>\n<tr>\n<th>Watt<\/th>\n<td>\u200e3300 Watts<\/td>\n<\/tr>\n<tr>\n<th>Type d&#8217;\u00e9nergie utilis\u00e9e<\/th>\n<td>\u200e\u00e9lectrique<\/td>\n<\/tr>\n<tr>\n<th>Mat\u00e9riau<\/th>\n<td>\u200eVerre tremp\u00e9<\/td>\n<\/tr>\n<tr>\n<th>Composants inclus<\/th>\n<td>\u200ePower cord<\/td>\n<\/tr>\n<tr>\n<th>Piles incluses ?<\/th>\n<td>\u200eNon<\/td>\n<\/tr>\n<tr>\n<th>Batterie(s) \/ Pile(s) requise(s)<\/th>\n<td>\u200eNon<\/td>\n<\/tr>\n<tr>\n<th>Poids<\/th>\n<td>\u200e6,23 Kilogrammes<\/td>\n<\/tr>\n<tr>\n<th>Profondeur<\/th>\n<td>\u200e5,5 Centim\u00e8tres<\/td>\n<\/tr>\n<tr>\n<th>Garantie commerciale constructeur<\/th>\n<td>\u200eGarantie 2 ans : pi\u00e8ces, main d&#8217;\u0153uvre et d\u00e9placements<\/td>\n<\/tr>\n<tr>\n<th>Disponibilit\u00e9 des pi\u00e8ces d\u00e9tach\u00e9es<\/th>\n<td>\u200e5 Ans<\/td>\n<\/tr>\n<\/table>","protected":false},"excerpt":{"rendered":"<p>\u00c0 propos de cet article \ud83d\udc68\ud83c\udffb\u200d\ud83c\udf73 RETROUVEZ LE PLAISIR DE FRIRE, BOUILLIR, MIJOTER, ET SAISIR : Avec la plaque induction 2 foyers Beldeko et ces 3300 Watts de puissance, cuisiner&hellip;<\/p>","protected":false},"featured_media":41365,"comment_status":"open","ping_status":"closed","template":"","meta":[],"product_brand":[],"product_cat":[15],"product_tag":[],"class_list":{"0":"post-41230","1":"product","2":"type-product","3":"status-publish","4":"has-post-thumbnail","6":"product_cat-uncategorized","8":"first","9":"instock","10":"shipping-taxable","11":"product-type-simple"},"aioseo_notices":[],"_links":{"self":[{"href":"https:\/\/tradafrik.com\/id\/wp-json\/wp\/v2\/product\/41230","targetHints":{"allow":["GET"]}}],"collection":[{"href":"https:\/\/tradafrik.com\/id\/wp-json\/wp\/v2\/product"}],"about":[{"href":"https:\/\/tradafrik.com\/id\/wp-json\/wp\/v2\/types\/product"}],"replies":[{"embeddable":true,"href":"https:\/\/tradafrik.com\/id\/wp-json\/wp\/v2\/comments?post=41230"}],"wp:featuredmedia":[{"embeddable":true,"href":"https:\/\/tradafrik.com\/id\/wp-json\/wp\/v2\/media\/41365"}],"wp:attachment":[{"href":"https:\/\/tradafrik.com\/id\/wp-json\/wp\/v2\/media?parent=41230"}],"wp:term":[{"taxonomy":"product_brand","embeddable":true,"href":"https:\/\/tradafrik.com\/id\/wp-json\/wp\/v2\/product_brand?post=41230"},{"taxonomy":"product_cat","embeddable":true,"href":"https:\/\/tradafrik.com\/id\/wp-json\/wp\/v2\/product_cat?post=41230"},{"taxonomy":"product_tag","embeddable":true,"href":"https:\/\/tradafrik.com\/id\/wp-json\/wp\/v2\/product_tag?post=41230"}],"curies":[{"name":"wp","href":"https:\/\/api.w.org\/{rel}","templated":true}]}}