{"id":41237,"date":"2025-07-26T16:08:15","date_gmt":"2025-07-26T20:08:15","guid":{"rendered":"https:\/\/tradafrik.com\/?post_type=product&#038;p=41237"},"modified":"2025-07-26T16:08:43","modified_gmt":"2025-07-26T20:08:43","slug":"import-placeholder-for-4876","status":"publish","type":"product","link":"https:\/\/tradafrik.com\/id\/produk\/import-placeholder-for-4876\/","title":{"rendered":"Import placeholder for 4876"},"content":{"rendered":"<p>\n          R\u00e9alisez ais\u00e9ment vos recettes avec le four encastrable multifonction IFW6540PIX d&#8217;Indesit. Complet, il dispose de 6 modes de cuisson traditionnelles capables de r\u00e9pondre \u00e0 vos diff\u00e9rentes envies comme la convection naturelle, chaleur tournante, gril, turbo gril, d\u00e9cong\u00e9lation et \u00e9co chaleur tournante. De plus, il int\u00e8gre \u00e9galement un programme automatique, le turn&amp;go, qui propose une cuisson \u00e0 180\u00b0C pendant 1 heure afin de favoriser et de garantir la r\u00e9alisation de vos plats quotidiens. Ce four poss\u00e8de le nettoyage pyrolyse qui \u00e9limine les projections de graisses et de sucres en faisant monter la temp\u00e9rature jusqu&#8217;\u00e0 500\u00b0C \u00e0 l&#8217;int\u00e9rieur de la cavit\u00e9. En outre, pour compl\u00e9ter et faciliter le nettoyage de cet \u00e9lectrom\u00e9nager, celui-ci int\u00e8gre le syst\u00e8me click&amp;clean au niveau de sa vitre. Ainsi, vous pouvez la d\u00e9verrouiller et ensuite la retirer totalement afin de la nettoyer enti\u00e8rement. Pour votre s\u00e9curit\u00e9, une porte froide GIFAM \u00e0 4 vitres a \u00e9t\u00e9 int\u00e9gr\u00e9 \u00e0 cet \u00e9lectrom\u00e9nager.<\/p>\n<\/div>\n<div id=\"technical_details\">\n<table>\n<tr>\n<th>Marque<\/th>\n<td>\u200eIndesit<\/td>\n<\/tr>\n<tr>\n<th>Num\u00e9ro de mod\u00e8le<\/th>\n<td>\u200eIFW 6540 P IX<\/td>\n<\/tr>\n<tr>\n<th>Couleur<\/th>\n<td>\u200eArgent\u00e9<\/td>\n<\/tr>\n<tr>\n<th>Dimensions du produit (L x l x h)<\/th>\n<td>\u200e55,1 x 59,5 x 59,5 cm; 25 kilogrammes<\/td>\n<\/tr>\n<tr>\n<th>Capacit\u00e9<\/th>\n<td>\u200e66 Litres<\/td>\n<\/tr>\n<tr>\n<th>Puissance<\/th>\n<td>\u200e3300 Watts<\/td>\n<\/tr>\n<tr>\n<th>Voltage<\/th>\n<td>\u200e240 Volts<\/td>\n<\/tr>\n<tr>\n<th>Mat\u00e9riau<\/th>\n<td>\u200eAcier inoxydable<\/td>\n<\/tr>\n<tr>\n<th>Caract\u00e9ristiques<\/th>\n<td>\u200ePyrolyse auto-nettoyante<\/td>\n<\/tr>\n<tr>\n<th>Poids de l&#8217;article<\/th>\n<td>\u200e25 Kilograms<\/td>\n<\/tr>\n<tr>\n<th>Disponibilit\u00e9 des pi\u00e8ces d\u00e9tach\u00e9es<\/th>\n<td>\u200eInformation indisponible sur les pi\u00e8ces d\u00e9tach\u00e9es<\/td>\n<\/tr>\n<\/table>","protected":false},"excerpt":{"rendered":"<p>R\u00e9alisez ais\u00e9ment vos recettes avec le four encastrable multifonction IFW6540PIX d&#8217;Indesit. Complet, il dispose de 6 modes de cuisson traditionnelles capables de r\u00e9pondre \u00e0 vos diff\u00e9rentes envies comme la convection&hellip;<\/p>","protected":false},"featured_media":41425,"comment_status":"open","ping_status":"closed","template":"","meta":[],"product_brand":[],"product_cat":[15],"product_tag":[],"class_list":{"0":"post-41237","1":"product","2":"type-product","3":"status-publish","4":"has-post-thumbnail","6":"product_cat-uncategorized","8":"first","9":"instock","10":"shipping-taxable","11":"product-type-simple"},"aioseo_notices":[],"_links":{"self":[{"href":"https:\/\/tradafrik.com\/id\/wp-json\/wp\/v2\/product\/41237","targetHints":{"allow":["GET"]}}],"collection":[{"href":"https:\/\/tradafrik.com\/id\/wp-json\/wp\/v2\/product"}],"about":[{"href":"https:\/\/tradafrik.com\/id\/wp-json\/wp\/v2\/types\/product"}],"replies":[{"embeddable":true,"href":"https:\/\/tradafrik.com\/id\/wp-json\/wp\/v2\/comments?post=41237"}],"wp:featuredmedia":[{"embeddable":true,"href":"https:\/\/tradafrik.com\/id\/wp-json\/wp\/v2\/media\/41425"}],"wp:attachment":[{"href":"https:\/\/tradafrik.com\/id\/wp-json\/wp\/v2\/media?parent=41237"}],"wp:term":[{"taxonomy":"product_brand","embeddable":true,"href":"https:\/\/tradafrik.com\/id\/wp-json\/wp\/v2\/product_brand?post=41237"},{"taxonomy":"product_cat","embeddable":true,"href":"https:\/\/tradafrik.com\/id\/wp-json\/wp\/v2\/product_cat?post=41237"},{"taxonomy":"product_tag","embeddable":true,"href":"https:\/\/tradafrik.com\/id\/wp-json\/wp\/v2\/product_tag?post=41237"}],"curies":[{"name":"wp","href":"https:\/\/api.w.org\/{rel}","templated":true}]}}