{"id":41238,"date":"2025-07-26T16:08:15","date_gmt":"2025-07-26T20:08:15","guid":{"rendered":"https:\/\/tradafrik.com\/?post_type=product&#038;p=41238"},"modified":"2025-07-26T16:08:43","modified_gmt":"2025-07-26T20:08:43","slug":"import-placeholder-for-4877","status":"publish","type":"product","link":"https:\/\/tradafrik.com\/id\/produk\/import-placeholder-for-4877\/","title":{"rendered":"Import placeholder for 4877"},"content":{"rendered":"<p>\n          Structure Bandeau Type de commande: Electronique Type de programmateur: L3 LED (72&#215;44) rouge Type d&#8217;afficheur: Led rouge Dur\u00e9e de la minuterie (mn): 599 Nombre de niveaux de puissance: 6 Porte Mat\u00e9riau de la vitre ext\u00e9rieure: Verre Ouverture de la porte: Abattante Syst\u00e8me d&#8217;ouverture de la porte: Poign\u00e9e Couleur de la fa\u00e7ade: Inox Cavit\u00e9 1 Mat\u00e9riau de la cavit\u00e9: Enam\u00e9lite R\u00e9partiteur d&#8217;ondes: Diamant Nombre de sorties d&#8217;ondes: 2 Chaleur puls\u00e9e: Oui Puissance du grill en W: 1750 Plateau tournant int\u00e9gr\u00e9: Oui, possibilit\u00e9 d&#8217;arr\u00eat Diam\u00e8tre du plateau tournant (en cm): 36 Plateau tournant d\u00e9brayable: Oui Branchements, dimensions et poids Branchements Puissance maximum pour raccordement en (W): 3400 Fusible en A: 16 Tension en V: 220-240 Fr\u00e9quence en Hz: 50 Longueur du cordon \u00e9lectrique en cm: 130 Type de prise \u00e9lectrique: Sans prise Type de niche: 450X600X550 Certificats de conformit\u00e9: CE Dimensions et poids Dimensions du produit nu HxLxP (mm): 456X592X615 Dimensions du produit emball\u00e9 HxLxP (mm): 550X670X700 Dimensions de la cavit\u00e9 HxLxP (mm): 226X420X410 Dimensions de la niche d&#8217;encastrement H x L x P en mm: 450X560X550 Poids net en kg: 39 Poids brut en kg: 43 Accessoires fournis: Gradins fils chrom\u00e9s;1 Grille s\u00e9curit\u00e9; Plat verre carr\u00e9<\/p>\n<\/div>\n<div id=\"technical_details\">\n<table>\n<tr>\n<th>Marque<\/th>\n<td>\u200eSauter<\/td>\n<\/tr>\n<tr>\n<th>R\u00e9f\u00e9rence<\/th>\n<td>\u200eSMC4470X<\/td>\n<\/tr>\n<tr>\n<th>Dimensions du produit (L x l x h)<\/th>\n<td>\u200e59,2 x 61,5 x 45,6 cm; 39 kilogrammes<\/td>\n<\/tr>\n<tr>\n<th>Num\u00e9ro du mod\u00e8le de l&#8217;article<\/th>\n<td>\u200eSMC4470X<\/td>\n<\/tr>\n<tr>\n<th>Capacit\u00e9<\/th>\n<td>\u200e40 Litres<\/td>\n<\/tr>\n<tr>\n<th>Dimensions du produit<\/th>\n<td>\u200e40<\/td>\n<\/tr>\n<tr>\n<th>Type d&#8217;installation<\/th>\n<td>\u200eInt\u00e9gr\u00e9<\/td>\n<\/tr>\n<tr>\n<th>R\u00e9f\u00e9rence<\/th>\n<td>\u200eSMC4470X<\/td>\n<\/tr>\n<tr>\n<th>Particularit\u00e9s<\/th>\n<td>\u200eCuisson automatique<\/td>\n<\/tr>\n<tr>\n<th>Couleur<\/th>\n<td>\u200eInox<\/td>\n<\/tr>\n<tr>\n<th>Watt<\/th>\n<td>\u200e1000 Watts<\/td>\n<\/tr>\n<tr>\n<th>Mat\u00e9riau<\/th>\n<td>\u200eAcier inoxydable<\/td>\n<\/tr>\n<tr>\n<th>Piles incluses ?<\/th>\n<td>\u200eNon<\/td>\n<\/tr>\n<tr>\n<th>Batterie(s) \/ Pile(s) requise(s)<\/th>\n<td>\u200eNon<\/td>\n<\/tr>\n<tr>\n<th>Poids<\/th>\n<td>\u200e39000 Grammes<\/td>\n<\/tr>\n<tr>\n<th>Garantie commerciale constructeur<\/th>\n<td>\u200e2 ans<\/td>\n<\/tr>\n<tr>\n<th>Disponibilit\u00e9 des pi\u00e8ces d\u00e9tach\u00e9es<\/th>\n<td>\u200eInformation indisponible sur les pi\u00e8ces d\u00e9tach\u00e9es<\/td>\n<\/tr>\n<\/table>","protected":false},"excerpt":{"rendered":"<p>Structure Bandeau Type de commande: Electronique Type de programmateur: L3 LED (72&#215;44) rouge Type d&#8217;afficheur: Led rouge Dur\u00e9e de la minuterie (mn): 599 Nombre de niveaux de puissance: 6 Porte&hellip;<\/p>","protected":false},"featured_media":41431,"comment_status":"open","ping_status":"closed","template":"","meta":[],"product_brand":[],"product_cat":[15],"product_tag":[],"class_list":{"0":"post-41238","1":"product","2":"type-product","3":"status-publish","4":"has-post-thumbnail","6":"product_cat-uncategorized","8":"first","9":"instock","10":"shipping-taxable","11":"product-type-simple"},"aioseo_notices":[],"_links":{"self":[{"href":"https:\/\/tradafrik.com\/id\/wp-json\/wp\/v2\/product\/41238","targetHints":{"allow":["GET"]}}],"collection":[{"href":"https:\/\/tradafrik.com\/id\/wp-json\/wp\/v2\/product"}],"about":[{"href":"https:\/\/tradafrik.com\/id\/wp-json\/wp\/v2\/types\/product"}],"replies":[{"embeddable":true,"href":"https:\/\/tradafrik.com\/id\/wp-json\/wp\/v2\/comments?post=41238"}],"wp:featuredmedia":[{"embeddable":true,"href":"https:\/\/tradafrik.com\/id\/wp-json\/wp\/v2\/media\/41431"}],"wp:attachment":[{"href":"https:\/\/tradafrik.com\/id\/wp-json\/wp\/v2\/media?parent=41238"}],"wp:term":[{"taxonomy":"product_brand","embeddable":true,"href":"https:\/\/tradafrik.com\/id\/wp-json\/wp\/v2\/product_brand?post=41238"},{"taxonomy":"product_cat","embeddable":true,"href":"https:\/\/tradafrik.com\/id\/wp-json\/wp\/v2\/product_cat?post=41238"},{"taxonomy":"product_tag","embeddable":true,"href":"https:\/\/tradafrik.com\/id\/wp-json\/wp\/v2\/product_tag?post=41238"}],"curies":[{"name":"wp","href":"https:\/\/api.w.org\/{rel}","templated":true}]}}