{"id":41239,"date":"2025-07-26T16:08:15","date_gmt":"2025-07-26T20:08:15","guid":{"rendered":"https:\/\/tradafrik.com\/?post_type=product&#038;p=41239"},"modified":"2025-07-26T16:08:44","modified_gmt":"2025-07-26T20:08:44","slug":"import-placeholder-for-4878","status":"publish","type":"product","link":"https:\/\/tradafrik.com\/id\/produk\/import-placeholder-for-4878\/","title":{"rendered":"Import placeholder for 4878"},"content":{"rendered":"<p>\n       Description du produit<br \/>\n       Bosch Aspirateur ProSilence S\u00e9rie | 8 D\u00e9couvrez un nouveau type de nettoyage avec l\u2019aspirateur sans sac Bosch ProSilence S\u00e9rie | 8. Facile \u00e0 utiliser, silencieux et hygi\u00e9nique, cet aspirateur est dot\u00e9 de la technologie automatique AirCycle pour une efficacit\u00e9 de nettoyage \u00e9lev\u00e9e sans r\u00e9percussion sur la performance, gr\u00e2ce\u00e0 l\u2019auto-nettoyage automatique, aux syst\u00e8mes de contr\u00f4le SmartSensor et au QuattroPower. L\u2019embout pour les sols durs est sp\u00e9cialement con\u00e7upour un nettoyage en profondeur de tous types de sols ayant des fentes comme le carrelage et convient \u00e9galement pour le nettoyage des solssensibles comme le parquet. Facile \u00e0 utiliser, le ProSilence poss\u00e8de un rayon d\u2019action de 11 m, un enrouleur automatique de cordon et 4 roulettesmultidirectionnelles pour une aspiration \u00e0 360\u00ba. Cet aspirateur combine un moteur con\u00e7u et d\u00e9velopp\u00e9 par Bosch en Allemagne et un filtrehygi\u00e9nique HEPA pour une performance constante et puissante ainsi qu\u2019un air plus \u00e9pur\u00e9 pour les personnes allergiques. Description du produit : Nom : BGS7MS64 Couleur : Noir Type de construction : Cylindre Poids : 6,7 kg (sans accessoires) Syst\u00e8me de filtration : sans sac, filtre hygi\u00e9nique HEPA Contr\u00f4le de suction variable Capacit\u00e9 du bac \u00e0 poussi\u00e8re : XXL Bosch &#8211; Des technologies pour la vie Bosch a pour mission de rendre la vie plus facile en proposant des \u00e9quipements fiables, efficaces, et agr\u00e9ables \u00e0 utiliser, pour vous assurer plus de tranquillit\u00e9 d&#8217;esprit dans votre vie quotidienne. Bosch fut fond\u00e9 en 1886 lorsque Robert Bosch ouvrit son premieratelier d&#8217;ing\u00e9nierie \u00e0 Stuttgart, en Allemagne. Des d\u00e9cennies plus tard, la marque s&#8217;est impos\u00e9e comme une r\u00e9f\u00e9rence de l&#8217;\u00e9lectrom\u00e9nagergr\u00e2ce \u00e0 ses appareils \u00e0 la pointe de la technologie et \u00e0 la qualit\u00e9 toujours plus reconnue.<br \/>\n       Contenu du coffret<br \/>\n       Aspirateur<\/p>\n<\/div>\n<div id=\"technical_details\">\n<table>\n<tr>\n<th>Fabricant<\/th>\n<td>\u200eBosch Electrom\u00e9nager<\/td>\n<\/tr>\n<tr>\n<th>Dimensions du produit (L x l x h)<\/th>\n<td>\u200e47 x 32 x 31 cm; 8,6 kilogrammes<\/td>\n<\/tr>\n<tr>\n<th>R\u00e9f\u00e9rence<\/th>\n<td>\u200eBGS7MS64<\/td>\n<\/tr>\n<tr>\n<th>Couleur<\/th>\n<td>\u200eNoir<\/td>\n<\/tr>\n<tr>\n<th>Style<\/th>\n<td>\u200eSleek<\/td>\n<\/tr>\n<tr>\n<th>Finition<\/th>\n<td>\u200eNoir, probablement brillant ou mat<\/td>\n<\/tr>\n<tr>\n<th>Mati\u00e8re<\/th>\n<td>\u200eMat\u00e9riau du tube: M\u00e9tal<\/td>\n<\/tr>\n<tr>\n<th>Volume indicatif<\/th>\n<td>\u200e3 Litres<\/td>\n<\/tr>\n<tr>\n<th>Watt<\/th>\n<td>\u200e800 Watts<\/td>\n<\/tr>\n<tr>\n<th>Quantit\u00e9 d&#8217;articles<\/th>\n<td>\u200e1<\/td>\n<\/tr>\n<tr>\n<th>Nombre de pi\u00e8ces<\/th>\n<td>\u200e1<\/td>\n<\/tr>\n<tr>\n<th>Niveau sonore<\/th>\n<td>\u200e64 dB<\/td>\n<\/tr>\n<tr>\n<th>Nombre de poign\u00e9es<\/th>\n<td>\u200e1<\/td>\n<\/tr>\n<tr>\n<th>Fonctions sp\u00e9ciales<\/th>\n<td>\u200e64 dB, 11 m\u00e8tres, 800 W, 3 Litres<\/td>\n<\/tr>\n<tr>\n<th>Utilisation<\/th>\n<td>\u200eMaison<\/td>\n<\/tr>\n<tr>\n<th>Composants inclus<\/th>\n<td>\u200eAspirateur tra\u00eeneau, suceur plat, brosse pour meubles, brosse \u00e0 roulettes commutable, brosse \u00e0 coussins, brosse pour sols durs.<\/td>\n<\/tr>\n<tr>\n<th>Piles incluses ?<\/th>\n<td>\u200eNon<\/td>\n<\/tr>\n<tr>\n<th>Batterie(s) \/ Pile(s) requise(s)<\/th>\n<td>\u200eNon<\/td>\n<\/tr>\n<tr>\n<th>Type de batterie \/ pile<\/th>\n<td>\u200eLithium-ion<\/td>\n<\/tr>\n<tr>\n<th>Garantie constructeur<\/th>\n<td>\u200e2 ans.<\/td>\n<\/tr>\n<tr>\n<th>Disponibilit\u00e9 des pi\u00e8ces d\u00e9tach\u00e9es<\/th>\n<td>\u200eInformation indisponible sur les pi\u00e8ces d\u00e9tach\u00e9es<\/td>\n<\/tr>\n<\/table>","protected":false},"excerpt":{"rendered":"<p>Description du produit Bosch Aspirateur ProSilence S\u00e9rie | 8 D\u00e9couvrez un nouveau type de nettoyage avec l\u2019aspirateur sans sac Bosch ProSilence S\u00e9rie | 8. Facile \u00e0 utiliser, silencieux et hygi\u00e9nique,&hellip;<\/p>","protected":false},"featured_media":41432,"comment_status":"open","ping_status":"closed","template":"","meta":[],"product_brand":[],"product_cat":[15],"product_tag":[],"class_list":{"0":"post-41239","1":"product","2":"type-product","3":"status-publish","4":"has-post-thumbnail","6":"product_cat-uncategorized","8":"first","9":"instock","10":"shipping-taxable","11":"product-type-simple"},"aioseo_notices":[],"_links":{"self":[{"href":"https:\/\/tradafrik.com\/id\/wp-json\/wp\/v2\/product\/41239","targetHints":{"allow":["GET"]}}],"collection":[{"href":"https:\/\/tradafrik.com\/id\/wp-json\/wp\/v2\/product"}],"about":[{"href":"https:\/\/tradafrik.com\/id\/wp-json\/wp\/v2\/types\/product"}],"replies":[{"embeddable":true,"href":"https:\/\/tradafrik.com\/id\/wp-json\/wp\/v2\/comments?post=41239"}],"wp:featuredmedia":[{"embeddable":true,"href":"https:\/\/tradafrik.com\/id\/wp-json\/wp\/v2\/media\/41432"}],"wp:attachment":[{"href":"https:\/\/tradafrik.com\/id\/wp-json\/wp\/v2\/media?parent=41239"}],"wp:term":[{"taxonomy":"product_brand","embeddable":true,"href":"https:\/\/tradafrik.com\/id\/wp-json\/wp\/v2\/product_brand?post=41239"},{"taxonomy":"product_cat","embeddable":true,"href":"https:\/\/tradafrik.com\/id\/wp-json\/wp\/v2\/product_cat?post=41239"},{"taxonomy":"product_tag","embeddable":true,"href":"https:\/\/tradafrik.com\/id\/wp-json\/wp\/v2\/product_tag?post=41239"}],"curies":[{"name":"wp","href":"https:\/\/api.w.org\/{rel}","templated":true}]}}