{"id":41379,"date":"2025-07-26T16:08:36","date_gmt":"2025-07-26T20:08:36","guid":{"rendered":"https:\/\/tradafrik.com\/?post_type=product&#038;p=41379"},"modified":"2025-07-26T16:08:46","modified_gmt":"2025-07-26T20:08:46","slug":"import-placeholder-for-4935","status":"publish","type":"product","link":"https:\/\/tradafrik.com\/id\/produk\/import-placeholder-for-4935\/","title":{"rendered":"Import placeholder for 4935"},"content":{"rendered":"<p>\n          La machine \u00e0 caf\u00e9 \u00e0 dosettes SENSEO au design compact et moderne. Profitez d&#8217;une vari\u00e9t\u00e9 de caf\u00e9 de qualit\u00e9 sup\u00e9rieure avec un caf\u00e9 doux et fort ou un expresso intense. Champ d&#8217;application : les mat\u00e9riaux en contact alimentaire (FCM) ne doivent pas \u00eatre fabriqu\u00e9s \u00e0 partir de plastique recycl\u00e9 (r\u00e8glement UE 282\/2008) Excl. Les FCM sont 80 % du plastique fabriqu\u00e9 \u00e0 partir de mat\u00e9riaux recycl\u00e9s. Par rapport \u00e0 HD7865 conform\u00e9ment \u00e0 la norme EN 60661:2014.<\/p>\n<\/div>\n<div id=\"technical_details\">\n<table>\n<tr>\n<th>Marque<\/th>\n<td>\u200ePhilips Domestic Appliances<\/td>\n<\/tr>\n<tr>\n<th>Num\u00e9ro de mod\u00e8le<\/th>\n<td>\u200eCSA260\/60<\/td>\n<\/tr>\n<tr>\n<th>Couleur<\/th>\n<td>\u200eNoir<\/td>\n<\/tr>\n<tr>\n<th>Dimensions du produit (L x l x h)<\/th>\n<td>\u200e17 x 28,5 x 31 cm; 2,43 kilogrammes<\/td>\n<\/tr>\n<tr>\n<th>Voltage<\/th>\n<td>\u200e240<\/td>\n<\/tr>\n<tr>\n<th>Fonction arr\u00eat automatique<\/th>\n<td>\u200eOui<\/td>\n<\/tr>\n<tr>\n<th>Caract\u00e9ristiques<\/th>\n<td>\u200eSoupape de s\u00e9curit\u00e9 facile \u00e0 nettoyer, convient aux plaques \u00e0 induction, ne passe pas au lave-vaisselle<\/td>\n<\/tr>\n<tr>\n<th>Poids de l&#8217;article<\/th>\n<td>\u200e2,43 Kilograms<\/td>\n<\/tr>\n<tr>\n<th>Disponibilit\u00e9 des pi\u00e8ces d\u00e9tach\u00e9es<\/th>\n<td>\u200eInformation indisponible sur les pi\u00e8ces d\u00e9tach\u00e9es<\/td>\n<\/tr>\n<\/table>","protected":false},"excerpt":{"rendered":"<p>La machine \u00e0 caf\u00e9 \u00e0 dosettes SENSEO au design compact et moderne. Profitez d&#8217;une vari\u00e9t\u00e9 de caf\u00e9 de qualit\u00e9 sup\u00e9rieure avec un caf\u00e9 doux et fort ou un expresso intense.&hellip;<\/p>","protected":false},"featured_media":41448,"comment_status":"open","ping_status":"closed","template":"","meta":[],"product_brand":[],"product_cat":[15],"product_tag":[],"class_list":{"0":"post-41379","1":"product","2":"type-product","3":"status-publish","4":"has-post-thumbnail","6":"product_cat-uncategorized","8":"first","9":"instock","10":"shipping-taxable","11":"product-type-simple"},"aioseo_notices":[],"_links":{"self":[{"href":"https:\/\/tradafrik.com\/id\/wp-json\/wp\/v2\/product\/41379","targetHints":{"allow":["GET"]}}],"collection":[{"href":"https:\/\/tradafrik.com\/id\/wp-json\/wp\/v2\/product"}],"about":[{"href":"https:\/\/tradafrik.com\/id\/wp-json\/wp\/v2\/types\/product"}],"replies":[{"embeddable":true,"href":"https:\/\/tradafrik.com\/id\/wp-json\/wp\/v2\/comments?post=41379"}],"wp:featuredmedia":[{"embeddable":true,"href":"https:\/\/tradafrik.com\/id\/wp-json\/wp\/v2\/media\/41448"}],"wp:attachment":[{"href":"https:\/\/tradafrik.com\/id\/wp-json\/wp\/v2\/media?parent=41379"}],"wp:term":[{"taxonomy":"product_brand","embeddable":true,"href":"https:\/\/tradafrik.com\/id\/wp-json\/wp\/v2\/product_brand?post=41379"},{"taxonomy":"product_cat","embeddable":true,"href":"https:\/\/tradafrik.com\/id\/wp-json\/wp\/v2\/product_cat?post=41379"},{"taxonomy":"product_tag","embeddable":true,"href":"https:\/\/tradafrik.com\/id\/wp-json\/wp\/v2\/product_tag?post=41379"}],"curies":[{"name":"wp","href":"https:\/\/api.w.org\/{rel}","templated":true}]}}