{"id":41382,"date":"2025-07-26T16:08:37","date_gmt":"2025-07-26T20:08:37","guid":{"rendered":"https:\/\/tradafrik.com\/?post_type=product&#038;p=41382"},"modified":"2025-07-26T16:08:48","modified_gmt":"2025-07-26T20:08:48","slug":"import-placeholder-for-4938","status":"publish","type":"product","link":"https:\/\/tradafrik.com\/id\/produk\/import-placeholder-for-4938\/","title":{"rendered":"Import placeholder for 4938"},"content":{"rendered":"<p>\n          Le four \u00e0 micro-ondes combin\u00e9 DO2334CG de DOMO est un appareil extr\u00eamement polyvalent. Vous pouvez r\u00e9chauffer, d\u00e9congeler, cuire, griller&#8230; Tout cela gr\u00e2ce \u00e0 la combinaison de trois fonctions en une : micro-ondes, gril (avec grille) et convection. Avec sa capacit\u00e9 de 34 litres, 4 r\u00e9glages combin\u00e9s et 5 r\u00e9glages de puissance, ce four \u00e0 micro-ondes combin\u00e9 sera un r\u00e9el atout dans votre cuisine. L\u2019appareil dispose de plus de 10 programmes automatiques pour votre confort d\u2019utilisation. Il vous permet par exemple de pr\u00e9parer une pizza, un g\u00e2teau ou des pommes de terre en un tour de main. Il est \u00e9galement possible de r\u00e9gler soi-m\u00eame la temp\u00e9rature, la puissance ou l\u2019heure.<\/p>\n<\/div>\n<div id=\"technical_details\">\n<table>\n<tr>\n<th>Marque<\/th>\n<td>\u200eDomo<\/td>\n<\/tr>\n<tr>\n<th>R\u00e9f\u00e9rence<\/th>\n<td>\u200eDO2334CG<\/td>\n<\/tr>\n<tr>\n<th>Dimensions du produit (L x l x h)<\/th>\n<td>\u200e51,5 x 50,5 x 31,4 cm; 18,51 kilogrammes<\/td>\n<\/tr>\n<tr>\n<th>Num\u00e9ro du mod\u00e8le de l&#8217;article<\/th>\n<td>\u200eDO2334CG<\/td>\n<\/tr>\n<tr>\n<th>Consommation d&#8217;\u00e9nergie<\/th>\n<td>\u200e1000 Watts<\/td>\n<\/tr>\n<tr>\n<th>Capacit\u00e9<\/th>\n<td>\u200e34 Litres<\/td>\n<\/tr>\n<tr>\n<th>Type d&#8217;installation<\/th>\n<td>\u200eAutonome<\/td>\n<\/tr>\n<tr>\n<th>R\u00e9f\u00e9rence<\/th>\n<td>\u200eDO2334CG<\/td>\n<\/tr>\n<tr>\n<th>Particularit\u00e9s<\/th>\n<td>\u200eMinuteur<\/td>\n<\/tr>\n<tr>\n<th>Mode de cuisson<\/th>\n<td>\u200eConvection<\/td>\n<\/tr>\n<tr>\n<th>Couleur<\/th>\n<td>\u200eArgent\u00e9<\/td>\n<\/tr>\n<tr>\n<th>Tension<\/th>\n<td>\u200e230 Volts<\/td>\n<\/tr>\n<tr>\n<th>Watt<\/th>\n<td>\u200e2500 Watts<\/td>\n<\/tr>\n<tr>\n<th>Type de froid<\/th>\n<td>\u200eD\u00e9givrage automatique<\/td>\n<\/tr>\n<tr>\n<th>Mat\u00e9riau<\/th>\n<td>\u200eVerre<\/td>\n<\/tr>\n<tr>\n<th>Rev\u00eatement int\u00e9rieur<\/th>\n<td>\u200eVerre<\/td>\n<\/tr>\n<tr>\n<th>Composants inclus<\/th>\n<td>\u200eMicro-ondes, plateau tournant<\/td>\n<\/tr>\n<tr>\n<th>Piles incluses ?<\/th>\n<td>\u200eNon<\/td>\n<\/tr>\n<tr>\n<th>Batterie(s) \/ Pile(s) requise(s)<\/th>\n<td>\u200eNon<\/td>\n<\/tr>\n<tr>\n<th>Poids<\/th>\n<td>\u200e18,51 Kilogrammes<\/td>\n<\/tr>\n<tr>\n<th>Disponibilit\u00e9 des pi\u00e8ces d\u00e9tach\u00e9es<\/th>\n<td>\u200eInformation indisponible sur les pi\u00e8ces d\u00e9tach\u00e9es<\/td>\n<\/tr>\n<\/table>","protected":false},"excerpt":{"rendered":"<p>Le four \u00e0 micro-ondes combin\u00e9 DO2334CG de DOMO est un appareil extr\u00eamement polyvalent. Vous pouvez r\u00e9chauffer, d\u00e9congeler, cuire, griller&#8230; Tout cela gr\u00e2ce \u00e0 la combinaison de trois fonctions en une&hellip;<\/p>","protected":false},"featured_media":41460,"comment_status":"open","ping_status":"closed","template":"","meta":[],"product_brand":[],"product_cat":[15],"product_tag":[],"class_list":{"0":"post-41382","1":"product","2":"type-product","3":"status-publish","4":"has-post-thumbnail","6":"product_cat-uncategorized","8":"first","9":"instock","10":"shipping-taxable","11":"product-type-simple"},"aioseo_notices":[],"_links":{"self":[{"href":"https:\/\/tradafrik.com\/id\/wp-json\/wp\/v2\/product\/41382","targetHints":{"allow":["GET"]}}],"collection":[{"href":"https:\/\/tradafrik.com\/id\/wp-json\/wp\/v2\/product"}],"about":[{"href":"https:\/\/tradafrik.com\/id\/wp-json\/wp\/v2\/types\/product"}],"replies":[{"embeddable":true,"href":"https:\/\/tradafrik.com\/id\/wp-json\/wp\/v2\/comments?post=41382"}],"wp:featuredmedia":[{"embeddable":true,"href":"https:\/\/tradafrik.com\/id\/wp-json\/wp\/v2\/media\/41460"}],"wp:attachment":[{"href":"https:\/\/tradafrik.com\/id\/wp-json\/wp\/v2\/media?parent=41382"}],"wp:term":[{"taxonomy":"product_brand","embeddable":true,"href":"https:\/\/tradafrik.com\/id\/wp-json\/wp\/v2\/product_brand?post=41382"},{"taxonomy":"product_cat","embeddable":true,"href":"https:\/\/tradafrik.com\/id\/wp-json\/wp\/v2\/product_cat?post=41382"},{"taxonomy":"product_tag","embeddable":true,"href":"https:\/\/tradafrik.com\/id\/wp-json\/wp\/v2\/product_tag?post=41382"}],"curies":[{"name":"wp","href":"https:\/\/api.w.org\/{rel}","templated":true}]}}