{"id":41386,"date":"2025-07-26T16:08:37","date_gmt":"2025-07-26T20:08:37","guid":{"rendered":"https:\/\/tradafrik.com\/?post_type=product&#038;p=41386"},"modified":"2025-07-26T16:53:57","modified_gmt":"2025-07-26T20:53:57","slug":"import-placeholder-for-4942","status":"publish","type":"product","link":"https:\/\/tradafrik.com\/id\/produk\/import-placeholder-for-4942\/","title":{"rendered":"Import placeholder for 4942"},"content":{"rendered":"<p>\n          Une v\u00e9ritable cha\u00eene de boulangerie avec mouvement plan\u00e9taire et un ensemble de p\u00e2tisseries en acier inoxydable, le nouveau Cooking Chef Experience est \u00e9galement le seul robot de cuisine de marque. \u00c9quip\u00e9 d&#8217;un \u00e9cran Color Touch, il p\u00e8se au gramme suivant et cuit jusqu&#8217;\u00e0 180 \u00b0C pour pr\u00e9parer toutes les recettes sucr\u00e9es ou sal\u00e9es, des plus simples aux plus complexes. Puissant et silencieux, le moteur professionnel de 1500 W est garanti 10 ans. Ce nouveau robot est maintenant connect\u00e9 pour vous permettre de manquer d&#8217;id\u00e9es et de vous laisser diriger. Comme son pr\u00e9d\u00e9cesseur, il \u00e9volue gr\u00e2ce \u00e0 plus de 30 accessoires adaptables.<\/p>\n<\/div>\n<div id=\"technical_details\">\n<table>\n<tr>\n<th>Marque<\/th>\n<td>\u200eKenwood<\/td>\n<\/tr>\n<tr>\n<th>Num\u00e9ro de mod\u00e8le<\/th>\n<td>\u200eKCL95.429SI<\/td>\n<\/tr>\n<tr>\n<th>Couleur<\/th>\n<td>\u200eArgent\u00e9<\/td>\n<\/tr>\n<tr>\n<th>Dimensions du produit (L x l x h)<\/th>\n<td>\u200e67 x 51 x 37 cm; 15,6 kilogrammes<\/td>\n<\/tr>\n<tr>\n<th>Nombre de vitesses<\/th>\n<td>\u200e13<\/td>\n<\/tr>\n<tr>\n<th>Caract\u00e9ristiques<\/th>\n<td>\u200eCuisson \u00e0 induction<\/td>\n<\/tr>\n<tr>\n<th>Poids de l&#8217;article<\/th>\n<td>\u200e15,6 Kilograms<\/td>\n<\/tr>\n<tr>\n<th>Disponibilit\u00e9 des pi\u00e8ces d\u00e9tach\u00e9es<\/th>\n<td>\u200eInformation indisponible sur les pi\u00e8ces d\u00e9tach\u00e9es<\/td>\n<\/tr>\n<\/table>","protected":false},"excerpt":{"rendered":"<p>Une v\u00e9ritable cha\u00eene de boulangerie avec mouvement plan\u00e9taire et un ensemble de p\u00e2tisseries en acier inoxydable, le nouveau Cooking Chef Experience est \u00e9galement le seul robot de cuisine de marque.&hellip;<\/p>","protected":false},"featured_media":41487,"comment_status":"open","ping_status":"closed","template":"","meta":[],"product_brand":[],"product_cat":[340],"product_tag":[],"class_list":{"0":"post-41386","1":"product","2":"type-product","3":"status-publish","4":"has-post-thumbnail","6":"product_cat-home-appliance","8":"first","9":"instock","10":"shipping-taxable","11":"product-type-simple"},"aioseo_notices":[],"_links":{"self":[{"href":"https:\/\/tradafrik.com\/id\/wp-json\/wp\/v2\/product\/41386","targetHints":{"allow":["GET"]}}],"collection":[{"href":"https:\/\/tradafrik.com\/id\/wp-json\/wp\/v2\/product"}],"about":[{"href":"https:\/\/tradafrik.com\/id\/wp-json\/wp\/v2\/types\/product"}],"replies":[{"embeddable":true,"href":"https:\/\/tradafrik.com\/id\/wp-json\/wp\/v2\/comments?post=41386"}],"wp:featuredmedia":[{"embeddable":true,"href":"https:\/\/tradafrik.com\/id\/wp-json\/wp\/v2\/media\/41487"}],"wp:attachment":[{"href":"https:\/\/tradafrik.com\/id\/wp-json\/wp\/v2\/media?parent=41386"}],"wp:term":[{"taxonomy":"product_brand","embeddable":true,"href":"https:\/\/tradafrik.com\/id\/wp-json\/wp\/v2\/product_brand?post=41386"},{"taxonomy":"product_cat","embeddable":true,"href":"https:\/\/tradafrik.com\/id\/wp-json\/wp\/v2\/product_cat?post=41386"},{"taxonomy":"product_tag","embeddable":true,"href":"https:\/\/tradafrik.com\/id\/wp-json\/wp\/v2\/product_tag?post=41386"}],"curies":[{"name":"wp","href":"https:\/\/api.w.org\/{rel}","templated":true}]}}