{"id":41521,"date":"2025-07-26T16:08:59","date_gmt":"2025-07-26T20:08:59","guid":{"rendered":"https:\/\/tradafrik.com\/?post_type=product&#038;p=41521"},"modified":"2025-07-26T16:09:22","modified_gmt":"2025-07-26T20:09:22","slug":"import-placeholder-for-5092","status":"publish","type":"product","link":"https:\/\/tradafrik.com\/id\/produk\/import-placeholder-for-5092\/","title":{"rendered":"Import placeholder for 5092"},"content":{"rendered":"<p>\u00c0 propos de cet article BOL ROBUSTE DE 5 LITRES &#8211; en acier inoxydable, elle offre suffisamment d&#8217;espace pour la pr\u00e9paration d&#8217;une grande vari\u00e9t\u00e9 de plats et garantit la durabilit\u00e9 et la facilit\u00e9 de nettoyage. R\u00c9GULATION PR\u00c9CISE DE LA VITESSE &#8211; la r\u00e9gulation de la vitesse \u00e0 6 niveaux permet de s&#8217;adapter aux diff\u00e9rents ingr\u00e9dients et aux exigences des recettes et garantit un m\u00e9lange pr\u00e9cis et homog\u00e8ne. SYST\u00c8ME PLANETAIRE &#8211; gr\u00e2ce \u00e0 ce syst\u00e8me, les ingr\u00e9dients sont m\u00e9lang\u00e9s de mani\u00e8re uniforme et efficace, ce qui garantit une consistance parfaite des aliments pr\u00e9par\u00e9s. EXTRAS FONCTIONNELS &#8211; avec couvercle en plastique prot\u00e9g\u00e9 contre les \u00e9claboussures pour minimiser les salissures lors du mixage. Les pieds antid\u00e9rapants assurent une bonne stabilit\u00e9 pendant l&#8217;utilisation. La protection contre la surchauffe garantit en outre un fonctionnement s\u00fbr. PLUSIEURS FONCTIONS EN UN SEUL APPAREIL &#8211; \u00c9quip\u00e9 d&#8217;un hachoir \u00e0 viande, d&#8217;un bol m\u00e9langeur, d&#8217;un accessoire pour p\u00e9trir la p\u00e2te, d&#8217;un fouet et d&#8217;un batteur, il offre polyvalence et flexibilit\u00e9 pour la pr\u00e9paration d&#8217;une grande vari\u00e9t\u00e9 de plats et de g\u00e2teaux. \u203a Voir plus de d\u00e9tails<\/p>\n<table>\n<tr>\n<th>Marque<\/th>\n<td>\u200eLEHMANN<\/td>\n<\/tr>\n<tr>\n<th>Num\u00e9ro de mod\u00e8le<\/th>\n<td>\u200eLHOPM-1305A<\/td>\n<\/tr>\n<tr>\n<th>Couleur<\/th>\n<td>\u200eNoir<\/td>\n<\/tr>\n<tr>\n<th>Dimensions du produit (L x l x h)<\/th>\n<td>\u200e24,9 x 52,9 x 38,1 cm; 7 kilogrammes<\/td>\n<\/tr>\n<tr>\n<th>Capacit\u00e9<\/th>\n<td>\u200e5 Litres<\/td>\n<\/tr>\n<tr>\n<th>Fonction arr\u00eat automatique<\/th>\n<td>\u200eNon<\/td>\n<\/tr>\n<tr>\n<th>Nombre de vitesses<\/th>\n<td>\u200e6<\/td>\n<\/tr>\n<tr>\n<th>Caract\u00e9ristiques<\/th>\n<td>\u200eSyst\u00e8me plan\u00e9taire, R\u00e9glage de vitesse pr\u00e9cis, Extras fonctionnels, Multi-usage en un seul appareil<\/td>\n<\/tr>\n<tr>\n<th>Poids de l&#8217;article<\/th>\n<td>\u200e7 Kilograms<\/td>\n<\/tr>\n<tr>\n<th>Disponibilit\u00e9 des pi\u00e8ces d\u00e9tach\u00e9es<\/th>\n<td>\u200eInformation indisponible sur les pi\u00e8ces d\u00e9tach\u00e9es<\/td>\n<\/tr>\n<\/table>","protected":false},"excerpt":{"rendered":"<p>\u00c0 propos de cet article BOL ROBUSTE DE 5 LITRES &#8211; en acier inoxydable, elle offre suffisamment d&#8217;espace pour la pr\u00e9paration d&#8217;une grande vari\u00e9t\u00e9 de plats et garantit la durabilit\u00e9&hellip;<\/p>","protected":false},"featured_media":41632,"comment_status":"open","ping_status":"closed","template":"","meta":[],"product_brand":[],"product_cat":[15],"product_tag":[],"class_list":{"0":"post-41521","1":"product","2":"type-product","3":"status-publish","4":"has-post-thumbnail","6":"product_cat-uncategorized","8":"first","9":"instock","10":"shipping-taxable","11":"product-type-simple"},"aioseo_notices":[],"_links":{"self":[{"href":"https:\/\/tradafrik.com\/id\/wp-json\/wp\/v2\/product\/41521","targetHints":{"allow":["GET"]}}],"collection":[{"href":"https:\/\/tradafrik.com\/id\/wp-json\/wp\/v2\/product"}],"about":[{"href":"https:\/\/tradafrik.com\/id\/wp-json\/wp\/v2\/types\/product"}],"replies":[{"embeddable":true,"href":"https:\/\/tradafrik.com\/id\/wp-json\/wp\/v2\/comments?post=41521"}],"wp:featuredmedia":[{"embeddable":true,"href":"https:\/\/tradafrik.com\/id\/wp-json\/wp\/v2\/media\/41632"}],"wp:attachment":[{"href":"https:\/\/tradafrik.com\/id\/wp-json\/wp\/v2\/media?parent=41521"}],"wp:term":[{"taxonomy":"product_brand","embeddable":true,"href":"https:\/\/tradafrik.com\/id\/wp-json\/wp\/v2\/product_brand?post=41521"},{"taxonomy":"product_cat","embeddable":true,"href":"https:\/\/tradafrik.com\/id\/wp-json\/wp\/v2\/product_cat?post=41521"},{"taxonomy":"product_tag","embeddable":true,"href":"https:\/\/tradafrik.com\/id\/wp-json\/wp\/v2\/product_tag?post=41521"}],"curies":[{"name":"wp","href":"https:\/\/api.w.org\/{rel}","templated":true}]}}