{"id":41524,"date":"2025-07-26T16:09:00","date_gmt":"2025-07-26T20:09:00","guid":{"rendered":"https:\/\/tradafrik.com\/?post_type=product&#038;p=41524"},"modified":"2025-07-26T16:09:27","modified_gmt":"2025-07-26T20:09:27","slug":"import-placeholder-for-5095","status":"publish","type":"product","link":"https:\/\/tradafrik.com\/id\/produk\/import-placeholder-for-5095\/","title":{"rendered":"Import placeholder for 5095"},"content":{"rendered":"<p>\n       Cafeti\u00e8re automatique attrayante, ajoutant une touche \u00e9l\u00e9gante et raffin\u00e9e \u00e0 votre cuisine &#8211; Boissons \u00e0 base de caf\u00e9 sur simple pression d&#8217;un bouton &#8211; Le syst\u00e8me Twin-Shot pr\u00e9pare 2 tasses d&#8217;expresso \u00e0 la fois &#8211; Mousse de lait cr\u00e9meuse avec la buse vapeur r\u00e9glable manuellement &#8211; Ar\u00f4me et quantit\u00e9 personnalisables &#8211; Corps noir brillant avec panneau de boutons argent\u00e9s \u00e0 toucher doux et affichage num\u00e9rique<\/p>\n<\/div>\n<div id=\"technical_details\">\n<table>\n<tr>\n<th>Marque<\/th>\n<td>\u200eDe&#8217;Longhi<\/td>\n<\/tr>\n<tr>\n<th>Num\u00e9ro de mod\u00e8le<\/th>\n<td>\u200eECAM11.112.B<\/td>\n<\/tr>\n<tr>\n<th>Couleur<\/th>\n<td>\u200eBlack<\/td>\n<\/tr>\n<tr>\n<th>Dimensions du produit (L x l x h)<\/th>\n<td>\u200e43 x 23 x 34 cm; 9 kilogrammes<\/td>\n<\/tr>\n<tr>\n<th>Voltage<\/th>\n<td>\u200e240<\/td>\n<\/tr>\n<tr>\n<th>Fonction arr\u00eat automatique<\/th>\n<td>\u200eOui<\/td>\n<\/tr>\n<tr>\n<th>Caract\u00e9ristiques<\/th>\n<td>\u200eProgrammable<\/td>\n<\/tr>\n<tr>\n<th>Poids de l&#8217;article<\/th>\n<td>\u200e9 Kilograms<\/td>\n<\/tr>\n<tr>\n<th>Disponibilit\u00e9 des pi\u00e8ces d\u00e9tach\u00e9es<\/th>\n<td>\u200eInformation indisponible sur les pi\u00e8ces d\u00e9tach\u00e9es<\/td>\n<\/tr>\n<\/table>","protected":false},"excerpt":{"rendered":"<p>Cafeti\u00e8re automatique attrayante, ajoutant une touche \u00e9l\u00e9gante et raffin\u00e9e \u00e0 votre cuisine &#8211; Boissons \u00e0 base de caf\u00e9 sur simple pression d&#8217;un bouton &#8211; Le syst\u00e8me Twin-Shot pr\u00e9pare 2 tasses&hellip;<\/p>","protected":false},"featured_media":41658,"comment_status":"open","ping_status":"closed","template":"","meta":[],"product_brand":[],"product_cat":[15],"product_tag":[],"class_list":{"0":"post-41524","1":"product","2":"type-product","3":"status-publish","4":"has-post-thumbnail","6":"product_cat-uncategorized","8":"first","9":"instock","10":"shipping-taxable","11":"product-type-simple"},"aioseo_notices":[],"_links":{"self":[{"href":"https:\/\/tradafrik.com\/id\/wp-json\/wp\/v2\/product\/41524","targetHints":{"allow":["GET"]}}],"collection":[{"href":"https:\/\/tradafrik.com\/id\/wp-json\/wp\/v2\/product"}],"about":[{"href":"https:\/\/tradafrik.com\/id\/wp-json\/wp\/v2\/types\/product"}],"replies":[{"embeddable":true,"href":"https:\/\/tradafrik.com\/id\/wp-json\/wp\/v2\/comments?post=41524"}],"wp:featuredmedia":[{"embeddable":true,"href":"https:\/\/tradafrik.com\/id\/wp-json\/wp\/v2\/media\/41658"}],"wp:attachment":[{"href":"https:\/\/tradafrik.com\/id\/wp-json\/wp\/v2\/media?parent=41524"}],"wp:term":[{"taxonomy":"product_brand","embeddable":true,"href":"https:\/\/tradafrik.com\/id\/wp-json\/wp\/v2\/product_brand?post=41524"},{"taxonomy":"product_cat","embeddable":true,"href":"https:\/\/tradafrik.com\/id\/wp-json\/wp\/v2\/product_cat?post=41524"},{"taxonomy":"product_tag","embeddable":true,"href":"https:\/\/tradafrik.com\/id\/wp-json\/wp\/v2\/product_tag?post=41524"}],"curies":[{"name":"wp","href":"https:\/\/api.w.org\/{rel}","templated":true}]}}