{"id":41217,"date":"2025-07-26T16:08:14","date_gmt":"2025-07-26T20:08:14","guid":{"rendered":"https:\/\/tradafrik.com\/?post_type=product&#038;p=41217"},"modified":"2025-07-26T16:08:20","modified_gmt":"2025-07-26T20:08:20","slug":"import-placeholder-for-4751","status":"publish","type":"product","link":"https:\/\/tradafrik.com\/ja\/product\/import-placeholder-for-4751\/","title":{"rendered":"Import placeholder for 4751"},"content":{"rendered":"<p>\u00c0 propos de cet article 2 MACHINES EN 1 : savourez vos caf\u00e9s pr\u00e9f\u00e9r\u00e9s \u00e0 la maison avec cette machine \u00e0 espresso et \u00e0 caf\u00e9 filtre 2-en-1. Elle inclut \u00e9galement un broyeur \u00e0 grains, un mousseur \u00e0 lait et un porte-filtre dot\u00e9 de paniers Double et Luxe MICRO-MOUSSE MAINS LIBRES : le mousseur automatis\u00e9 chauffe et fouette en m\u00eame temps, transformant lait ou boisson v\u00e9g\u00e9tale en micro-mousse. Profitez de 2 pr\u00e9r\u00e9glages mousse : Thin Froth (fine) et Thick Froth (Mousse \u00e9paisse) MACHINE \u00c0 CAF\u00c9 FACILE \u00c0 UTILISER : exercez vos talents de barista avec 25 r\u00e9glages de mouture, la balance et le mousseur \u00e0 lait int\u00e9gr\u00e9s. Ou laissez-vous guider par la machine, son panneau de commande intuitif, ses recommandations et pr\u00e9r\u00e9glages INCLUT : pichet \u00e0 mousse avec fouet, broyeur \u00e0 grains, brosse de nettoyage, kit de d\u00e9marrage (porte-filtre, panier double, panier Luxe, entonnoir et tasseur assist\u00e9), kit de nettoyage, kit de test de duret\u00e9 de l\u2019eau et livre de recettes DIMENSIONS : H : 37,2 x l : 33,6 x L : 34,4 cm. Poids : 16,65 kg. Couleur : argent \u203a Voir plus de d\u00e9tails<\/p>\n<table>\n<tr>\n<th>Marque<\/th>\n<td>\u200eNINJA<\/td>\n<\/tr>\n<tr>\n<th>Num\u00e9ro de mod\u00e8le<\/th>\n<td>\u200eES501EU<\/td>\n<\/tr>\n<tr>\n<th>Couleur<\/th>\n<td>\u200eArgent<\/td>\n<\/tr>\n<tr>\n<th>Dimensions du produit (L x l x h)<\/th>\n<td>\u200e34,4 x 33,6 x 37,2 cm; 13,36 kilogrammes<\/td>\n<\/tr>\n<tr>\n<th>Caract\u00e9ristiques<\/th>\n<td>\u200eBroyeur \u00e0 grains int\u00e9gr\u00e9, mousseur lait, programmable, avec 25 r\u00e9glages de mouture, balance int\u00e9gr\u00e9e, et nettoyage automatis\u00e9<\/td>\n<\/tr>\n<tr>\n<th>Poids de l&#8217;article<\/th>\n<td>\u200e13,4 Kilograms<\/td>\n<\/tr>\n<tr>\n<th>Disponibilit\u00e9 des pi\u00e8ces d\u00e9tach\u00e9es<\/th>\n<td>\u200eInformation indisponible sur les pi\u00e8ces d\u00e9tach\u00e9es<\/td>\n<\/tr>\n<\/table>","protected":false},"excerpt":{"rendered":"<p>\u00c0 propos de cet article 2 MACHINES EN 1 : savourez vos caf\u00e9s pr\u00e9f\u00e9r\u00e9s \u00e0 la maison avec cette machine \u00e0 espresso et \u00e0 caf\u00e9 filtre 2-en-1. Elle inclut \u00e9galement&hellip;<\/p>","protected":false},"featured_media":41270,"comment_status":"open","ping_status":"closed","template":"","meta":[],"product_brand":[],"product_cat":[15],"product_tag":[],"class_list":{"0":"post-41217","1":"product","2":"type-product","3":"status-publish","4":"has-post-thumbnail","6":"product_cat-uncategorized","8":"first","9":"instock","10":"shipping-taxable","11":"product-type-simple"},"aioseo_notices":[],"_links":{"self":[{"href":"https:\/\/tradafrik.com\/ja\/wp-json\/wp\/v2\/product\/41217","targetHints":{"allow":["GET"]}}],"collection":[{"href":"https:\/\/tradafrik.com\/ja\/wp-json\/wp\/v2\/product"}],"about":[{"href":"https:\/\/tradafrik.com\/ja\/wp-json\/wp\/v2\/types\/product"}],"replies":[{"embeddable":true,"href":"https:\/\/tradafrik.com\/ja\/wp-json\/wp\/v2\/comments?post=41217"}],"wp:featuredmedia":[{"embeddable":true,"href":"https:\/\/tradafrik.com\/ja\/wp-json\/wp\/v2\/media\/41270"}],"wp:attachment":[{"href":"https:\/\/tradafrik.com\/ja\/wp-json\/wp\/v2\/media?parent=41217"}],"wp:term":[{"taxonomy":"product_brand","embeddable":true,"href":"https:\/\/tradafrik.com\/ja\/wp-json\/wp\/v2\/product_brand?post=41217"},{"taxonomy":"product_cat","embeddable":true,"href":"https:\/\/tradafrik.com\/ja\/wp-json\/wp\/v2\/product_cat?post=41217"},{"taxonomy":"product_tag","embeddable":true,"href":"https:\/\/tradafrik.com\/ja\/wp-json\/wp\/v2\/product_tag?post=41217"}],"curies":[{"name":"wp","href":"https:\/\/api.w.org\/{rel}","templated":true}]}}