{"id":41220,"date":"2025-07-26T16:08:14","date_gmt":"2025-07-26T20:08:14","guid":{"rendered":"https:\/\/tradafrik.com\/?post_type=product&#038;p=41220"},"modified":"2025-07-26T16:08:25","modified_gmt":"2025-07-26T20:08:25","slug":"import-placeholder-for-4760","status":"publish","type":"product","link":"https:\/\/tradafrik.com\/ja\/product\/import-placeholder-for-4760\/","title":{"rendered":"Import placeholder for 4760"},"content":{"rendered":"<p>\n          Description du produit<br \/>\n          S\u00e9rie Philips 7000 Robot multifonction est la solution polyvalente pour vos besoins de cuisine. Pour hacher, trancher, d\u00e9chiqueter, p\u00e9trir, fouetter et mixer et r\u00e9aliser toutes vos recettes pr\u00e9f\u00e9r\u00e9es. Avec son nouveau crochet de p\u00e9trissage en m\u00e9tal innovant, son puissant moteur de 1 300 W et son bouton automatique \u00e0 une touche pour la p\u00e2te, faire du pain n&#8217;a jamais \u00e9t\u00e9 aussi facile. Un pichet m\u00e9langeur et un accessoire de centrifugeuse sont inclus pour pr\u00e9parer des smoothies et des jus maison sains pour toute la famille.<br \/>\n          Amazon.fr<br \/>\n           Faites vos propres pains, g\u00e2teaux, boissons et plus encore.<br \/>\n          Un maximum de recettes pour un minimum d&#8217;effort<br \/>\n          Faites vos propres pains, g\u00e2teaux, boissons et plus encore<br \/>\n          Ce robot de cuisine de la collection Philips Avance est une solution polyvalente pour vos besoins en cuisine. Avec son nouveau crochet de p\u00e9trissage m\u00e9tallique, son puissant moteur de 1 000 W et 3 boutons automatiques, p\u00e9trir vos p\u00e2tes, \u00e9mulsionner et r\u00e9aliser tous vos smoothies devient un jeu d&#8217;enfant.<br \/>\n          Les robots de cuisine de la collection Avance prennent en charge une grande vari\u00e9t\u00e9 d&#8217;accessoires tels que la centrifugeuse avec tamis brevet\u00e9 en micro-mailles m\u00e9talliques ou encore l&#8217;ensemble Gourmet 3 disques \u00e0 granuler, \u00e0 julienne et \u00e0 frites.<\/p>\n<p>          Points forts<br \/>\n          Presse-agrume pour du jus frais<br \/>\n          Cet accessoire est id\u00e9al pour extraire du jus frais de tous types d&#8217;agrume, oranges ou pamplemousse, par exemple.<br \/>\n          Fouet m\u00e9tallique double<br \/>\n          Gr\u00e2ce au double fouet m\u00e9tallique et au bouton automatique 1 pression, les blancs en neige sont l\u00e9gers (jusqu&#8217;\u00e0 600 % de foisonnement) et la cr\u00e8me fouett\u00e9e mousseuse (jusqu&#8217;\u00e0 200 % de foisonnement). Pr\u00e9parer de d\u00e9licieux desserts n&#8217;a jamais \u00e9t\u00e9 aussi facile.<br \/>\n          Accessoires passant au lave-vaisselle<br \/>\n          Tous les accessoires pour robot de cuisine Avance inclus dans le carton passent au lave-vaisselle.<br \/>\n          Bol 3,4 l et blender 1,5 l<br \/>\n          Le bol XL permet de pr\u00e9parer de grands volumes en une fois, par exemple jusqu&#8217;\u00e0 7 portions de soupe, 7 blancs d&#8217;oeuf, 1,7 kg de p\u00e2te. Par ailleurs, le blender 1,5 l pr\u00e9pare facilement jusqu&#8217;\u00e0 5 portions de smoothie \u00e0 la fois.<br \/>\n          Fonction p\u00e9trissage<br \/>\n          Votre robot p\u00e9trit tout seul vos p\u00e2tes gr\u00e2ce \u00e0 son programme d\u00e9di\u00e9.<br \/>\n          Fonction smoothie<br \/>\n          Tous vos smoothies, soupes et cocktails parfaitement r\u00e9ussis gr\u00e2ce au programme automatique de ce robot.<br \/>\n          Crochet de p\u00e9trissage m\u00e9tallique novateur<br \/>\n          Gr\u00e2ce au moteur puissant, ce crochet de p\u00e9trissage m\u00e9tallique novateur forme rapidement une boule de p\u00e2te \u00e0 partir de vos ingr\u00e9dients. Une fois la p\u00e2te form\u00e9e, il la travaille en appliquant le degr\u00e9 de force qui convient pour un pain des plus savoureux.<br \/>\n          Chemin\u00e9e de remplissage extra-large +<br \/>\n          La chemin\u00e9e de remplissage extra-large vous permet d&#8217;introduire des fruits et l\u00e9gumes entiers ; vous n&#8217;avez donc plus besoin de les couper en morceaux au pr\u00e9alable.<br \/>\n          S\u00e9lecteur chrom\u00e9<br \/>\n          Pour des performances optimales, r\u00e9glez le s\u00e9lecteur chrom\u00e9 sur la vitesse indiqu\u00e9e sur l&#8217;accessoire. Le mode Pulse offre encore plus de ma\u00eetrise, pour un mixage ou hachage rapide.<br \/>\n          4 disques en inox<br \/>\n          Ce robot de cuisine est fourni avec un ensemble suppl\u00e9mentaire de 4 disques en inox : 1 disque \u00e0 r\u00e2per r\u00e9versible (fin et \u00e9pais) pour tous les types de l\u00e9gumes, 1 disque \u00e0 granuler pour les pommes de terre ou le fromage, 1 disque \u00e0 julienne pour de fins b\u00e2tonnets de l\u00e9gumes et 1 disque \u00e0 frites pour des b\u00e2tonnets de pommes de terre plus \u00e9pais.<br \/>\n          Disque \u00e0 frites<br \/>\n          Vos frites maison pr\u00eates en quelques minutes gr\u00e2ce au disque frites de votre robot.<br \/>\n          Fonction \u00e9mulsion<br \/>\n          Votre robot bat vos oeufs ou r\u00e9alise vos mayonnaises tout seul gr\u00e2ce au programme d\u00e9di\u00e9.\n          <\/p>\n<\/div>\n<div id=\"technical_details\">\n<table>\n<tr>\n<th>Marque<\/th>\n<td>\u200ePhilips Domestic Appliances<\/td>\n<\/tr>\n<tr>\n<th>Num\u00e9ro de mod\u00e8le<\/th>\n<td>\u200eHR7778\/00<\/td>\n<\/tr>\n<tr>\n<th>Couleur<\/th>\n<td>\u200eArgent\u00e9<\/td>\n<\/tr>\n<tr>\n<th>Dimensions du produit (L x l x h)<\/th>\n<td>\u200e28,9 x 25,4 x 43,6 cm; 8,36 kilogrammes<\/td>\n<\/tr>\n<tr>\n<th>Capacit\u00e9<\/th>\n<td>\u200e3,4 Litres<\/td>\n<\/tr>\n<tr>\n<th>Volume<\/th>\n<td>\u200e1,5 Litres<\/td>\n<\/tr>\n<tr>\n<th>Nombre de vitesses<\/th>\n<td>\u200e12<\/td>\n<\/tr>\n<tr>\n<th>Caract\u00e9ristiques<\/th>\n<td>\u200eTechnologie PowerChop, p\u00e9trissage automatique, broyage de glace, presse-agrumes et presse-agrumes centrifuge<\/td>\n<\/tr>\n<tr>\n<th>Poids de l&#8217;article<\/th>\n<td>\u200e8,36 Kilograms<\/td>\n<\/tr>\n<tr>\n<th>Disponibilit\u00e9 des pi\u00e8ces d\u00e9tach\u00e9es<\/th>\n<td>\u200eInformation indisponible sur les pi\u00e8ces d\u00e9tach\u00e9es<\/td>\n<\/tr>\n<\/table>","protected":false},"excerpt":{"rendered":"<p>Description du produit S\u00e9rie Philips 7000 Robot multifonction est la solution polyvalente pour vos besoins de cuisine. Pour hacher, trancher, d\u00e9chiqueter, p\u00e9trir, fouetter et mixer et r\u00e9aliser toutes vos recettes&hellip;<\/p>","protected":false},"featured_media":41308,"comment_status":"open","ping_status":"closed","template":"","meta":[],"product_brand":[],"product_cat":[15],"product_tag":[],"class_list":{"0":"post-41220","1":"product","2":"type-product","3":"status-publish","4":"has-post-thumbnail","6":"product_cat-uncategorized","8":"first","9":"instock","10":"shipping-taxable","11":"product-type-simple"},"aioseo_notices":[],"_links":{"self":[{"href":"https:\/\/tradafrik.com\/ja\/wp-json\/wp\/v2\/product\/41220","targetHints":{"allow":["GET"]}}],"collection":[{"href":"https:\/\/tradafrik.com\/ja\/wp-json\/wp\/v2\/product"}],"about":[{"href":"https:\/\/tradafrik.com\/ja\/wp-json\/wp\/v2\/types\/product"}],"replies":[{"embeddable":true,"href":"https:\/\/tradafrik.com\/ja\/wp-json\/wp\/v2\/comments?post=41220"}],"wp:featuredmedia":[{"embeddable":true,"href":"https:\/\/tradafrik.com\/ja\/wp-json\/wp\/v2\/media\/41308"}],"wp:attachment":[{"href":"https:\/\/tradafrik.com\/ja\/wp-json\/wp\/v2\/media?parent=41220"}],"wp:term":[{"taxonomy":"product_brand","embeddable":true,"href":"https:\/\/tradafrik.com\/ja\/wp-json\/wp\/v2\/product_brand?post=41220"},{"taxonomy":"product_cat","embeddable":true,"href":"https:\/\/tradafrik.com\/ja\/wp-json\/wp\/v2\/product_cat?post=41220"},{"taxonomy":"product_tag","embeddable":true,"href":"https:\/\/tradafrik.com\/ja\/wp-json\/wp\/v2\/product_tag?post=41220"}],"curies":[{"name":"wp","href":"https:\/\/api.w.org\/{rel}","templated":true}]}}