{"id":41233,"date":"2025-07-26T16:08:15","date_gmt":"2025-07-26T20:08:15","guid":{"rendered":"https:\/\/tradafrik.com\/?post_type=product&#038;p=41233"},"modified":"2025-07-26T16:08:39","modified_gmt":"2025-07-26T20:08:39","slug":"import-placeholder-for-4872","status":"publish","type":"product","link":"https:\/\/tradafrik.com\/ja\/product\/import-placeholder-for-4872\/","title":{"rendered":"Import placeholder for 4872"},"content":{"rendered":"<p>\n       Avec le gaufrier rotatif m\u00e9tal de Krups, r\u00e9alisez deux larges gaufres \u00e9paisses, croustillantes \u00e0 l&#8217;ext\u00e9rieur, moelleuses \u00e0 l&#8217;int\u00e9rieur, et parfaitement form\u00e9es sur les deux faces. Cette machine \u00e0 gaufre poss\u00e8de un syst\u00e8me rotatif professionnel et un thermostat r\u00e9glable qui vous permettront de r\u00e9ussir parfaitement la cuisson de vos pr\u00e9parations. Ses deux larges plaques, profondes et antiadh\u00e9sives, passent au lave vaisselle. Syst\u00e8me de verrouillage du produit en position vertical pour un rangement facile. Plateau de service aimant\u00e9 pour r\u00e9cup\u00e9rer le surplus de p\u00e2te.<\/p>\n<\/div>\n<div id=\"technical_details\">\n<table>\n<tr>\n<th>Marque<\/th>\n<td>\u200eKRUPS<\/td>\n<\/tr>\n<tr>\n<th>Num\u00e9ro de mod\u00e8le<\/th>\n<td>\u200eFDD95D<\/td>\n<\/tr>\n<tr>\n<th>Couleur<\/th>\n<td>\u200eNoir \/ M\u00e9tal<\/td>\n<\/tr>\n<tr>\n<th>Dimensions du produit (L x l x h)<\/th>\n<td>\u200e27,99 x 48,01 x 27 cm; 3,9 kilogrammes<\/td>\n<\/tr>\n<tr>\n<th>Puissance<\/th>\n<td>\u200e1200 Watts<\/td>\n<\/tr>\n<tr>\n<th>\u96fb\u5727<\/th>\n<td>\u200e230<\/td>\n<\/tr>\n<tr>\n<th>Mat\u00e9riau<\/th>\n<td>\u200eAcier inoxydable<\/td>\n<\/tr>\n<tr>\n<th>Fonction arr\u00eat automatique<\/th>\n<td>\u200eNon<\/td>\n<\/tr>\n<tr>\n<th>Niveau sonore<\/th>\n<td>\u200e1 dB<\/td>\n<\/tr>\n<tr>\n<th>Caract\u00e9ristiques<\/th>\n<td>\u200eRev\u00eatement anti-adh\u00e9sif, \u00e9l\u00e9ments amovibles compatibles pour lave-vaisselle, manche r\u00e9sistant \u00e0 la chaleur, 7 r\u00e9glages de temp\u00e9rature<\/td>\n<\/tr>\n<tr>\n<th>Poids de l&#8217;article<\/th>\n<td>\u200e3,9 Kilograms<\/td>\n<\/tr>\n<tr>\n<th>Disponibilit\u00e9 des pi\u00e8ces d\u00e9tach\u00e9es<\/th>\n<td>\u200eInformation indisponible sur les pi\u00e8ces d\u00e9tach\u00e9es<\/td>\n<\/tr>\n<\/table>","protected":false},"excerpt":{"rendered":"<p>Avec le gaufrier rotatif m\u00e9tal de Krups, r\u00e9alisez deux larges gaufres \u00e9paisses, croustillantes \u00e0 l&#8217;ext\u00e9rieur, moelleuses \u00e0 l&#8217;int\u00e9rieur, et parfaitement form\u00e9es sur les deux faces. Cette machine \u00e0 gaufre poss\u00e8de&hellip;<\/p>","protected":false},"featured_media":41405,"comment_status":"open","ping_status":"closed","template":"","meta":[],"product_brand":[],"product_cat":[15],"product_tag":[],"class_list":{"0":"post-41233","1":"product","2":"type-product","3":"status-publish","4":"has-post-thumbnail","6":"product_cat-uncategorized","8":"first","9":"instock","10":"shipping-taxable","11":"product-type-simple"},"aioseo_notices":[],"_links":{"self":[{"href":"https:\/\/tradafrik.com\/ja\/wp-json\/wp\/v2\/product\/41233","targetHints":{"allow":["GET"]}}],"collection":[{"href":"https:\/\/tradafrik.com\/ja\/wp-json\/wp\/v2\/product"}],"about":[{"href":"https:\/\/tradafrik.com\/ja\/wp-json\/wp\/v2\/types\/product"}],"replies":[{"embeddable":true,"href":"https:\/\/tradafrik.com\/ja\/wp-json\/wp\/v2\/comments?post=41233"}],"wp:featuredmedia":[{"embeddable":true,"href":"https:\/\/tradafrik.com\/ja\/wp-json\/wp\/v2\/media\/41405"}],"wp:attachment":[{"href":"https:\/\/tradafrik.com\/ja\/wp-json\/wp\/v2\/media?parent=41233"}],"wp:term":[{"taxonomy":"product_brand","embeddable":true,"href":"https:\/\/tradafrik.com\/ja\/wp-json\/wp\/v2\/product_brand?post=41233"},{"taxonomy":"product_cat","embeddable":true,"href":"https:\/\/tradafrik.com\/ja\/wp-json\/wp\/v2\/product_cat?post=41233"},{"taxonomy":"product_tag","embeddable":true,"href":"https:\/\/tradafrik.com\/ja\/wp-json\/wp\/v2\/product_tag?post=41233"}],"curies":[{"name":"wp","href":"https:\/\/api.w.org\/{rel}","templated":true}]}}