{"id":41397,"date":"2025-07-26T16:08:37","date_gmt":"2025-07-26T20:08:37","guid":{"rendered":"https:\/\/tradafrik.com\/?post_type=product&#038;p=41397"},"modified":"2025-07-26T17:02:56","modified_gmt":"2025-07-26T21:02:56","slug":"import-placeholder-for-5007","status":"publish","type":"product","link":"https:\/\/tradafrik.com\/ja\/product\/import-placeholder-for-5007\/","title":{"rendered":"Import placeholder for 5007"},"content":{"rendered":"<p>\u00c0 propos de cet article 50kPa ROBUSTE &#8211; Dites adieu aux salet\u00e9s les plus tenaces et \u00e9liminez facilement la poussi\u00e8re, les d\u00e9bris et les poils d\u2019animaux avec une puissance impressionnante de 550W 60MIN DURABLE &#8211; Dot\u00e9 de 8 batteries lithium haute densit\u00e9, il assure jusqu\u2019\u00e0 60 minutes de nettoyage ininterrompu, id\u00e9al pour les maisons jusqu\u2019\u00e0 200\u33a1 TECHNOLOGIE GREENEYE &#8211; R\u00e9v\u00e9lez la salet\u00e9 cach\u00e9e sur les sols durs, en n&#8217;\u00e9pargnant aucun coin avec une illumination verte de 350 mm\u00b3 pour une pr\u00e9cision de nettoyage in\u00e9gal\u00e9e FILTRATION \u00c0 6 COUCHES &#8211; Filtres HEPA de qualit\u00e9 H11 filtre les particules microscopiques, favorisant la qualit\u00e9 de l\u2019air et la sant\u00e9 de la famille TUBE PLIABLE ET FLEXIBLE &#8211; Con\u00e7ue pour atteindre facilement sous les meubles. Nettoyez sans effort sous les lits, les canap\u00e9s et dans les coins inaccessibles aux autres ANTI-ENCHEV\u00caTREMENT &#8211; Syst\u00e8me tri-brosse avec structure renforc\u00e9e de peigne pour pr\u00e9venir l&#8217;emm\u00ealement des cheveux, am\u00e9liorant l&#8217;efficacit\u00e9 sur les tapis et la dur\u00e9e de vie SAV SANS SOUCI &#8211; Achetez en toute confiance avec le support Ultenic disponible 24\/7, une garantie de 2 ans sans souci, et des centres de services locaux en Europe pour des retours et r\u00e9parations sans tracas \u203a Voir plus de d\u00e9tails<\/p>\n<table>\n<tr>\n<th>Marque<\/th>\n<td>\u200eUltenic<\/td>\n<\/tr>\n<tr>\n<th>Num\u00e9ro de mod\u00e8le<\/th>\n<td>\u200eU16 Flex<\/td>\n<\/tr>\n<tr>\n<th>Couleur<\/th>\n<td>\u200eRouge<\/td>\n<\/tr>\n<tr>\n<th>Dimensions du produit (L x l x h)<\/th>\n<td>\u200e25 x 23 x 12,4 cm; 2,7 kilogrammes<\/td>\n<\/tr>\n<tr>\n<th>Capacit\u00e9<\/th>\n<td>\u200e1,2 Litres<\/td>\n<\/tr>\n<tr>\n<th>Puissance<\/th>\n<td>\u200e550 Watts<\/td>\n<\/tr>\n<tr>\n<th>Mat\u00e9riau<\/th>\n<td>\u200ePlastique<\/td>\n<\/tr>\n<tr>\n<th>Nombre de vitesses<\/th>\n<td>\u200e3<\/td>\n<\/tr>\n<tr>\n<th>Niveau sonore<\/th>\n<td>\u200e65 dB<\/td>\n<\/tr>\n<tr>\n<th>Autonomie<\/th>\n<td>\u200e1 heure<\/td>\n<\/tr>\n<tr>\n<th>Caract\u00e9ristiques<\/th>\n<td>\u200e50kPa Aspiration, Technologie GreenEye, Filtration \u00e0 Six Couches, Tube Pliable et Flexible, 60Min Autonomie<\/td>\n<\/tr>\n<tr>\n<th>Poids de l&#8217;article<\/th>\n<td>\u200e2,7 Kilograms<\/td>\n<\/tr>\n<tr>\n<th>Disponibilit\u00e9 des pi\u00e8ces d\u00e9tach\u00e9es<\/th>\n<td>\u200e10 Ans<\/td>\n<\/tr>\n<\/table>","protected":false},"excerpt":{"rendered":"<p>\u00c0 propos de cet article 50kPa ROBUSTE &#8211; Dites adieu aux salet\u00e9s les plus tenaces et \u00e9liminez facilement la poussi\u00e8re, les d\u00e9bris et les poils d\u2019animaux avec une puissance impressionnante&hellip;<\/p>","protected":false},"featured_media":41576,"comment_status":"open","ping_status":"closed","template":"","meta":[],"product_brand":[],"product_cat":[341,340],"product_tag":[],"class_list":{"0":"post-41397","1":"product","2":"type-product","3":"status-publish","4":"has-post-thumbnail","6":"product_cat-electronics","7":"product_cat-home-appliance","9":"first","10":"instock","11":"shipping-taxable","12":"product-type-simple"},"aioseo_notices":[],"_links":{"self":[{"href":"https:\/\/tradafrik.com\/ja\/wp-json\/wp\/v2\/product\/41397","targetHints":{"allow":["GET"]}}],"collection":[{"href":"https:\/\/tradafrik.com\/ja\/wp-json\/wp\/v2\/product"}],"about":[{"href":"https:\/\/tradafrik.com\/ja\/wp-json\/wp\/v2\/types\/product"}],"replies":[{"embeddable":true,"href":"https:\/\/tradafrik.com\/ja\/wp-json\/wp\/v2\/comments?post=41397"}],"wp:featuredmedia":[{"embeddable":true,"href":"https:\/\/tradafrik.com\/ja\/wp-json\/wp\/v2\/media\/41576"}],"wp:attachment":[{"href":"https:\/\/tradafrik.com\/ja\/wp-json\/wp\/v2\/media?parent=41397"}],"wp:term":[{"taxonomy":"product_brand","embeddable":true,"href":"https:\/\/tradafrik.com\/ja\/wp-json\/wp\/v2\/product_brand?post=41397"},{"taxonomy":"product_cat","embeddable":true,"href":"https:\/\/tradafrik.com\/ja\/wp-json\/wp\/v2\/product_cat?post=41397"},{"taxonomy":"product_tag","embeddable":true,"href":"https:\/\/tradafrik.com\/ja\/wp-json\/wp\/v2\/product_tag?post=41397"}],"curies":[{"name":"wp","href":"https:\/\/api.w.org\/{rel}","templated":true}]}}