{"id":41523,"date":"2025-07-26T16:09:00","date_gmt":"2025-07-26T20:09:00","guid":{"rendered":"https:\/\/tradafrik.com\/?post_type=product&#038;p=41523"},"modified":"2025-07-26T16:09:25","modified_gmt":"2025-07-26T20:09:25","slug":"import-placeholder-for-5094","status":"publish","type":"product","link":"https:\/\/tradafrik.com\/ja\/product\/import-placeholder-for-5094\/","title":{"rendered":"Import placeholder for 5094"},"content":{"rendered":"<p>\u00c0 propos de cet article Lot de 30 sangles d\u00e9j\u00e0 fournies + kit raviolis et emporte-pi\u00e8ces Avec cette machine \u00e0 p\u00e2tes vous pouvez pr\u00e9parer des lasagnes, des macarons, des spaghettis, des fettuccine et bien plus encore directement chez vous en quelques minutes. Il est facile \u00e0 utiliser car il fait tout en automatique et tr\u00e8s facile \u00e0 nettoyer. La machine \u00e0 p\u00e2tes automatique avec 30 compartiments (disques), pour 30 types de p\u00e2tes fra\u00eeches m\u00eame \u00e0 l&#8217;\u0153uf. Kit pour raviolis plats offerts L&#8217;unique num\u00e9rique et enti\u00e8rement automatique avec une plus grande puissance et un faible bruit \u2013 300 W. Un v\u00e9ritable robot qui cr\u00e9e votre p\u00e2te faite maison 100 % naturelle et avec des ingr\u00e9dients 100 % naturels. Choisissez une vie saine, choisissez le r\u00e9gime m\u00e9diterran\u00e9en, avec cette machine \u00e0 p\u00e2tes, vous pourrez cr\u00e9er vos propres p\u00e2tes&#8230; comme vous le souhaitez. Casquettes, Spaghetti, Spaghetti \u00e0 la guitare, Spaghettoni, Bigoli, Maccherronini, Macchroni\/stylos, Cutolini, Languine, Tagliatelle, Tagliatelle incurv\u00e9e, Lasagne\/Ravioli \u00e9paisseur 0,8 mm, Lasagnes\/Raviolis \u00e9pais 1,1 mm, fusilli (p\u00e2te \u00e0 \u00e9toile), casarecce, rayures, biscuits, grissini, buatini, radiateurs, coquillages. gnocchi sarcelle. De pinces, passatelli, fusilli revidi, tagliatelles larges, cavernicules, h\u00e9lices, carapaces, chanphores \u203a Voir plus de d\u00e9tails<\/p>\n<table>\n<tr>\n<th>Dimensions du produit (L x l x h)<\/th>\n<td>\u200e34 x 20 x 26 cm; 6 kilogrammes<\/td>\n<\/tr>\n<tr>\n<th>Poids<\/th>\n<td>\u200e6 Kilogrammes<\/td>\n<\/tr>\n<tr>\n<th>Compatible lave-vaisselle<\/th>\n<td>\u200eNon<\/td>\n<\/tr>\n<tr>\n<th>Piles requises<\/th>\n<td>\u200eNon<\/td>\n<\/tr>\n<tr>\n<th>Pi\u00e8ces incluses<\/th>\n<td>\u200everre doseur farine, Compartiment de p\u00e2te, Verre doseur d&#8217;eau, 2 h\u00e9lices d&#8217;extrusion, 30 emplacements, pales p\u00e9trisseuses, Corps machine<\/td>\n<\/tr>\n<\/table>","protected":false},"excerpt":{"rendered":"<p>\u00c0 propos de cet article Lot de 30 sangles d\u00e9j\u00e0 fournies + kit raviolis et emporte-pi\u00e8ces Avec cette machine \u00e0 p\u00e2tes vous pouvez pr\u00e9parer des lasagnes, des macarons, des spaghettis,&hellip;<\/p>","protected":false},"featured_media":41652,"comment_status":"open","ping_status":"closed","template":"","meta":[],"product_brand":[],"product_cat":[15],"product_tag":[],"class_list":{"0":"post-41523","1":"product","2":"type-product","3":"status-publish","4":"has-post-thumbnail","6":"product_cat-uncategorized","8":"first","9":"instock","10":"shipping-taxable","11":"product-type-simple"},"aioseo_notices":[],"_links":{"self":[{"href":"https:\/\/tradafrik.com\/ja\/wp-json\/wp\/v2\/product\/41523","targetHints":{"allow":["GET"]}}],"collection":[{"href":"https:\/\/tradafrik.com\/ja\/wp-json\/wp\/v2\/product"}],"about":[{"href":"https:\/\/tradafrik.com\/ja\/wp-json\/wp\/v2\/types\/product"}],"replies":[{"embeddable":true,"href":"https:\/\/tradafrik.com\/ja\/wp-json\/wp\/v2\/comments?post=41523"}],"wp:featuredmedia":[{"embeddable":true,"href":"https:\/\/tradafrik.com\/ja\/wp-json\/wp\/v2\/media\/41652"}],"wp:attachment":[{"href":"https:\/\/tradafrik.com\/ja\/wp-json\/wp\/v2\/media?parent=41523"}],"wp:term":[{"taxonomy":"product_brand","embeddable":true,"href":"https:\/\/tradafrik.com\/ja\/wp-json\/wp\/v2\/product_brand?post=41523"},{"taxonomy":"product_cat","embeddable":true,"href":"https:\/\/tradafrik.com\/ja\/wp-json\/wp\/v2\/product_cat?post=41523"},{"taxonomy":"product_tag","embeddable":true,"href":"https:\/\/tradafrik.com\/ja\/wp-json\/wp\/v2\/product_tag?post=41523"}],"curies":[{"name":"wp","href":"https:\/\/api.w.org\/{rel}","templated":true}]}}