{"id":41214,"date":"2025-07-26T16:08:14","date_gmt":"2025-07-26T20:08:14","guid":{"rendered":"https:\/\/tradafrik.com\/?post_type=product&#038;p=41214"},"modified":"2025-07-26T16:08:17","modified_gmt":"2025-07-26T20:08:17","slug":"import-placeholder-for-4728","status":"publish","type":"product","link":"https:\/\/tradafrik.com\/ru\/product\/import-placeholder-for-4728\/","title":{"rendered":"Import placeholder for 4728"},"content":{"rendered":"<p>\u00c0 propos de cet article \u2705\u3010VITESSE INFINIE LIBREMENT R\u00c9GLABLE\u3011- Mixeur AMZCHEF pour briser les contraintes, NON limit\u00e9 \u00e0 un rapport \u00e0 vitesse fixe, vous pouvez contr\u00f4ler le bouton infiniment variable pour ajuster librement la vitesse, plus les ingr\u00e9dients sont durs, plus la vitesse doit \u00eatre \u00e9lev\u00e9e. Une polyvalence puissante en un seul appareil ! Lorsque le blender professionnel atteint la vitesse maximale de 32 000 tours par minute, il peut facilement broyer des gla\u00e7ons, des fruits congel\u00e9s, des noix, etc. \u2705\u30104 MENUS PR\u00c9R\u00c9GL\u00c9S POUR UNE UTILISATION QUOTIDIENNE FACILE\u3011- Le blender mixeur AMZCHEF avec 4 fonctions pr\u00e9d\u00e9finies fr\u00e9quemment utilis\u00e9es (GLACE PIL\u00c9E, SMOOTHIE, BROYAGE, JUS) pour faire facilement des smoothies, des glaces, des jus et du broyage avec une large gamme d&#8217;ingr\u00e9dients. En outre, le mixeur est dot\u00e9 de la fonction Impulsion qui permet de \u00ab Presser pour travailler, Rel\u00e2cher pour arr\u00eater \u00bb afin de hacher les ingr\u00e9dients en toute flexibilit\u00e9. \u2705\u3010GRANDE CAPACIT\u00c9 POUR PLUS DE PLAISIR\u3011- Avec sa grande capacit\u00e9 de 2 L, le mixer blender peut pr\u00e9parer plusieurs portions \u00e0 la fois, plus adapt\u00e9es \u00e0 un usage familial, ou m\u00eame pr\u00e9parer facilement des desserts ou des boissons pour des f\u00eates d&#8217;une douzaine ou plus, il vous suffit de mettre les ingr\u00e9dients dans le blender multifonctions, une utilisation facile \u00e0 un seul bouton et les d\u00e9licieuses saveurs que vous pr\u00e9parez valent la peine d&#8217;\u00eatre partag\u00e9es. \u2705\u3010LE SECRET DE LA RAPIDIT\u00c9 ET DE L\u2019HOMOG\u00c9N\u00c9IT\u00c9\u3011- Le puissant moteur du blender professionnel entra\u00eene les \u00ab 6 lames pro \u00bb pour qu&#8217;elles tournent \u00e0 grande vitesse, de sorte que les ingr\u00e9dients puissent \u00eatre \u00e9cras\u00e9s rapidement, et chaque c\u00f4t\u00e9 du blender pro, le bol a une conception 4 nervures Flow-Blocking, ce qui augmente la r\u00e9sistance au flux des ingr\u00e9dients, r\u00e9sultant en un m\u00e9lange plus uniforme. \u2705\u3010LONG\u00c9VIT\u00c9 ET EXCELLENT SERVICE\u3011- Le mixeur blender haute performance de 2 000 watts est \u00e9quip\u00e9 d&#8217;un syst\u00e8me de dissipation thermique rapide, qui peut prolonger la dur\u00e9e de vie. Le mixeur est \u00e9galement dot\u00e9 d&#8217;un syst\u00e8me de protection contre la surchauffe qui prot\u00e8ge le moteur en l&#8217;arr\u00eatant automatiquement lorsque vous l&#8217;utilisez de mani\u00e8re continue pendant une longue p\u00e9riode ou lorsque le blender mixeur puissant est surcharg\u00e9. Avec une longue dur\u00e9e de vie et une garantie de 2 ans. \u203a Voir plus de d\u00e9tails<\/p>\n<table>\n<tbody>\n<tr>\n<th>Marque<\/th>\n<td>\u200eAMZCHEF<\/td>\n<\/tr>\n<tr>\n<th>Num\u00e9ro de mod\u00e8le<\/th>\n<td>\u200eWX-Y10<\/td>\n<\/tr>\n<tr>\n<th>Couleur<\/th>\n<td>\u200eNoir<\/td>\n<\/tr>\n<tr>\n<th>Dimensions du produit (L x l x h)<\/th>\n<td>\u200e23,5 x 16,5 x 48,8 cm; 3,8 kilogrammes<\/td>\n<\/tr>\n<tr>\n<th>Capacit\u00e9<\/th>\n<td>\u200e2 Litres<\/td>\n<\/tr>\n<tr>\n<th>\u041d\u0430\u043f\u0440\u044f\u0436\u0435\u043d\u0438\u0435<\/th>\n<td>\u200e2.3E+2 Volts (AC)<\/td>\n<\/tr>\n<tr>\n<th>Fonction arr\u00eat automatique<\/th>\n<td>\u200eNon<\/td>\n<\/tr>\n<tr>\n<th>Niveau sonore<\/th>\n<td>\u200e75 dB<\/td>\n<\/tr>\n<tr>\n<th>Caract\u00e9ristiques<\/th>\n<td>\u200eVitesse r\u00e9glable infinie et 4 menus pr\u00e9r\u00e9gl\u00e9s<\/td>\n<\/tr>\n<tr>\n<th>Poids de l&#8217;article<\/th>\n<td>\u200e3,8 Kilograms<\/td>\n<\/tr>\n<tr>\n<th>Disponibilit\u00e9 des pi\u00e8ces d\u00e9tach\u00e9es<\/th>\n<td>\u200eInformation indisponible sur les pi\u00e8ces d\u00e9tach\u00e9es<\/td>\n<\/tr>\n<\/tbody>\n<\/table>","protected":false},"excerpt":{"rendered":"<p>\u00c0 propos de cet article \u2705\u3010VITESSE INFINIE LIBREMENT R\u00c9GLABLE\u3011- Mixeur AMZCHEF pour briser les contraintes, NON limit\u00e9 \u00e0 un rapport \u00e0 vitesse fixe, vous pouvez contr\u00f4ler le bouton infiniment variable&hellip;<\/p>","protected":false},"featured_media":41250,"comment_status":"open","ping_status":"closed","template":"","meta":[],"product_brand":[],"product_cat":[15],"product_tag":[],"class_list":{"0":"post-41214","1":"product","2":"type-product","3":"status-publish","4":"has-post-thumbnail","6":"product_cat-uncategorized","8":"first","9":"instock","10":"shipping-taxable","11":"product-type-simple"},"aioseo_notices":[],"_links":{"self":[{"href":"https:\/\/tradafrik.com\/ru\/wp-json\/wp\/v2\/product\/41214","targetHints":{"allow":["GET"]}}],"collection":[{"href":"https:\/\/tradafrik.com\/ru\/wp-json\/wp\/v2\/product"}],"about":[{"href":"https:\/\/tradafrik.com\/ru\/wp-json\/wp\/v2\/types\/product"}],"replies":[{"embeddable":true,"href":"https:\/\/tradafrik.com\/ru\/wp-json\/wp\/v2\/comments?post=41214"}],"wp:featuredmedia":[{"embeddable":true,"href":"https:\/\/tradafrik.com\/ru\/wp-json\/wp\/v2\/media\/41250"}],"wp:attachment":[{"href":"https:\/\/tradafrik.com\/ru\/wp-json\/wp\/v2\/media?parent=41214"}],"wp:term":[{"taxonomy":"product_brand","embeddable":true,"href":"https:\/\/tradafrik.com\/ru\/wp-json\/wp\/v2\/product_brand?post=41214"},{"taxonomy":"product_cat","embeddable":true,"href":"https:\/\/tradafrik.com\/ru\/wp-json\/wp\/v2\/product_cat?post=41214"},{"taxonomy":"product_tag","embeddable":true,"href":"https:\/\/tradafrik.com\/ru\/wp-json\/wp\/v2\/product_tag?post=41214"}],"curies":[{"name":"wp","href":"https:\/\/api.w.org\/{rel}","templated":true}]}}