{"id":41226,"date":"2025-07-26T16:08:14","date_gmt":"2025-07-26T20:08:14","guid":{"rendered":"https:\/\/tradafrik.com\/?post_type=product&#038;p=41226"},"modified":"2025-07-26T16:08:31","modified_gmt":"2025-07-26T20:08:31","slug":"import-placeholder-for-4766","status":"publish","type":"product","link":"https:\/\/tradafrik.com\/ru\/product\/import-placeholder-for-4766\/","title":{"rendered":"Import placeholder for 4766"},"content":{"rendered":"<p>\n         Description du produit<br \/>\n         Cette superbe cuisine en bois r\u00e9alisera le r\u00eave de tous les petits pros de la gastronomie En plus du four traditionnel et du micro-ondes elle dispose d&#8217;une table de cuisson magique: lorsque les petits cuistots la mettront en marche ils seront impressionn\u00e9s par ses effets sonores et lumineux Dans la jolie casserole ils pourront concocter de d\u00e9licieux petits plats et laissser libre cours \u00e0 leur imagination Le r\u00e9frig\u00e9rateur est \u00e9galement un magnifique accessoire avec son distributeur de gla\u00e7ons! Une fois le repas termin\u00e9 il ne restera plus qu&#8217;\u00e0 faire la vaisselle! Cette cuisine-jouet et ses nombreux et jolis accessoires contribue \u00e0 entra\u00eener la motricit\u00e9 et la cr\u00e9ativit\u00e9 des petits pros de la cuisine! Cuisine &#8220;Family&#8221; Miele en bois MDF Cette cuisine est en bois certifi\u00e9e FSC elle comporte une table de cuisson \u00e0 effet sonore et \u00e0 double fonction lumineuse un r\u00e9frig\u00e9rateur avec distributeur de gla\u00e7ons un \u00e9vier amovible et des accessoires en m\u00e9tal et en bois: casserole avec couvercle po\u00eale fouet et cuill\u00e8re et spatule &#8211; Certifi\u00e9e FSC &#8211; Dimensions : 835 cm x 30 cm x 101 cm &#8211; Convient \u00e0 des enfants \u00e0 partir de trois ans &#8211; Piles requises : 2 x R6-AA &#8211; Non fournies<br \/>\n         Avertissement De S\u00fbret\u00e9<br \/>\n         ATTENTION ! NE CONVIENT PAS AUX ENFANTS DE MOINS DE TROIS ANS. Contient des \u00e9l\u00e9ments de petite taille et\/ou arrachables pouvant par exemple \u00eatre aval\u00e9s. Danger d\u2018\u00e9touffement. \u00c0 utiliser sous la surveillance rapproch\u00e9e d\u2019un adulte. Adresse et informations \u00e0 conserver.<\/p>\n<\/div>\n<div id=\"technical_details\">\n<table>\n<tr>\n<th>Dimensions du produit (L x l x h)<\/th>\n<td>\u200e83,5 x 30 x 101 cm; 16,3 kilogrammes<\/td>\n<\/tr>\n<tr>\n<th>\u00c2ge recommand\u00e9 par le fabricant<\/th>\n<td>\u200e3 ans et plus<\/td>\n<\/tr>\n<tr>\n<th>Langue :<\/th>\n<td>\u200eEspagnol, Anglais, Allemand, Fran\u00e7ais, Italien<\/td>\n<\/tr>\n<tr>\n<th>R\u00e9f\u00e9rence fabricant<\/th>\n<td>\u200e7194<\/td>\n<\/tr>\n<tr>\n<th>Produit \u00e0 monter soi-m\u00eame<\/th>\n<td>\u200eOui<\/td>\n<\/tr>\n<tr>\n<th>Batterie(s) \/ Pile(s) requise(s)<\/th>\n<td>\u200eOui<\/td>\n<\/tr>\n<tr>\n<th>Piles incluses ?<\/th>\n<td>\u200eNon<\/td>\n<\/tr>\n<tr>\n<th>Mati\u00e8re principale<\/th>\n<td>\u200eBois<\/td>\n<\/tr>\n<tr>\n<th>Couleur<\/th>\n<td>\u200eMulticolore<\/td>\n<\/tr>\n<tr>\n<th>Disponibilit\u00e9 des pi\u00e8ces d\u00e9tach\u00e9es<\/th>\n<td>\u200eInformation indisponible sur les pi\u00e8ces d\u00e9tach\u00e9es<\/td>\n<\/tr>\n<\/table>","protected":false},"excerpt":{"rendered":"<p>Description du produit Cette superbe cuisine en bois r\u00e9alisera le r\u00eave de tous les petits pros de la gastronomie En plus du four traditionnel et du micro-ondes elle dispose d&#8217;une&hellip;<\/p>","protected":false},"featured_media":41348,"comment_status":"open","ping_status":"closed","template":"","meta":[],"product_brand":[],"product_cat":[15],"product_tag":[],"class_list":{"0":"post-41226","1":"product","2":"type-product","3":"status-publish","4":"has-post-thumbnail","6":"product_cat-uncategorized","8":"first","9":"instock","10":"shipping-taxable","11":"product-type-simple"},"aioseo_notices":[],"_links":{"self":[{"href":"https:\/\/tradafrik.com\/ru\/wp-json\/wp\/v2\/product\/41226","targetHints":{"allow":["GET"]}}],"collection":[{"href":"https:\/\/tradafrik.com\/ru\/wp-json\/wp\/v2\/product"}],"about":[{"href":"https:\/\/tradafrik.com\/ru\/wp-json\/wp\/v2\/types\/product"}],"replies":[{"embeddable":true,"href":"https:\/\/tradafrik.com\/ru\/wp-json\/wp\/v2\/comments?post=41226"}],"wp:featuredmedia":[{"embeddable":true,"href":"https:\/\/tradafrik.com\/ru\/wp-json\/wp\/v2\/media\/41348"}],"wp:attachment":[{"href":"https:\/\/tradafrik.com\/ru\/wp-json\/wp\/v2\/media?parent=41226"}],"wp:term":[{"taxonomy":"product_brand","embeddable":true,"href":"https:\/\/tradafrik.com\/ru\/wp-json\/wp\/v2\/product_brand?post=41226"},{"taxonomy":"product_cat","embeddable":true,"href":"https:\/\/tradafrik.com\/ru\/wp-json\/wp\/v2\/product_cat?post=41226"},{"taxonomy":"product_tag","embeddable":true,"href":"https:\/\/tradafrik.com\/ru\/wp-json\/wp\/v2\/product_tag?post=41226"}],"curies":[{"name":"wp","href":"https:\/\/api.w.org\/{rel}","templated":true}]}}