{"id":41228,"date":"2025-07-26T16:08:14","date_gmt":"2025-07-26T20:08:14","guid":{"rendered":"https:\/\/tradafrik.com\/?post_type=product&#038;p=41228"},"modified":"2025-07-26T16:08:33","modified_gmt":"2025-07-26T20:08:33","slug":"import-placeholder-for-4850","status":"publish","type":"product","link":"https:\/\/tradafrik.com\/ru\/product\/import-placeholder-for-4850\/","title":{"rendered":"Import placeholder for 4850"},"content":{"rendered":"<p>\n          Description du produit<br \/>\n          Con\u00e7ue pour plaire aux amateurs de Nespresso et aux fans de design, Citiz est un m\u00e9lange de haute technologie et d\u2019inspiration r\u00e9tro-moderne. Avec une large gamme vous permettant de pr\u00e9parer vos caf\u00e9s favoris, Citiz apporte l\u2019expertise Nespresso de mani\u00e8re ludique et intuitive. 2 longueurs de caf\u00e9 : Lungo (110 ml) et Espresso (40 ml). Choisissez la longueur de votre caf\u00e9 \u00e0 l&#8217;aide des 2 boutons programmables. La machine \u00e0 caf\u00e9 s\u2019\u00e9teint automatiquement apr\u00e8s 9 min d\u2019inutilisation pour \u00e9conomiser l&#8217;\u00e9nergie. Profitez sans plus attendre de cet appareil de qualit\u00e9 design et moderne qui s&#8217;int\u00e9grera harmonieusement dans votre int\u00e9rieur. La cafeti\u00e8re est livr\u00e9e avec des capsules offertes.<br \/>\n          Ingr\u00e9dients<br \/>\n          caf\u00e9 torr\u00e9fi\u00e9 et moulu, ar\u00f4me naturel. Contient des quantit\u00e9s n\u00e9gligeables d&#8217;\u00e9nergie, de mati\u00e8res grasses, de glucides, de prot\u00e9ines et de sel. Conditionn\u00e9 sous atmosph\u00e8re protectrice. Date de production\/A consommer de pr\u00e9f\u00e9rence avant le voir sur le c\u00f4t\u00e9. *80% de l&#8217;aluminium des capsules est d&#8217;origine recycl\u00e9e.<\/p>\n<\/div>\n<div id=\"technical_details\">\n<table>\n<tr>\n<th>Marque<\/th>\n<td>\u200eNespresso<\/td>\n<\/tr>\n<tr>\n<th>Num\u00e9ro de mod\u00e8le<\/th>\n<td>\u200eYY4118FD<\/td>\n<\/tr>\n<tr>\n<th>Couleur<\/th>\n<td>\u200eArgent<\/td>\n<\/tr>\n<tr>\n<th>Dimensions du produit (L x l x h)<\/th>\n<td>\u200e27,8 x 13 x 37,2 cm; 3,31 kilogrammes<\/td>\n<\/tr>\n<tr>\n<th>Volume<\/th>\n<td>\u200e1 Litres<\/td>\n<\/tr>\n<tr>\n<th>\u041d\u0430\u043f\u0440\u044f\u0436\u0435\u043d\u0438\u0435<\/th>\n<td>\u200e240<\/td>\n<\/tr>\n<tr>\n<th>Fonction arr\u00eat automatique<\/th>\n<td>\u200eOui<\/td>\n<\/tr>\n<tr>\n<th>Caract\u00e9ristiques<\/th>\n<td>\u200ePression de la pompe 19 bar, arr\u00eat automatique du caf\u00e9, temps de chauffe rapide<\/td>\n<\/tr>\n<tr>\n<th>Poids de l&#8217;article<\/th>\n<td>\u200e3,31 Kilograms<\/td>\n<\/tr>\n<tr>\n<th>Disponibilit\u00e9 des pi\u00e8ces d\u00e9tach\u00e9es<\/th>\n<td>\u200e15 Ans<\/td>\n<\/tr>\n<\/table>","protected":false},"excerpt":{"rendered":"<p>Description du produit Con\u00e7ue pour plaire aux amateurs de Nespresso et aux fans de design, Citiz est un m\u00e9lange de haute technologie et d\u2019inspiration r\u00e9tro-moderne. Avec une large gamme vous&hellip;<\/p>","protected":false},"featured_media":41270,"comment_status":"open","ping_status":"closed","template":"","meta":[],"product_brand":[],"product_cat":[15],"product_tag":[],"class_list":{"0":"post-41228","1":"product","2":"type-product","3":"status-publish","4":"has-post-thumbnail","6":"product_cat-uncategorized","8":"first","9":"instock","10":"shipping-taxable","11":"product-type-simple"},"aioseo_notices":[],"_links":{"self":[{"href":"https:\/\/tradafrik.com\/ru\/wp-json\/wp\/v2\/product\/41228","targetHints":{"allow":["GET"]}}],"collection":[{"href":"https:\/\/tradafrik.com\/ru\/wp-json\/wp\/v2\/product"}],"about":[{"href":"https:\/\/tradafrik.com\/ru\/wp-json\/wp\/v2\/types\/product"}],"replies":[{"embeddable":true,"href":"https:\/\/tradafrik.com\/ru\/wp-json\/wp\/v2\/comments?post=41228"}],"wp:featuredmedia":[{"embeddable":true,"href":"https:\/\/tradafrik.com\/ru\/wp-json\/wp\/v2\/media\/41270"}],"wp:attachment":[{"href":"https:\/\/tradafrik.com\/ru\/wp-json\/wp\/v2\/media?parent=41228"}],"wp:term":[{"taxonomy":"product_brand","embeddable":true,"href":"https:\/\/tradafrik.com\/ru\/wp-json\/wp\/v2\/product_brand?post=41228"},{"taxonomy":"product_cat","embeddable":true,"href":"https:\/\/tradafrik.com\/ru\/wp-json\/wp\/v2\/product_cat?post=41228"},{"taxonomy":"product_tag","embeddable":true,"href":"https:\/\/tradafrik.com\/ru\/wp-json\/wp\/v2\/product_tag?post=41228"}],"curies":[{"name":"wp","href":"https:\/\/api.w.org\/{rel}","templated":true}]}}