{"id":41231,"date":"2025-07-26T16:08:15","date_gmt":"2025-07-26T20:08:15","guid":{"rendered":"https:\/\/tradafrik.com\/?post_type=product&#038;p=41231"},"modified":"2025-07-26T16:08:36","modified_gmt":"2025-07-26T20:08:36","slug":"import-placeholder-for-4870","status":"publish","type":"product","link":"https:\/\/tradafrik.com\/ru\/product\/import-placeholder-for-4870\/","title":{"rendered":"Import placeholder for 4870"},"content":{"rendered":"<p>       SEVERIN Mini-Four 42 L \u00e0 chaleur tournante avec pierre \u00e0 pizza et tournebroche &#8211; Four compact et multiusage pour votre cuisine<br \/>\n       Vous avez un espace limit\u00e9 mais souhaitez faire vos propres frites, pizzas, gratins ou g\u00e2teaux. D\u00e9couvrez notre mini-four SEVERIN : parfait pour la pr\u00e9paration de toutes sortes de plats au four tout en alliant design et praticit\u00e9. La chaleur tournante de ce four lui permet de chauffer de fa\u00e7on homog\u00e8ne entre 0\u00b0 \u00e0 230\u00b0C. Cet appareil poss\u00e8de un interrupteur avec 4 positions pour l&#8217;utilisation combin\u00e9e ou s\u00e9par\u00e9e des r\u00e9sistances de sole et de vo\u00fbte ou la cuisson au tournebroche. Vous pouvez choisir entre 4 niveaux de hauteur diff\u00e9rents pour mettre la grille. Cela vous permettra une cuisson pr\u00e9cise selon les plats que vous souhaitez pr\u00e9parer. Son design est \u00e9l\u00e9gant \u00e0 l&#8217;int\u00e9rieur comme \u00e0 l&#8217;ext\u00e9rieur : il poss\u00e8de un \u00e9clairage int\u00e9rieur et son corps laqu\u00e9 est r\u00e9sistant \u00e0 la chaleur. Enfin, il poss\u00e8de des pieds en caoutchouc antid\u00e9rapants pratiques et un plat ramasse-miettes amovible qui facilite le nettoyage. Une pierre \u00e0 pizza et un tournebroche sont inclus dans la livraison. Notre four peut \u00eatre facilement nettoy\u00e9 \u00e0 l&#8217;aide d&#8217;un chiffon humide.<br \/>\n       La marque SEVERIN<br \/>\n       Fond\u00e9 en 1892 \u00e0 Sundern en Allemagne, le groupe SEVERIN fabrique des appareils \u00e9lectrom\u00e9nagers intuitifs, innovants et durables. Les produits SEVERIN sont performants par leur conception, leur facilit\u00e9 d&#8217;utilisation et leur dur\u00e9e de vie. Avec un catalogue de plus de 350 appareils m\u00e9nagers, SEVERIN innove pour faciliter votre quotidien.<br \/>\n       Les b\u00e9n\u00e9fices de ce produit : <\/p>\n<p>        Avec pierre \u00e0 pizza d&#8217;un diam\u00e8tre de 29 cm et tournebroche<br \/>\n        Avec grille et plaque de cuisson (Lxl 38,5 x 31,5 cm)<br \/>\n        Puissance : 1 800 W<br \/>\n        Minuteur 120 min avec signal sonore<br \/>\n        4 niveaux de hauteur pour la grille<br \/>\n        Porte battante avec poign\u00e9e pratique<br \/>\n        Cavit\u00e9 42 L avec \u00e9clairage int\u00e9rieur<br \/>\n        Avec plat ramasse-miettes amovible qui facilite le nettoyage<br \/>\n        Corps laqu\u00e9 r\u00e9sistant \u00e0 la chaleur<br \/>\n        Qualit\u00e9 allemande<br \/>\n        Couleur : Noir\/Inox<br \/>\n        Garanti 2 ans<br \/>\n        R\u00e9f\u00e9rence : TO 2058<\/p>\n<\/div>\n<div id=\"technical_details\">\n<table>\n<tr>\n<th>Marque<\/th>\n<td>\u200eSeverin<\/td>\n<\/tr>\n<tr>\n<th>Num\u00e9ro de mod\u00e8le<\/th>\n<td>\u200e4008146004339<\/td>\n<\/tr>\n<tr>\n<th>Couleur<\/th>\n<td>\u200eNoir\/ Argent<\/td>\n<\/tr>\n<tr>\n<th>Dimensions du produit (L x l x h)<\/th>\n<td>\u200e51,5 x 42 x 36,5 cm; 10,4 kilogrammes<\/td>\n<\/tr>\n<tr>\n<th>Volume<\/th>\n<td>\u200e42 Litres<\/td>\n<\/tr>\n<tr>\n<th>\u041d\u0430\u043f\u0440\u044f\u0436\u0435\u043d\u0438\u0435<\/th>\n<td>\u200e230 Volts<\/td>\n<\/tr>\n<tr>\n<th>Fonction arr\u00eat automatique<\/th>\n<td>\u200eNon<\/td>\n<\/tr>\n<tr>\n<th>Classe d&#8217;\u00e9nergie<\/th>\n<td>\u200eA+++ to D<\/td>\n<\/tr>\n<tr>\n<th>Caract\u00e9ristiques<\/th>\n<td>\u200einterior_light<\/td>\n<\/tr>\n<tr>\n<th>Poids de l&#8217;article<\/th>\n<td>\u200e10,4 Kilograms<\/td>\n<\/tr>\n<tr>\n<th>Disponibilit\u00e9 des pi\u00e8ces d\u00e9tach\u00e9es<\/th>\n<td>\u200e2 Ans<\/td>\n<\/tr>\n<\/table>","protected":false},"excerpt":{"rendered":"<p>SEVERIN Mini-Four 42 L \u00e0 chaleur tournante avec pierre \u00e0 pizza et tournebroche &#8211; Four compact et multiusage pour votre cuisine Vous avez un espace limit\u00e9 mais souhaitez faire vos&hellip;<\/p>","protected":false},"featured_media":41371,"comment_status":"open","ping_status":"closed","template":"","meta":[],"product_brand":[],"product_cat":[15],"product_tag":[],"class_list":{"0":"post-41231","1":"product","2":"type-product","3":"status-publish","4":"has-post-thumbnail","6":"product_cat-uncategorized","8":"first","9":"instock","10":"shipping-taxable","11":"product-type-simple"},"aioseo_notices":[],"_links":{"self":[{"href":"https:\/\/tradafrik.com\/ru\/wp-json\/wp\/v2\/product\/41231","targetHints":{"allow":["GET"]}}],"collection":[{"href":"https:\/\/tradafrik.com\/ru\/wp-json\/wp\/v2\/product"}],"about":[{"href":"https:\/\/tradafrik.com\/ru\/wp-json\/wp\/v2\/types\/product"}],"replies":[{"embeddable":true,"href":"https:\/\/tradafrik.com\/ru\/wp-json\/wp\/v2\/comments?post=41231"}],"wp:featuredmedia":[{"embeddable":true,"href":"https:\/\/tradafrik.com\/ru\/wp-json\/wp\/v2\/media\/41371"}],"wp:attachment":[{"href":"https:\/\/tradafrik.com\/ru\/wp-json\/wp\/v2\/media?parent=41231"}],"wp:term":[{"taxonomy":"product_brand","embeddable":true,"href":"https:\/\/tradafrik.com\/ru\/wp-json\/wp\/v2\/product_brand?post=41231"},{"taxonomy":"product_cat","embeddable":true,"href":"https:\/\/tradafrik.com\/ru\/wp-json\/wp\/v2\/product_cat?post=41231"},{"taxonomy":"product_tag","embeddable":true,"href":"https:\/\/tradafrik.com\/ru\/wp-json\/wp\/v2\/product_tag?post=41231"}],"curies":[{"name":"wp","href":"https:\/\/api.w.org\/{rel}","templated":true}]}}