{"id":41234,"date":"2025-07-26T16:08:15","date_gmt":"2025-07-26T20:08:15","guid":{"rendered":"https:\/\/tradafrik.com\/?post_type=product&#038;p=41234"},"modified":"2025-07-26T16:08:40","modified_gmt":"2025-07-26T20:08:40","slug":"import-placeholder-for-4873","status":"publish","type":"product","link":"https:\/\/tradafrik.com\/ru\/product\/import-placeholder-for-4873\/","title":{"rendered":"Import placeholder for 4873"},"content":{"rendered":"<p>\u00c0 propos de cet article La seule machine \u00e0 double extrusion : extrusion verticale ou horizontale pour obtenir des r\u00e9sultats parfaits. \u00c9galement compatible avec des matrices en bronze. Obtenez des p\u00e2tes fra\u00eeches en seulement 12 minutes. Le temps de porter l&#8217;eau \u00e0 \u00e9bullition. Jusqu&#8217;\u00e0 800 g de p\u00e2tes en un seul cycle de fabrication. Vous pouvez \u00e9galement pr\u00e9parer de la p\u00e2te \u00e0 pain, pizza, fougasse, etc. Des p\u00e2tes faites sur mesure et saines : vous pouvez utiliser tous types de farines, \u00e9peautre, soja, sans gluten, etc. Vous avez le contr\u00f4le total sur les mati\u00e8res premi\u00e8res. Utilisez les meilleures farines, les plus digestes et nutritives. Laissez libre cours \u00e0 votre cr\u00e9ativit\u00e9 : impressionnez votre famille et vos convives en r\u00e9alisant des p\u00e2tes faites maison aromatis\u00e9es en utilisant vos ingr\u00e9dients pr\u00e9f\u00e9r\u00e9s. Vous obtiendrez un plat savoureux et beau visuellement. Automatique ou manuel : tr\u00e8s facile \u00e0 utiliser, aussi bien en mode enti\u00e8rement automatique qu&#8217;en mode manuel. Le mode automatique p\u00e8se la farine et sugg\u00e8re la dose de liquide n\u00e9cessaire. 12 matrices incluses pour r\u00e9aliser jusqu&#8217;\u00e0 16 types de p\u00e2tes fra\u00eeches. Des p\u00e2tes parfaites : gr\u00e2ce au bras int\u00e9rieur, les p\u00e2tes sont parfaites et ne collent pas au r\u00e9cipient, ce qui facilite \u00e9galement le nettoyage. Mat\u00e9riaux de qualit\u00e9 sans BPA. Moteur puissant et silencieux de 180 W. Certifi\u00e9e CE. \u203a Voir plus de d\u00e9tails<\/p>\n<table>\n<tr>\n<th>Marque<\/th>\n<td>\u200eCLASSE ITALY<\/td>\n<\/tr>\n<tr>\n<th>Couleur<\/th>\n<td>\u200eBronze<\/td>\n<\/tr>\n<tr>\n<th>Dimensions du produit (L x l x h)<\/th>\n<td>\u200e37 x 18 x 28 cm; 4,1 kilogrammes<\/td>\n<\/tr>\n<tr>\n<th>Mat\u00e9riau<\/th>\n<td>\u200eBronze<\/td>\n<\/tr>\n<tr>\n<th>Poids de l&#8217;article<\/th>\n<td>\u200e4,1 Kilograms<\/td>\n<\/tr>\n<tr>\n<th>Disponibilit\u00e9 des pi\u00e8ces d\u00e9tach\u00e9es<\/th>\n<td>\u200eInformation indisponible sur les pi\u00e8ces d\u00e9tach\u00e9es<\/td>\n<\/tr>\n<\/table>","protected":false},"excerpt":{"rendered":"<p>\u00c0 propos de cet article La seule machine \u00e0 double extrusion : extrusion verticale ou horizontale pour obtenir des r\u00e9sultats parfaits. \u00c9galement compatible avec des matrices en bronze. Obtenez des&hellip;<\/p>","protected":false},"featured_media":41411,"comment_status":"open","ping_status":"closed","template":"","meta":[],"product_brand":[],"product_cat":[15],"product_tag":[],"class_list":{"0":"post-41234","1":"product","2":"type-product","3":"status-publish","4":"has-post-thumbnail","6":"product_cat-uncategorized","8":"first","9":"instock","10":"shipping-taxable","11":"product-type-simple"},"aioseo_notices":[],"_links":{"self":[{"href":"https:\/\/tradafrik.com\/ru\/wp-json\/wp\/v2\/product\/41234","targetHints":{"allow":["GET"]}}],"collection":[{"href":"https:\/\/tradafrik.com\/ru\/wp-json\/wp\/v2\/product"}],"about":[{"href":"https:\/\/tradafrik.com\/ru\/wp-json\/wp\/v2\/types\/product"}],"replies":[{"embeddable":true,"href":"https:\/\/tradafrik.com\/ru\/wp-json\/wp\/v2\/comments?post=41234"}],"wp:featuredmedia":[{"embeddable":true,"href":"https:\/\/tradafrik.com\/ru\/wp-json\/wp\/v2\/media\/41411"}],"wp:attachment":[{"href":"https:\/\/tradafrik.com\/ru\/wp-json\/wp\/v2\/media?parent=41234"}],"wp:term":[{"taxonomy":"product_brand","embeddable":true,"href":"https:\/\/tradafrik.com\/ru\/wp-json\/wp\/v2\/product_brand?post=41234"},{"taxonomy":"product_cat","embeddable":true,"href":"https:\/\/tradafrik.com\/ru\/wp-json\/wp\/v2\/product_cat?post=41234"},{"taxonomy":"product_tag","embeddable":true,"href":"https:\/\/tradafrik.com\/ru\/wp-json\/wp\/v2\/product_tag?post=41234"}],"curies":[{"name":"wp","href":"https:\/\/api.w.org\/{rel}","templated":true}]}}