{"id":41235,"date":"2025-07-26T16:08:15","date_gmt":"2025-07-26T20:08:15","guid":{"rendered":"https:\/\/tradafrik.com\/?post_type=product&#038;p=41235"},"modified":"2025-07-26T16:08:41","modified_gmt":"2025-07-26T20:08:41","slug":"import-placeholder-for-4874","status":"publish","type":"product","link":"https:\/\/tradafrik.com\/ru\/product\/import-placeholder-for-4874\/","title":{"rendered":"Import placeholder for 4874"},"content":{"rendered":"<p>\n          Notice : Le four est livr\u00e9 accompagn\u00e9 de sa notice ainsi que de diff\u00e9rents exemples de courbes de cuissons. Lisez-la attentivement avant toute premi\u00e8re utilisation. Des vid\u00e9os sont \u00e9galement disponibles pour vous familiariser avec l\u2019appareil de r\u00e9gulation. Emballage : Le four est exp\u00e9di\u00e9 dans un emballage sp\u00e9cialement con\u00e7u pour la gamme Blueline. Gardez pr\u00e9cieusement cet emballage en cas de SAV. Garantie : Le four Hobby junior Blueline est garantie 3 ans, hors pi\u00e8ces \u00ab dans le feu \u00bb. Durant cette p\u00e9riode, les d\u00e9fauts de mat\u00e9riel et de fabrication sont remplac\u00e9s gratuitement. La main d\u2019\u0153uvre due au remplacement de ces pi\u00e8ces est \u00e9galement couverte par la garantie. Le mat\u00e9riel doit \u00eatre retourn\u00e9 par l\u2019acheteur dans son emballage d\u2019origine (carton, papier bulle et mousse). Tout mat\u00e9riel re\u00e7u dans un autre emballage que celui d\u2019origine pourra faire l\u2019objet d\u2019un refus de garantie. Les dommages caus\u00e9s lors du transport seront \u00e0 la charge de l\u2019acheteur. Sont exclus de la garantie : -Les d\u00e9t\u00e9riorations caus\u00e9es par une utilisation ou un traitement inappropri\u00e9, tels qu\u2019un mauvais raccordement, \u00e9coulement en provenance des \u00e9l\u00e9ments en cuisson, la combustion et incin\u00e9ration de mati\u00e8res autres que celles mentionn\u00e9es dans le descriptif du four. Si vous souhaitez utiliser le four pour un autre usage que ceux mentionn\u00e9s dans le descriptif produit, veuillez nous contacter afin que nous d\u00e9finissions ensemble d\u2019une garantie appropri\u00e9e. -Les d\u00e9gradations pendant le transport. A r\u00e9ception de votre colis, d\u00e9ballez et v\u00e9rifier l\u2019\u00e9tat du mat\u00e9riel devant le livreur. Si vous constatez une anomalie sur le mat\u00e9riel et\/ou le colis ou que celui-ci est incomplet veuillez refuser le colis et mentionner l\u2019avarie sur le bon de livraison du transporteur. Aucune r\u00e9clamation ult\u00e9rieure ne sera possible aupr\u00e8s de notre entreprise. Les d\u00e9gradations ayant eu lieu durant le transport sont \u00e0 la charge de la soci\u00e9t\u00e9 de transport.La mention \u00absous r\u00e9serve de d\u00e9ballage\u00bb n\u2019a aucune valeur aupr\u00e8s des assurances<\/p>\n<\/div>\n<div id=\"technical_details\">\n<table>\n<tr>\n<th>Marque<\/th>\n<td>\u200eBlueline<\/td>\n<\/tr>\n<tr>\n<th>Couleur<\/th>\n<td>\u200eBlanc<\/td>\n<\/tr>\n<tr>\n<th>Caract\u00e9ristiques<\/th>\n<td>\u200eProgrammateur, Sole en creux, L\u00e9ger et pratique<\/td>\n<\/tr>\n<tr>\n<th>Disponibilit\u00e9 des pi\u00e8ces d\u00e9tach\u00e9es<\/th>\n<td>\u200eInformation indisponible sur les pi\u00e8ces d\u00e9tach\u00e9es<\/td>\n<\/tr>\n<\/table>","protected":false},"excerpt":{"rendered":"<p>Notice : Le four est livr\u00e9 accompagn\u00e9 de sa notice ainsi que de diff\u00e9rents exemples de courbes de cuissons. Lisez-la attentivement avant toute premi\u00e8re utilisation. Des vid\u00e9os sont \u00e9galement disponibles&hellip;<\/p>","protected":false},"featured_media":41417,"comment_status":"open","ping_status":"closed","template":"","meta":[],"product_brand":[],"product_cat":[15],"product_tag":[],"class_list":{"0":"post-41235","1":"product","2":"type-product","3":"status-publish","4":"has-post-thumbnail","6":"product_cat-uncategorized","8":"first","9":"instock","10":"shipping-taxable","11":"product-type-simple"},"aioseo_notices":[],"_links":{"self":[{"href":"https:\/\/tradafrik.com\/ru\/wp-json\/wp\/v2\/product\/41235","targetHints":{"allow":["GET"]}}],"collection":[{"href":"https:\/\/tradafrik.com\/ru\/wp-json\/wp\/v2\/product"}],"about":[{"href":"https:\/\/tradafrik.com\/ru\/wp-json\/wp\/v2\/types\/product"}],"replies":[{"embeddable":true,"href":"https:\/\/tradafrik.com\/ru\/wp-json\/wp\/v2\/comments?post=41235"}],"wp:featuredmedia":[{"embeddable":true,"href":"https:\/\/tradafrik.com\/ru\/wp-json\/wp\/v2\/media\/41417"}],"wp:attachment":[{"href":"https:\/\/tradafrik.com\/ru\/wp-json\/wp\/v2\/media?parent=41235"}],"wp:term":[{"taxonomy":"product_brand","embeddable":true,"href":"https:\/\/tradafrik.com\/ru\/wp-json\/wp\/v2\/product_brand?post=41235"},{"taxonomy":"product_cat","embeddable":true,"href":"https:\/\/tradafrik.com\/ru\/wp-json\/wp\/v2\/product_cat?post=41235"},{"taxonomy":"product_tag","embeddable":true,"href":"https:\/\/tradafrik.com\/ru\/wp-json\/wp\/v2\/product_tag?post=41235"}],"curies":[{"name":"wp","href":"https:\/\/api.w.org\/{rel}","templated":true}]}}