{"id":41236,"date":"2025-07-26T16:08:15","date_gmt":"2025-07-26T20:08:15","guid":{"rendered":"https:\/\/tradafrik.com\/?post_type=product&#038;p=41236"},"modified":"2025-07-26T17:03:28","modified_gmt":"2025-07-26T21:03:28","slug":"import-placeholder-for-4875","status":"publish","type":"product","link":"https:\/\/tradafrik.com\/ru\/product\/import-placeholder-for-4875\/","title":{"rendered":"Import placeholder for 4875"},"content":{"rendered":"<p>\n       Description du produit<\/p>\n<p>       B\u00e9aba &#8211; 912471 &#8211; Babycook Original &#8211; Gris\/Bleu<\/p>\n<p>       Brand Story<\/p>\n<p>        B\u00c9ABA \/ Qui sommes-nous ?<br \/>\n        D\u00e8s sa cr\u00e9ation en 198, B\u00c9ABA a imm\u00e9diatement s\u00e9duit les Parents en qu\u00eate de produits de qualit\u00e9, simples \u00e0 utiliser, r\u00e9ellement innovants, tout en pr\u00e9sentant des lignes contemporaines. Lorsque l\u2019entreprise fran\u00e7aise lance son Babycook, une nouvelle page est tourn\u00e9e dans l\u2019univers de la pu\u00e9riculture.<br \/>\n        B\u00c9ABA s\u2019av\u00e8re expert en concepts novateurs, aux designs toujours in\u00e9dits, aux formes ergonomiques, aux couleurs qui illuminent ou attendrissent.<br \/>\n        A chaque probl\u00e8me sa solution B\u00c9ABA, les Parents en raffolent, ils sont enfin compris.\n       <\/p>\n<\/div>\n<div id=\"technical_details\">\n<table>\n<tr>\n<th>Num\u00e9ro de mod\u00e8le<\/th>\n<td>\u200e912471<\/td>\n<\/tr>\n<tr>\n<th>Dimensions du produit (L x l x h)<\/th>\n<td>\u200e27 x 13,5 x 21 cm; 1,67 kilogrammes<\/td>\n<\/tr>\n<tr>\n<th>Puissance<\/th>\n<td>\u200e400 Watts<\/td>\n<\/tr>\n<tr>\n<th>\u041d\u0430\u043f\u0440\u044f\u0436\u0435\u043d\u0438\u0435<\/th>\n<td>\u200e220 Volts<\/td>\n<\/tr>\n<tr>\n<th>Caract\u00e9ristiques<\/th>\n<td>\u200eContr\u00f4le de la vitesse r\u00e9glable<\/td>\n<\/tr>\n<tr>\n<th>Poids de l&#8217;article<\/th>\n<td>\u200e1,67 Kilograms<\/td>\n<\/tr>\n<tr>\n<th>Disponibilit\u00e9 des pi\u00e8ces d\u00e9tach\u00e9es<\/th>\n<td>\u200eInformation indisponible sur les pi\u00e8ces d\u00e9tach\u00e9es<\/td>\n<\/tr>\n<\/table>","protected":false},"excerpt":{"rendered":"<p>Description du produit B\u00e9aba &#8211; 912471 &#8211; Babycook Original &#8211; Gris\/Bleu Brand Story B\u00c9ABA \/ Qui sommes-nous ? D\u00e8s sa cr\u00e9ation en 198, B\u00c9ABA a imm\u00e9diatement s\u00e9duit les Parents en&hellip;<\/p>","protected":false},"featured_media":41421,"comment_status":"open","ping_status":"closed","template":"","meta":[],"product_brand":[],"product_cat":[341,340],"product_tag":[],"class_list":{"0":"post-41236","1":"product","2":"type-product","3":"status-publish","4":"has-post-thumbnail","6":"product_cat-electronics","7":"product_cat-home-appliance","9":"first","10":"instock","11":"shipping-taxable","12":"product-type-simple"},"aioseo_notices":[],"_links":{"self":[{"href":"https:\/\/tradafrik.com\/ru\/wp-json\/wp\/v2\/product\/41236","targetHints":{"allow":["GET"]}}],"collection":[{"href":"https:\/\/tradafrik.com\/ru\/wp-json\/wp\/v2\/product"}],"about":[{"href":"https:\/\/tradafrik.com\/ru\/wp-json\/wp\/v2\/types\/product"}],"replies":[{"embeddable":true,"href":"https:\/\/tradafrik.com\/ru\/wp-json\/wp\/v2\/comments?post=41236"}],"wp:featuredmedia":[{"embeddable":true,"href":"https:\/\/tradafrik.com\/ru\/wp-json\/wp\/v2\/media\/41421"}],"wp:attachment":[{"href":"https:\/\/tradafrik.com\/ru\/wp-json\/wp\/v2\/media?parent=41236"}],"wp:term":[{"taxonomy":"product_brand","embeddable":true,"href":"https:\/\/tradafrik.com\/ru\/wp-json\/wp\/v2\/product_brand?post=41236"},{"taxonomy":"product_cat","embeddable":true,"href":"https:\/\/tradafrik.com\/ru\/wp-json\/wp\/v2\/product_cat?post=41236"},{"taxonomy":"product_tag","embeddable":true,"href":"https:\/\/tradafrik.com\/ru\/wp-json\/wp\/v2\/product_tag?post=41236"}],"curies":[{"name":"wp","href":"https:\/\/api.w.org\/{rel}","templated":true}]}}