{"id":41240,"date":"2025-07-26T16:08:15","date_gmt":"2025-07-26T20:08:15","guid":{"rendered":"https:\/\/tradafrik.com\/?post_type=product&#038;p=41240"},"modified":"2025-07-26T16:08:45","modified_gmt":"2025-07-26T20:08:45","slug":"import-placeholder-for-4879","status":"publish","type":"product","link":"https:\/\/tradafrik.com\/ru\/product\/import-placeholder-for-4879\/","title":{"rendered":"Import placeholder for 4879"},"content":{"rendered":"<p>\n       Description du produit<br \/>\n       D\u00e9couvrez sans effort l&#8217;essence m\u00eame de l&#8217;espresso gr\u00e2ce \u00e0 la machine \u00e0 caf\u00e9 \u00e0 grain automatique KRUPS Essential. Le format compact pratique de cette machine \u00e0 caf\u00e9 broyeur grain automatique, ses fonctions faciles \u00e0 utiliser, sa technologie perfectionn\u00e9e et son panneau de commandes \u00e0 \u00e9cran LCD hautement intuitif vous apportent le go\u00fbt authentique du caf\u00e9 fra\u00eechement moulu et de l&#8217;espresso, directement dans votre tasse.<br \/>\n       Contenu du coffret<br \/>\n       1 x Espresso Full Auto Compacte avec Ecran Noire<\/p>\n<\/div>\n<div id=\"technical_details\">\n<table>\n<tr>\n<th>Marque<\/th>\n<td>\u200eKRUPS<\/td>\n<\/tr>\n<tr>\n<th>Num\u00e9ro de mod\u00e8le<\/th>\n<td>\u200eYY8135FD<\/td>\n<\/tr>\n<tr>\n<th>Couleur<\/th>\n<td>\u200eNoir<\/td>\n<\/tr>\n<tr>\n<th>Dimensions du produit (L x l x h)<\/th>\n<td>\u200e33 x 35 x 36,5 cm; 3,12 kilogrammes<\/td>\n<\/tr>\n<tr>\n<th>Volume<\/th>\n<td>\u200e1,7 Litres<\/td>\n<\/tr>\n<tr>\n<th>\u041d\u0430\u043f\u0440\u044f\u0436\u0435\u043d\u0438\u0435<\/th>\n<td>\u200e220 Volts<\/td>\n<\/tr>\n<tr>\n<th>Fonction arr\u00eat automatique<\/th>\n<td>\u200eOui<\/td>\n<\/tr>\n<tr>\n<th>Caract\u00e9ristiques<\/th>\n<td>\u200echauffe<\/td>\n<\/tr>\n<tr>\n<th>Poids de l&#8217;article<\/th>\n<td>\u200e3,12 Kilograms<\/td>\n<\/tr>\n<tr>\n<th>Disponibilit\u00e9 des pi\u00e8ces d\u00e9tach\u00e9es<\/th>\n<td>\u200e15 Ans<\/td>\n<\/tr>\n<\/table>","protected":false},"excerpt":{"rendered":"<p>Description du produit D\u00e9couvrez sans effort l&#8217;essence m\u00eame de l&#8217;espresso gr\u00e2ce \u00e0 la machine \u00e0 caf\u00e9 \u00e0 grain automatique KRUPS Essential. Le format compact pratique de cette machine \u00e0 caf\u00e9&hellip;<\/p>","protected":false},"featured_media":41438,"comment_status":"open","ping_status":"closed","template":"","meta":[],"product_brand":[],"product_cat":[15],"product_tag":[],"class_list":{"0":"post-41240","1":"product","2":"type-product","3":"status-publish","4":"has-post-thumbnail","6":"product_cat-uncategorized","8":"first","9":"instock","10":"shipping-taxable","11":"product-type-simple"},"aioseo_notices":[],"_links":{"self":[{"href":"https:\/\/tradafrik.com\/ru\/wp-json\/wp\/v2\/product\/41240","targetHints":{"allow":["GET"]}}],"collection":[{"href":"https:\/\/tradafrik.com\/ru\/wp-json\/wp\/v2\/product"}],"about":[{"href":"https:\/\/tradafrik.com\/ru\/wp-json\/wp\/v2\/types\/product"}],"replies":[{"embeddable":true,"href":"https:\/\/tradafrik.com\/ru\/wp-json\/wp\/v2\/comments?post=41240"}],"wp:featuredmedia":[{"embeddable":true,"href":"https:\/\/tradafrik.com\/ru\/wp-json\/wp\/v2\/media\/41438"}],"wp:attachment":[{"href":"https:\/\/tradafrik.com\/ru\/wp-json\/wp\/v2\/media?parent=41240"}],"wp:term":[{"taxonomy":"product_brand","embeddable":true,"href":"https:\/\/tradafrik.com\/ru\/wp-json\/wp\/v2\/product_brand?post=41240"},{"taxonomy":"product_cat","embeddable":true,"href":"https:\/\/tradafrik.com\/ru\/wp-json\/wp\/v2\/product_cat?post=41240"},{"taxonomy":"product_tag","embeddable":true,"href":"https:\/\/tradafrik.com\/ru\/wp-json\/wp\/v2\/product_tag?post=41240"}],"curies":[{"name":"wp","href":"https:\/\/api.w.org\/{rel}","templated":true}]}}