{"id":41241,"date":"2025-07-26T16:08:15","date_gmt":"2025-07-26T20:08:15","guid":{"rendered":"https:\/\/tradafrik.com\/?post_type=product&#038;p=41241"},"modified":"2025-07-26T16:08:46","modified_gmt":"2025-07-26T20:08:46","slug":"import-placeholder-for-4934","status":"publish","type":"product","link":"https:\/\/tradafrik.com\/ru\/product\/import-placeholder-for-4934\/","title":{"rendered":"Import placeholder for 4934"},"content":{"rendered":"<p>          Optez pour le lave-linge WHIRLPOOL TDLR6240LFR\/N avec la technologie 6\u00e8me Sens pour une adaptation automatique des ressources.<br \/>\n          Caract\u00e9ristiques techniques :<\/p>\n<p>           Capacit\u00e9 : 6 kg<br \/>\n           Vitesse d&#8217;essorage : 1200 tours\/min<br \/>\n           Technologie : 6\u00e8me Sens pour une gestion optimale<br \/>\n           Option FreshCare+ pour garder votre linge frais<br \/>\n           Classe \u00e9nerg\u00e9tique : C<\/p>\n<p>          Avantages :<\/p>\n<p>           Adaptation intelligente des cycles avec 6\u00e8me Sens<br \/>\n           Linge frais plus longtemps gr\u00e2ce \u00e0 FreshCare+<br \/>\n           Efficacit\u00e9 \u00e9nerg\u00e9tique de classe A++<\/p>\n<p>          Garantie et Support :<br \/>\n          Le lave-linge WHIRLPOOL est accompagn\u00e9 d&#8217;une garantie et d&#8217;un service client \u00e0 votre \u00e9coute pour toute assistance.<br \/>\n          Choisir le lave-linge WHIRLPOOL TDLR6240LFR\/N c&#8217;est s&#8217;assurer une lessive adapt\u00e9e, \u00e9conomique et respectueuse de votre linge.\n          <\/p>\n<\/div>\n<div id=\"technical_details\">\n<table>\n<tr>\n<th>Marque<\/th>\n<td>\u200eWhirlpool<\/td>\n<\/tr>\n<tr>\n<th>R\u00e9f\u00e9rence constructeur<\/th>\n<td>\u200eTDLR6240LFR\/N<\/td>\n<\/tr>\n<tr>\n<th>Capacit\u00e9<\/th>\n<td>\u200e42 Litres<\/td>\n<\/tr>\n<tr>\n<th>Vitesse d&#8217;essorage<\/th>\n<td>\u200e1.2E+3 tr\/min<\/td>\n<\/tr>\n<tr>\n<th>Type d&#8217;installation<\/th>\n<td>\u200eAutonome<\/td>\n<\/tr>\n<tr>\n<th>R\u00e9f\u00e9rence<\/th>\n<td>\u200eTDLR6240LFR\/N<\/td>\n<\/tr>\n<tr>\n<th>Particularit\u00e9s<\/th>\n<td>\u200eProgrammateur 6\u00e8me sens<\/td>\n<\/tr>\n<tr>\n<th>Configuration<\/th>\n<td>\u200eBouton<\/td>\n<\/tr>\n<tr>\n<th>Nombre de programmes standards<\/th>\n<td>\u200e13<\/td>\n<\/tr>\n<tr>\n<th>Type de chargement<\/th>\n<td>\u200eCharge sup\u00e9rieure<\/td>\n<\/tr>\n<tr>\n<th>Tension<\/th>\n<td>\u200e2.2E+2 Volts<\/td>\n<\/tr>\n<tr>\n<th>Mat\u00e9riau<\/th>\n<td>\u200eAcier inoxydable<\/td>\n<\/tr>\n<tr>\n<th>Poids<\/th>\n<td>\u200e57 Kilogrammes<\/td>\n<\/tr>\n<tr>\n<th>Disponibilit\u00e9 des pi\u00e8ces d\u00e9tach\u00e9es<\/th>\n<td>\u200eInformation indisponible sur les pi\u00e8ces d\u00e9tach\u00e9es<\/td>\n<\/tr>\n<\/table>","protected":false},"excerpt":{"rendered":"<p>Optez pour le lave-linge WHIRLPOOL TDLR6240LFR\/N avec la technologie 6\u00e8me Sens pour une adaptation automatique des ressources. Caract\u00e9ristiques techniques : Capacit\u00e9 : 6 kg Vitesse d&#8217;essorage : 1200 tours\/min Technologie&hellip;<\/p>","protected":false},"featured_media":41445,"comment_status":"open","ping_status":"closed","template":"","meta":[],"product_brand":[],"product_cat":[15],"product_tag":[],"class_list":{"0":"post-41241","1":"product","2":"type-product","3":"status-publish","4":"has-post-thumbnail","6":"product_cat-uncategorized","8":"first","9":"instock","10":"shipping-taxable","11":"product-type-simple"},"aioseo_notices":[],"_links":{"self":[{"href":"https:\/\/tradafrik.com\/ru\/wp-json\/wp\/v2\/product\/41241","targetHints":{"allow":["GET"]}}],"collection":[{"href":"https:\/\/tradafrik.com\/ru\/wp-json\/wp\/v2\/product"}],"about":[{"href":"https:\/\/tradafrik.com\/ru\/wp-json\/wp\/v2\/types\/product"}],"replies":[{"embeddable":true,"href":"https:\/\/tradafrik.com\/ru\/wp-json\/wp\/v2\/comments?post=41241"}],"wp:featuredmedia":[{"embeddable":true,"href":"https:\/\/tradafrik.com\/ru\/wp-json\/wp\/v2\/media\/41445"}],"wp:attachment":[{"href":"https:\/\/tradafrik.com\/ru\/wp-json\/wp\/v2\/media?parent=41241"}],"wp:term":[{"taxonomy":"product_brand","embeddable":true,"href":"https:\/\/tradafrik.com\/ru\/wp-json\/wp\/v2\/product_brand?post=41241"},{"taxonomy":"product_cat","embeddable":true,"href":"https:\/\/tradafrik.com\/ru\/wp-json\/wp\/v2\/product_cat?post=41241"},{"taxonomy":"product_tag","embeddable":true,"href":"https:\/\/tradafrik.com\/ru\/wp-json\/wp\/v2\/product_tag?post=41241"}],"curies":[{"name":"wp","href":"https:\/\/api.w.org\/{rel}","templated":true}]}}