{"id":41380,"date":"2025-07-26T16:08:37","date_gmt":"2025-07-26T20:08:37","guid":{"rendered":"https:\/\/tradafrik.com\/?post_type=product&#038;p=41380"},"modified":"2025-07-26T16:08:47","modified_gmt":"2025-07-26T20:08:47","slug":"import-placeholder-for-4936","status":"publish","type":"product","link":"https:\/\/tradafrik.com\/ru\/product\/import-placeholder-for-4936\/","title":{"rendered":"Import placeholder for 4936"},"content":{"rendered":"<p>\n       Description du produit<br \/>\n       Machine \u00e0 caf\u00e9 automatique et compacte de De&#8217;Longhi. Appuyez sur une touche et tournez la molette &#8211; c&#8217;est aussi simple que \u00e7a de programmer votre caf\u00e9 pr\u00e9f\u00e9r\u00e9. Avec la buse \u00e0 cappuccino manuelle, vous obtenez une onctueuse mousse de lait, parfaite pour le cappuccino. La machine dispose \u00e9galement d&#8217;un plateau chauffe-tasses. Grand par la puissance, petite par la taille. Tout nouveau moulin \u00e0 meule conique int\u00e9gr\u00e9, tr\u00e8s silencieux, avec 13 degr\u00e9s. Nouveau thermo bloc brevet\u00e9. Duret\u00e9 de l&#8217;eau programmable. Quantit\u00e9 du caf\u00e9 et d&#8217;eau r\u00e9glable. Fonction Mon caf\u00e9. Avec \u00e9conomie d&#8217;\u00e9nergie, programmation de la d\u00e9connexion. Programmes automatiques de rin\u00e7age et d\u00e9tartrage. Groupe de percolation enti\u00e8rement amovible. La machine peut utiliser tant du caf\u00e9 en grains que moulu (d\u00e9caf\u00e9in\u00e9). R\u00e9cipient \u00e0 grains avec protection de l\u2018ar\u00f4me. D\u00e9connexion automatique. Fonction &#8220;stand-by&#8221;. buse sp\u00e9ciale \u00e0 cappuccino. Capacit\u00e9 du r\u00e9servoir \u00e0 grains: 250 gr. Capacit\u00e9 du r\u00e9servoir \u00e0 marc (galettes): 14. Pression de la pompe (bar): 15. Sortie de caf\u00e9 r\u00e9glable en hauteur taille des tasses (min\/ max): 85\/142. Contr\u00f4le de l&#8217;ar\u00f4me: Oui. Arr\u00eat automatique: Oui. Syst\u00e8me cappuccino: Oui. Utilisation de caf\u00e9 moulu: Oui. Repose tasses: Oui. Programmes automatiques de rin\u00e7age et de d\u00e9tartrage: Oui. Fonction \u00e9conomie d&#8217;\u00e9nergie: Oui. Finesse de mouture r\u00e9glable (13 niveaux): Oui. Programmation de la duret\u00e9 de l&#8217;eau: Oui. Vapeur rapide: Oui. R\u00e9colte gouttes amovible avec Indicateur de niveau d&#8217;eau: Oui. Groupe infuseur amovible: Oui. R\u00e9servoir d&#8217;eau amovible: Oui. S\u00e9lection 1 tasse: Oui. S\u00e9lection 2 tasses: Oui. Mode veille: Oui.<br \/>\n       Contenu du coffret<br \/>\n       Machine \u00e0 Caf\u00e9<\/p>\n<\/div>\n<div id=\"technical_details\">\n<table>\n<tr>\n<th>Marque<\/th>\n<td>\u200eDe&#8217;Longhi<\/td>\n<\/tr>\n<tr>\n<th>Num\u00e9ro de mod\u00e8le<\/th>\n<td>\u200eECAM22.110.B<\/td>\n<\/tr>\n<tr>\n<th>Couleur<\/th>\n<td>\u200eNoir<\/td>\n<\/tr>\n<tr>\n<th>Diam\u00e8tre<\/th>\n<td>\u200e100 Centim\u00e8tres<\/td>\n<\/tr>\n<tr>\n<th>Volume<\/th>\n<td>\u200e1,8 Litres<\/td>\n<\/tr>\n<tr>\n<th>\u041d\u0430\u043f\u0440\u044f\u0436\u0435\u043d\u0438\u0435<\/th>\n<td>\u200e120<\/td>\n<\/tr>\n<tr>\n<th>Fonction arr\u00eat automatique<\/th>\n<td>\u200eOui<\/td>\n<\/tr>\n<tr>\n<th>Nombre de vitesses<\/th>\n<td>\u200e13<\/td>\n<\/tr>\n<tr>\n<th>Classe d&#8217;\u00e9nergie<\/th>\n<td>\u200eA<\/td>\n<\/tr>\n<tr>\n<th>Autonomie<\/th>\n<td>\u200e100 minutes<\/td>\n<\/tr>\n<tr>\n<th>Nombre de fentes<\/th>\n<td>1<\/td>\n<\/tr>\n<tr>\n<th>Caract\u00e9ristiques<\/th>\n<td>\u200er\u00e9servoir amovible<\/td>\n<\/tr>\n<tr>\n<th>Poids de l&#8217;article<\/th>\n<td>\u200e9 Kilograms<\/td>\n<\/tr>\n<tr>\n<th>Disponibilit\u00e9 des pi\u00e8ces d\u00e9tach\u00e9es<\/th>\n<td>\u200e10 Ans<\/td>\n<\/tr>\n<\/table>","protected":false},"excerpt":{"rendered":"<p>Description du produit Machine \u00e0 caf\u00e9 automatique et compacte de De&#8217;Longhi. Appuyez sur une touche et tournez la molette &#8211; c&#8217;est aussi simple que \u00e7a de programmer votre caf\u00e9 pr\u00e9f\u00e9r\u00e9.&hellip;<\/p>","protected":false},"featured_media":41449,"comment_status":"open","ping_status":"closed","template":"","meta":[],"product_brand":[],"product_cat":[15],"product_tag":[],"class_list":{"0":"post-41380","1":"product","2":"type-product","3":"status-publish","4":"has-post-thumbnail","6":"product_cat-uncategorized","8":"first","9":"instock","10":"shipping-taxable","11":"product-type-simple"},"aioseo_notices":[],"_links":{"self":[{"href":"https:\/\/tradafrik.com\/ru\/wp-json\/wp\/v2\/product\/41380","targetHints":{"allow":["GET"]}}],"collection":[{"href":"https:\/\/tradafrik.com\/ru\/wp-json\/wp\/v2\/product"}],"about":[{"href":"https:\/\/tradafrik.com\/ru\/wp-json\/wp\/v2\/types\/product"}],"replies":[{"embeddable":true,"href":"https:\/\/tradafrik.com\/ru\/wp-json\/wp\/v2\/comments?post=41380"}],"wp:featuredmedia":[{"embeddable":true,"href":"https:\/\/tradafrik.com\/ru\/wp-json\/wp\/v2\/media\/41449"}],"wp:attachment":[{"href":"https:\/\/tradafrik.com\/ru\/wp-json\/wp\/v2\/media?parent=41380"}],"wp:term":[{"taxonomy":"product_brand","embeddable":true,"href":"https:\/\/tradafrik.com\/ru\/wp-json\/wp\/v2\/product_brand?post=41380"},{"taxonomy":"product_cat","embeddable":true,"href":"https:\/\/tradafrik.com\/ru\/wp-json\/wp\/v2\/product_cat?post=41380"},{"taxonomy":"product_tag","embeddable":true,"href":"https:\/\/tradafrik.com\/ru\/wp-json\/wp\/v2\/product_tag?post=41380"}],"curies":[{"name":"wp","href":"https:\/\/api.w.org\/{rel}","templated":true}]}}