{"id":41381,"date":"2025-07-26T16:08:37","date_gmt":"2025-07-26T20:08:37","guid":{"rendered":"https:\/\/tradafrik.com\/?post_type=product&#038;p=41381"},"modified":"2025-07-26T16:08:48","modified_gmt":"2025-07-26T20:08:48","slug":"import-placeholder-for-4937","status":"publish","type":"product","link":"https:\/\/tradafrik.com\/ru\/product\/import-placeholder-for-4937\/","title":{"rendered":"Import placeholder for 4937"},"content":{"rendered":"<p>\n          Brandt facilite le quotidien des consommateurs fran\u00e7ais depuis des g\u00e9n\u00e9rations. Cr\u00e9\u00e9e il y a plus de 60 ans, la marque met au point des appareils de petit et de gros \u00e9lectrom\u00e9nager innovants et pertinents, d\u00e9di\u00e9s \u00e0 l&#8217;univers de la cuisine, de l&#8217;entretien du linge, du divertissement et du confort thermique. Ce micro-ondes en pose libre grils est con\u00e7u pour s&#8217;int\u00e9grer ais\u00e9ment \u00e0 tous les espaces o\u00f9 l&#8217;on cuisine. Ses dimensions compactes lui permettent d&#8217;\u00eatre install\u00e9 sur la plupart des surfaces sans les encombrer inutilement. Sa porte \u00e0 ouverture lat\u00e9rale autorise une installation en hauteur sans entra\u00eener de g\u00eane \u00e0 l&#8217;utilisation. Technologique, il est muni d&#8217;un autoprogramme qui calcule automatiquement la dur\u00e9e de cuisson en fonction de la nature du poids s\u00e9lectionn\u00e9 et de son poids. Ce micro-ondes intelligent est \u00e9galement parfait pour d\u00e9congeler tous types d&#8217;aliments dans un temps record, gr\u00e2ce \u00e0 sa fonction speed defrost. Facile \u00e0 entretenir, sa cavit\u00e9 en inox r\u00e9pond aux standards de l&#8217;hygi\u00e8ne alimentaire. D&#8217;une capacit\u00e9 de 23 L, elle rend les aliments plus facilement visibles gr\u00e2ce aux propri\u00e9t\u00e9s r\u00e9fl\u00e9chissantes de l&#8217;inox. Caract\u00e9ristiques techniques Couleur de la fa\u00e7ade : Blanc Couleur de la carrosserie : Noire Mat\u00e9riau de la vitre ext\u00e9rieure : Verre Ouverture de la porte : Lat\u00e9rale Syst\u00e8me d&#8217;ouverture de la porte : Poign\u00e9e Type de four : Micro-ondes uniquement Mode d&#8217;installation : Pose libre Volume de la cavit\u00e9 : 23 L Longueur du cordon \u00e9lectrique : 1 m Type de prise \u00e9lectrique : Europ\u00e9enne<\/p>\n<\/div>\n<div id=\"technical_details\">\n<table>\n<tr>\n<th>Marque<\/th>\n<td>\u200eBRANDT<\/td>\n<\/tr>\n<tr>\n<th>Num\u00e9ro de mod\u00e8le<\/th>\n<td>\u200eGE2302W<\/td>\n<\/tr>\n<tr>\n<th>Couleur<\/th>\n<td>\u200eBlanc<\/td>\n<\/tr>\n<tr>\n<th>Dimensions du produit (L x l x h)<\/th>\n<td>\u200e40,8 x 48,5 x 29,25 cm; 14,5 kilogrammes<\/td>\n<\/tr>\n<tr>\n<th>Capacit\u00e9<\/th>\n<td>\u200e23 Litres<\/td>\n<\/tr>\n<tr>\n<th>Volume<\/th>\n<td>\u200e23 Litres<\/td>\n<\/tr>\n<tr>\n<th>Puissance<\/th>\n<td>\u200e800 Watts<\/td>\n<\/tr>\n<tr>\n<th>\u041d\u0430\u043f\u0440\u044f\u0436\u0435\u043d\u0438\u0435<\/th>\n<td>\u200e2.3E+2 Volts<\/td>\n<\/tr>\n<tr>\n<th>Mat\u00e9riau<\/th>\n<td>\u200eFer, Zinc, Verre<\/td>\n<\/tr>\n<tr>\n<th>Caract\u00e9ristiques<\/th>\n<td>\u200eD\u00e9cong\u00e9lation<\/td>\n<\/tr>\n<tr>\n<th>Poids de l&#8217;article<\/th>\n<td>\u200e14,5 Kilograms<\/td>\n<\/tr>\n<tr>\n<th>Disponibilit\u00e9 des pi\u00e8ces d\u00e9tach\u00e9es<\/th>\n<td>\u200eInformation indisponible sur les pi\u00e8ces d\u00e9tach\u00e9es<\/td>\n<\/tr>\n<\/table>","protected":false},"excerpt":{"rendered":"<p>Brandt facilite le quotidien des consommateurs fran\u00e7ais depuis des g\u00e9n\u00e9rations. Cr\u00e9\u00e9e il y a plus de 60 ans, la marque met au point des appareils de petit et de gros&hellip;<\/p>","protected":false},"featured_media":41456,"comment_status":"open","ping_status":"closed","template":"","meta":[],"product_brand":[],"product_cat":[15],"product_tag":[],"class_list":{"0":"post-41381","1":"product","2":"type-product","3":"status-publish","4":"has-post-thumbnail","6":"product_cat-uncategorized","8":"first","9":"instock","10":"shipping-taxable","11":"product-type-simple"},"aioseo_notices":[],"_links":{"self":[{"href":"https:\/\/tradafrik.com\/ru\/wp-json\/wp\/v2\/product\/41381","targetHints":{"allow":["GET"]}}],"collection":[{"href":"https:\/\/tradafrik.com\/ru\/wp-json\/wp\/v2\/product"}],"about":[{"href":"https:\/\/tradafrik.com\/ru\/wp-json\/wp\/v2\/types\/product"}],"replies":[{"embeddable":true,"href":"https:\/\/tradafrik.com\/ru\/wp-json\/wp\/v2\/comments?post=41381"}],"wp:featuredmedia":[{"embeddable":true,"href":"https:\/\/tradafrik.com\/ru\/wp-json\/wp\/v2\/media\/41456"}],"wp:attachment":[{"href":"https:\/\/tradafrik.com\/ru\/wp-json\/wp\/v2\/media?parent=41381"}],"wp:term":[{"taxonomy":"product_brand","embeddable":true,"href":"https:\/\/tradafrik.com\/ru\/wp-json\/wp\/v2\/product_brand?post=41381"},{"taxonomy":"product_cat","embeddable":true,"href":"https:\/\/tradafrik.com\/ru\/wp-json\/wp\/v2\/product_cat?post=41381"},{"taxonomy":"product_tag","embeddable":true,"href":"https:\/\/tradafrik.com\/ru\/wp-json\/wp\/v2\/product_tag?post=41381"}],"curies":[{"name":"wp","href":"https:\/\/api.w.org\/{rel}","templated":true}]}}