{"id":41388,"date":"2025-07-26T16:08:37","date_gmt":"2025-07-26T20:08:37","guid":{"rendered":"https:\/\/tradafrik.com\/?post_type=product&#038;p=41388"},"modified":"2025-07-26T16:08:55","modified_gmt":"2025-07-26T20:08:55","slug":"import-placeholder-for-4998","status":"publish","type":"product","link":"https:\/\/tradafrik.com\/ru\/product\/import-placeholder-for-4998\/","title":{"rendered":"Import placeholder for 4998"},"content":{"rendered":"<p>\n          Composteur \u00e9lectrique de 3 L, bac \u00e0 compost intelligent pour cuisine, 3 modes, affichage LED intelligent, transforme les d\u00e9chets alimentaires en engrais en 4\/6 heures<\/p>\n<\/div>\n<div id=\"technical_details\">\n<table>\n<tr>\n<th>Dimensions du produit (L x l x h)<\/th>\n<td>\u200e22,86 x 22,86 x 25,91 cm; 6,26 kilogrammes<\/td>\n<\/tr>\n<tr>\n<th>R\u00e9f\u00e9rence<\/th>\n<td>\u200eFC-3870301<\/td>\n<\/tr>\n<tr>\n<th>Type de mat\u00e9riau<\/th>\n<td>\u200eM\u00e9tal<\/td>\n<\/tr>\n<tr>\n<th>Capacit\u00e9<\/th>\n<td>\u200e3 Kilogrammes<\/td>\n<\/tr>\n<tr>\n<th>Disponibilit\u00e9 des pi\u00e8ces d\u00e9tach\u00e9es<\/th>\n<td>\u200eInformation indisponible sur les pi\u00e8ces d\u00e9tach\u00e9es<\/td>\n<\/tr>\n<\/table>","protected":false},"excerpt":{"rendered":"<p>Composteur \u00e9lectrique de 3 L, bac \u00e0 compost intelligent pour cuisine, 3 modes, affichage LED intelligent, transforme les d\u00e9chets alimentaires en engrais en 4\/6 heures Dimensions du produit (L x&hellip;<\/p>","protected":false},"featured_media":41498,"comment_status":"open","ping_status":"closed","template":"","meta":[],"product_brand":[],"product_cat":[15],"product_tag":[],"class_list":{"0":"post-41388","1":"product","2":"type-product","3":"status-publish","4":"has-post-thumbnail","6":"product_cat-uncategorized","8":"first","9":"instock","10":"shipping-taxable","11":"product-type-simple"},"aioseo_notices":[],"_links":{"self":[{"href":"https:\/\/tradafrik.com\/ru\/wp-json\/wp\/v2\/product\/41388","targetHints":{"allow":["GET"]}}],"collection":[{"href":"https:\/\/tradafrik.com\/ru\/wp-json\/wp\/v2\/product"}],"about":[{"href":"https:\/\/tradafrik.com\/ru\/wp-json\/wp\/v2\/types\/product"}],"replies":[{"embeddable":true,"href":"https:\/\/tradafrik.com\/ru\/wp-json\/wp\/v2\/comments?post=41388"}],"wp:featuredmedia":[{"embeddable":true,"href":"https:\/\/tradafrik.com\/ru\/wp-json\/wp\/v2\/media\/41498"}],"wp:attachment":[{"href":"https:\/\/tradafrik.com\/ru\/wp-json\/wp\/v2\/media?parent=41388"}],"wp:term":[{"taxonomy":"product_brand","embeddable":true,"href":"https:\/\/tradafrik.com\/ru\/wp-json\/wp\/v2\/product_brand?post=41388"},{"taxonomy":"product_cat","embeddable":true,"href":"https:\/\/tradafrik.com\/ru\/wp-json\/wp\/v2\/product_cat?post=41388"},{"taxonomy":"product_tag","embeddable":true,"href":"https:\/\/tradafrik.com\/ru\/wp-json\/wp\/v2\/product_tag?post=41388"}],"curies":[{"name":"wp","href":"https:\/\/api.w.org\/{rel}","templated":true}]}}