{"id":41391,"date":"2025-07-26T16:08:37","date_gmt":"2025-07-26T20:08:37","guid":{"rendered":"https:\/\/tradafrik.com\/?post_type=product&#038;p=41391"},"modified":"2025-07-26T16:09:01","modified_gmt":"2025-07-26T20:09:01","slug":"import-placeholder-for-5001","status":"publish","type":"product","link":"https:\/\/tradafrik.com\/ru\/product\/import-placeholder-for-5001\/","title":{"rendered":"Import placeholder for 5001"},"content":{"rendered":"<p>\n          Krampouz CREPIERE ELECTRIQUE DIABOLO \u00d833 CEBPF2BO Krampouz la cuisson de pr\u00e9cision, Fabriqu\u00e9 en France depuis 1949, Garantie : 2 an(s) Krampouz.<\/p>\n<\/div>\n<div id=\"technical_details\">\n<table>\n<tr>\n<th>Marque<\/th>\n<td>\u200eKrampouz<\/td>\n<\/tr>\n<tr>\n<th>Num\u00e9ro de mod\u00e8le<\/th>\n<td>\u200eCEBPF2BO<\/td>\n<\/tr>\n<tr>\n<th>Couleur<\/th>\n<td>\u200eNoir<\/td>\n<\/tr>\n<tr>\n<th>Dimensions du produit (L x l x h)<\/th>\n<td>\u200e43 x 38,5 x 14,5 cm; 3 kilogrammes<\/td>\n<\/tr>\n<tr>\n<th>Puissance<\/th>\n<td>\u200e1250 Watts<\/td>\n<\/tr>\n<tr>\n<th>\u041d\u0430\u043f\u0440\u044f\u0436\u0435\u043d\u0438\u0435<\/th>\n<td>\u200e1250<\/td>\n<\/tr>\n<tr>\n<th>Mat\u00e9riau<\/th>\n<td>\u200ePlaque en fonte d&#8217;aluminium\/Thermoplastique<\/td>\n<\/tr>\n<tr>\n<th>Fonction arr\u00eat automatique<\/th>\n<td>\u200eNon<\/td>\n<\/tr>\n<tr>\n<th>Caract\u00e9ristiques<\/th>\n<td>\u200eRev\u00eatement anti-adh\u00e9sif, thermostat r\u00e9glable, t\u00e9moin lumineux marche-arr\u00eat<\/td>\n<\/tr>\n<tr>\n<th>Poids de l&#8217;article<\/th>\n<td>\u200e3 Kilograms<\/td>\n<\/tr>\n<tr>\n<th>Disponibilit\u00e9 des pi\u00e8ces d\u00e9tach\u00e9es<\/th>\n<td>\u200eInformation indisponible sur les pi\u00e8ces d\u00e9tach\u00e9es<\/td>\n<\/tr>\n<\/table>","protected":false},"excerpt":{"rendered":"<p>Krampouz CREPIERE ELECTRIQUE DIABOLO \u00d833 CEBPF2BO Krampouz la cuisson de pr\u00e9cision, Fabriqu\u00e9 en France depuis 1949, Garantie : 2 an(s) Krampouz. Marque \u200eKrampouz Num\u00e9ro de mod\u00e8le \u200eCEBPF2BO Couleur \u200eNoir Dimensions&hellip;<\/p>","protected":false},"featured_media":41532,"comment_status":"open","ping_status":"closed","template":"","meta":[],"product_brand":[],"product_cat":[15],"product_tag":[],"class_list":{"0":"post-41391","1":"product","2":"type-product","3":"status-publish","4":"has-post-thumbnail","6":"product_cat-uncategorized","8":"first","9":"instock","10":"shipping-taxable","11":"product-type-simple"},"aioseo_notices":[],"_links":{"self":[{"href":"https:\/\/tradafrik.com\/ru\/wp-json\/wp\/v2\/product\/41391","targetHints":{"allow":["GET"]}}],"collection":[{"href":"https:\/\/tradafrik.com\/ru\/wp-json\/wp\/v2\/product"}],"about":[{"href":"https:\/\/tradafrik.com\/ru\/wp-json\/wp\/v2\/types\/product"}],"replies":[{"embeddable":true,"href":"https:\/\/tradafrik.com\/ru\/wp-json\/wp\/v2\/comments?post=41391"}],"wp:featuredmedia":[{"embeddable":true,"href":"https:\/\/tradafrik.com\/ru\/wp-json\/wp\/v2\/media\/41532"}],"wp:attachment":[{"href":"https:\/\/tradafrik.com\/ru\/wp-json\/wp\/v2\/media?parent=41391"}],"wp:term":[{"taxonomy":"product_brand","embeddable":true,"href":"https:\/\/tradafrik.com\/ru\/wp-json\/wp\/v2\/product_brand?post=41391"},{"taxonomy":"product_cat","embeddable":true,"href":"https:\/\/tradafrik.com\/ru\/wp-json\/wp\/v2\/product_cat?post=41391"},{"taxonomy":"product_tag","embeddable":true,"href":"https:\/\/tradafrik.com\/ru\/wp-json\/wp\/v2\/product_tag?post=41391"}],"curies":[{"name":"wp","href":"https:\/\/api.w.org\/{rel}","templated":true}]}}