{"id":41394,"date":"2025-07-26T16:08:37","date_gmt":"2025-07-26T20:08:37","guid":{"rendered":"https:\/\/tradafrik.com\/?post_type=product&#038;p=41394"},"modified":"2025-07-26T16:09:07","modified_gmt":"2025-07-26T20:09:07","slug":"import-placeholder-for-5004","status":"publish","type":"product","link":"https:\/\/tradafrik.com\/ru\/product\/import-placeholder-for-5004\/","title":{"rendered":"Import placeholder for 5004"},"content":{"rendered":"<p>\n          Typologie: Induction Type de table: Induction Mode d&#8217;installation: Encastrable Largeur en cm: 60 Type d&#8217;\u00e9nergie: Electricit\u00e9 Nombre de foyers: 3 Mat\u00e9riau de la table: Vitroceramique Emplacement du bandeau: Frontal Autres couleurs disponibles: Inox;Noir Ean code: 3660767208025 Amplitude Avec son grand foyer de 28 cm et 4000W, toutes les cuissons sont disponibles, des mijotages les plus doux aux fritures les plus vives. Commandes d\u00e9di\u00e9es Chaque foyer a 14 positions de cuisson qui permettent un r\u00e9glage tr\u00e8s pr\u00e9cis des temp\u00e9ratures. Il b\u00e9n\u00e9ficie en outre de 3 acc\u00e8s directs dont un Booster . Ces acc\u00e8s programmables (6&#8211;10) permettent un acc\u00e8s plus rapide aux puissances d\u00e9sir\u00e9es. EasyCook cette fonction (badg\u00e9e Eco) permet d&#8217;identifier la zone de cuisson id\u00e9ale en fonction du diam\u00e8tre du r\u00e9cipient. Elle contribue \u00e0 l&#8217;atteinte plus rapide de la temp\u00e9rature de consigne et permet ainsi de faire des \u00e9conomies d&#8217;\u00e9nergie Grilles &amp; Commandes Grilles Commandes Type de commandes: Touches sensitives Type de r\u00e9gulation d&#8217;\u00e9nergie: Electronique Minuterie: Electronique 99mn Syst\u00e8me d&#8217;allumage: Branchements et S\u00e9curit\u00e9s Branchements Electriques Puissance maxi \u00e9lectrique en kW: 7,2 Intensit\u00e9 en A: 32 Tension en V: 220-240 Fr\u00e9quence en Hz: 50\/60 Longueur du cordon en cm: 130 Type de prise \u00e9lectrique: Sans Branchements Gaz S\u00e9curit\u00e9s T\u00e9moin de mise sous tension: 0 clignotant dans afficheur T\u00e9moin de chaleur R\u00e9siduelle: H clignotant dans l&#8217;afficheur Verrouillage centralis\u00e9: Oui Dispositifs de s\u00e9curit\u00e9s: Pack 10 s\u00e9curit\u00e9s D\u00e9tection de r\u00e9cipients: Oui Certificats de conformit\u00e9: CE Dimensions Dimensions du produit emball\u00e9 en mm: 140X600X750 Dimensions d&#8217;encastrement en mm: 560X490 Dimensions hors tout HxLxP au dessus du plan de travail en<\/p>\n<\/div>\n<div id=\"technical_details\">\n<table>\n<tr>\n<th>Marque<\/th>\n<td>\u200eSauter<\/td>\n<\/tr>\n<tr>\n<th>R\u00e9f\u00e9rence<\/th>\n<td>\u200eSPI4360X<\/td>\n<\/tr>\n<tr>\n<th>Dimensions du produit (L x l x h)<\/th>\n<td>\u200e60 x 51 x 5,5 cm; 10,46 kilogrammes<\/td>\n<\/tr>\n<tr>\n<th>Num\u00e9ro du mod\u00e8le de l&#8217;article<\/th>\n<td>\u200eSPI4360X<\/td>\n<\/tr>\n<tr>\n<th>Type d&#8217;installation<\/th>\n<td>\u200eAutonome<\/td>\n<\/tr>\n<tr>\n<th>R\u00e9f\u00e9rence<\/th>\n<td>\u200eSPI4360X<\/td>\n<\/tr>\n<tr>\n<th>Type<\/th>\n<td>\u200eInt\u00e9grable<\/td>\n<\/tr>\n<tr>\n<th>Particularit\u00e9s<\/th>\n<td>\u200eFonction Boost, Type de cuisson : avec plaque \u00e0 induction, Facile \u00e0 nettoyer, Interrupteur marche\/arr\u00eat int\u00e9gr\u00e9, Indicateur de chaleur r\u00e9siduelle<\/td>\n<\/tr>\n<tr>\n<th>Type de foyer<\/th>\n<td>\u200eVerre vitroc\u00e9ramique<\/td>\n<\/tr>\n<tr>\n<th>Type de tiroir<\/th>\n<td>\u200eChauffant<\/td>\n<\/tr>\n<tr>\n<th>Nombre de foyers<\/th>\n<td>\u200e3<\/td>\n<\/tr>\n<tr>\n<th>Couleur<\/th>\n<td>\u200eInox<\/td>\n<\/tr>\n<tr>\n<th>Configuration<\/th>\n<td>\u200eBouton poussoir ou bouton<\/td>\n<\/tr>\n<tr>\n<th>Tension<\/th>\n<td>\u200e2.3E+2 Volts<\/td>\n<\/tr>\n<tr>\n<th>Watt<\/th>\n<td>\u200e4000 Watts<\/td>\n<\/tr>\n<tr>\n<th>Type d&#8217;\u00e9nergie utilis\u00e9e<\/th>\n<td>\u200e\u00c9lectricit\u00e9<\/td>\n<\/tr>\n<tr>\n<th>Mat\u00e9riau<\/th>\n<td>\u200evitroc\u00e9ramique<\/td>\n<\/tr>\n<tr>\n<th>Composants inclus<\/th>\n<td>\u200eAucun<\/td>\n<\/tr>\n<tr>\n<th>Piles incluses ?<\/th>\n<td>\u200eNon<\/td>\n<\/tr>\n<tr>\n<th>Batterie(s) \/ Pile(s) requise(s)<\/th>\n<td>\u200eNon<\/td>\n<\/tr>\n<tr>\n<th>Poids<\/th>\n<td>\u200e10460 Grammes<\/td>\n<\/tr>\n<tr>\n<th>Disponibilit\u00e9 des pi\u00e8ces d\u00e9tach\u00e9es<\/th>\n<td>\u200e20 Ans<\/td>\n<\/tr>\n<\/table>","protected":false},"excerpt":{"rendered":"<p>Typologie: Induction Type de table: Induction Mode d&#8217;installation: Encastrable Largeur en cm: 60 Type d&#8217;\u00e9nergie: Electricit\u00e9 Nombre de foyers: 3 Mat\u00e9riau de la table: Vitroceramique Emplacement du bandeau: Frontal Autres&hellip;<\/p>","protected":false},"featured_media":41558,"comment_status":"open","ping_status":"closed","template":"","meta":[],"product_brand":[],"product_cat":[15],"product_tag":[],"class_list":{"0":"post-41394","1":"product","2":"type-product","3":"status-publish","4":"has-post-thumbnail","6":"product_cat-uncategorized","8":"first","9":"instock","10":"shipping-taxable","11":"product-type-simple"},"aioseo_notices":[],"_links":{"self":[{"href":"https:\/\/tradafrik.com\/ru\/wp-json\/wp\/v2\/product\/41394","targetHints":{"allow":["GET"]}}],"collection":[{"href":"https:\/\/tradafrik.com\/ru\/wp-json\/wp\/v2\/product"}],"about":[{"href":"https:\/\/tradafrik.com\/ru\/wp-json\/wp\/v2\/types\/product"}],"replies":[{"embeddable":true,"href":"https:\/\/tradafrik.com\/ru\/wp-json\/wp\/v2\/comments?post=41394"}],"wp:featuredmedia":[{"embeddable":true,"href":"https:\/\/tradafrik.com\/ru\/wp-json\/wp\/v2\/media\/41558"}],"wp:attachment":[{"href":"https:\/\/tradafrik.com\/ru\/wp-json\/wp\/v2\/media?parent=41394"}],"wp:term":[{"taxonomy":"product_brand","embeddable":true,"href":"https:\/\/tradafrik.com\/ru\/wp-json\/wp\/v2\/product_brand?post=41394"},{"taxonomy":"product_cat","embeddable":true,"href":"https:\/\/tradafrik.com\/ru\/wp-json\/wp\/v2\/product_cat?post=41394"},{"taxonomy":"product_tag","embeddable":true,"href":"https:\/\/tradafrik.com\/ru\/wp-json\/wp\/v2\/product_tag?post=41394"}],"curies":[{"name":"wp","href":"https:\/\/api.w.org\/{rel}","templated":true}]}}