{"id":41396,"date":"2025-07-26T16:08:37","date_gmt":"2025-07-26T20:08:37","guid":{"rendered":"https:\/\/tradafrik.com\/?post_type=product&#038;p=41396"},"modified":"2025-07-26T16:09:09","modified_gmt":"2025-07-26T20:09:09","slug":"import-placeholder-for-5006","status":"publish","type":"product","link":"https:\/\/tradafrik.com\/ru\/product\/import-placeholder-for-5006\/","title":{"rendered":"Import placeholder for 5006"},"content":{"rendered":"<p>\n          Prenez soin de vos v\u00eatements \u00e0 l&#8217;aide du lave-linge EWC1052 d&#8217;Electrolux. Compact, ce produit est parfait les logements ayant une petite surface. Il dispose d&#8217;une capacit\u00e9 de lavage de 3 kg gr\u00e2ce \u00e0 son tambour de 27 litres. De plus, ce puissant \u00e9lectrom\u00e9nager peut atteindre jusqu&#8217;\u00e0 1000 tr\/min lors de son essorage pour lib\u00e9rer un maximum d&#8217;eau et ainsi faciliter le s\u00e9chage du linge. Complet, cet appareil poss\u00e8de plusieurs programmes et options : Eco 40-60, coton 90\u00b0, d\u00e9licats 40\u00b0, programme mix 20\u00b0, laine 40\u00b0, laine froid, Mini 30, pr\u00e9lavage\/repassage facile, nuit silence plus, lavage rapide, d\u00e9part diff\u00e9r\u00e9. En effet, cette derni\u00e8re option est id\u00e9ale pour r\u00e9aliser un d\u00e9marrage automatique de votre lave-linge au meilleur moment et effectuer ainsi des \u00e9conomies sur votre facture d&#8217;\u00e9lectricit\u00e9. Afin de pr\u00e9server votre tranquillit\u00e9, cet lave-linge ne g\u00e9n\u00e8re que 76 dB lors de son utilisation.<\/p>\n<\/div>\n<div id=\"technical_details\">\n<table>\n<tr>\n<th>Marque<\/th>\n<td>\u200eElectrolux<\/td>\n<\/tr>\n<tr>\n<th>Dimensions du produit (L x l x h)<\/th>\n<td>\u200e58 x 54 x 74 cm; 53 kilogrammes<\/td>\n<\/tr>\n<tr>\n<th>R\u00e9f\u00e9rence constructeur<\/th>\n<td>\u200eEWC1052<\/td>\n<\/tr>\n<tr>\n<th>Capacit\u00e9<\/th>\n<td>\u200e3 Kilogrammes<\/td>\n<\/tr>\n<tr>\n<th>Efficacit\u00e9 \u00e9nerg\u00e9tique (10 niveaux)<\/th>\n<td>\u200eD<\/td>\n<\/tr>\n<tr>\n<th>Capacit\u00e9<\/th>\n<td>\u200e27 Litres<\/td>\n<\/tr>\n<tr>\n<th>Vitesse d&#8217;essorage<\/th>\n<td>\u200e1000 tr\/min<\/td>\n<\/tr>\n<tr>\n<th>Niveau sonore<\/th>\n<td>\u200e76 dB<\/td>\n<\/tr>\n<tr>\n<th>Capacit\u00e9 de lavage<\/th>\n<td>\u200e3 Kilogrammes<\/td>\n<\/tr>\n<tr>\n<th>Type d&#8217;installation<\/th>\n<td>\u200eAutonome<\/td>\n<\/tr>\n<tr>\n<th>R\u00e9f\u00e9rence<\/th>\n<td>\u200eEWC1052<\/td>\n<\/tr>\n<tr>\n<th>Particularit\u00e9s<\/th>\n<td>\u200eCompact design and high essorage speed<\/td>\n<\/tr>\n<tr>\n<th>Couleur<\/th>\n<td>\u200eBlanc<\/td>\n<\/tr>\n<tr>\n<th>Configuration<\/th>\n<td>\u200eBouton<\/td>\n<\/tr>\n<tr>\n<th>Nombre de programmes standards<\/th>\n<td>\u200e11<\/td>\n<\/tr>\n<tr>\n<th>Type de chargement<\/th>\n<td>\u200eFrontal<\/td>\n<\/tr>\n<tr>\n<th>Tension<\/th>\n<td>\u200e2.3E+2 Volts<\/td>\n<\/tr>\n<tr>\n<th>Mat\u00e9riau<\/th>\n<td>\u200eAcier inoxydable<\/td>\n<\/tr>\n<tr>\n<th>Batterie(s) \/ Pile(s) requise(s)<\/th>\n<td>\u200eNon<\/td>\n<\/tr>\n<tr>\n<th>Garantie commerciale constructeur<\/th>\n<td>\u200e2 ans<\/td>\n<\/tr>\n<tr>\n<th>Disponibilit\u00e9 des pi\u00e8ces d\u00e9tach\u00e9es<\/th>\n<td>\u200eInformation indisponible sur les pi\u00e8ces d\u00e9tach\u00e9es<\/td>\n<\/tr>\n<\/table>","protected":false},"excerpt":{"rendered":"<p>Prenez soin de vos v\u00eatements \u00e0 l&#8217;aide du lave-linge EWC1052 d&#8217;Electrolux. Compact, ce produit est parfait les logements ayant une petite surface. Il dispose d&#8217;une capacit\u00e9 de lavage de 3&hellip;<\/p>","protected":false},"featured_media":41574,"comment_status":"open","ping_status":"closed","template":"","meta":[],"product_brand":[],"product_cat":[15],"product_tag":[],"class_list":{"0":"post-41396","1":"product","2":"type-product","3":"status-publish","4":"has-post-thumbnail","6":"product_cat-uncategorized","8":"first","9":"instock","10":"shipping-taxable","11":"product-type-simple"},"aioseo_notices":[],"_links":{"self":[{"href":"https:\/\/tradafrik.com\/ru\/wp-json\/wp\/v2\/product\/41396","targetHints":{"allow":["GET"]}}],"collection":[{"href":"https:\/\/tradafrik.com\/ru\/wp-json\/wp\/v2\/product"}],"about":[{"href":"https:\/\/tradafrik.com\/ru\/wp-json\/wp\/v2\/types\/product"}],"replies":[{"embeddable":true,"href":"https:\/\/tradafrik.com\/ru\/wp-json\/wp\/v2\/comments?post=41396"}],"wp:featuredmedia":[{"embeddable":true,"href":"https:\/\/tradafrik.com\/ru\/wp-json\/wp\/v2\/media\/41574"}],"wp:attachment":[{"href":"https:\/\/tradafrik.com\/ru\/wp-json\/wp\/v2\/media?parent=41396"}],"wp:term":[{"taxonomy":"product_brand","embeddable":true,"href":"https:\/\/tradafrik.com\/ru\/wp-json\/wp\/v2\/product_brand?post=41396"},{"taxonomy":"product_cat","embeddable":true,"href":"https:\/\/tradafrik.com\/ru\/wp-json\/wp\/v2\/product_cat?post=41396"},{"taxonomy":"product_tag","embeddable":true,"href":"https:\/\/tradafrik.com\/ru\/wp-json\/wp\/v2\/product_tag?post=41396"}],"curies":[{"name":"wp","href":"https:\/\/api.w.org\/{rel}","templated":true}]}}